{"id":11441,"date":"2020-08-14T14:04:01","date_gmt":"2020-08-14T11:04:01","guid":{"rendered":"https:\/\/hookahshop.lt\/?post_type=product&#038;p=11441"},"modified":"2026-04-15T12:29:18","modified_gmt":"2026-04-15T09:29:18","slug":"taurele-kaljanui-oblako-killer-black-cosmos","status":"publish","type":"product","link":"https:\/\/hookahshop.lt\/pl\/produkt\/kubek-szisza-chmura-zabojca-czarny-kosmos\/","title":{"rendered":"Kubek do fajki wodnej OBLAKO Killer Black Cosmos"},"content":{"rendered":"<h2>Kubek do fajki wodnej OBLAKO Killer Black Cosmos<\/h2>\n<p>To klasyczna glazurowana fili\u017canka, odpowiednia do wszystkich rodzaj\u00f3w tytoniu, zapewniaj\u0105ca minimaln\u0105 kontrol\u0119 ciep\u0142a!<\/p>\n<p>Funkcjonalna (g\u00f3rna) cz\u0119\u015b\u0107 \u201eCzarnego kosmosu\u201d (blat szkliwiony) pokryta jest szkliwem, dzi\u0119ki czemu fili\u017canka przez d\u0142ugi czas zachowuje swoje pierwotne w\u0142a\u015bciwo\u015bci i wygl\u0105d. Firma wykorzystuje wy\u0142\u0105cznie nieszkodliwe dla cz\u0142owieka szkliwo spo\u017cywcze, opracowane przez partner\u00f3w w wyspecjalizowanych laboratoriach zlokalizowanych na terenie wsi G\u017celskoje, jednego z tradycyjnych o\u015brodk\u00f3w rosyjskiej produkcji ceramiki.<\/p>\n<p>Konsumpcja tytoniu wynosi 23-28 gram\u00f3w.<\/p>\n<p>Czy masz jakie\u015b pytania? Skontaktuj si\u0119 z nami <a href=\"https:\/\/hookahshop.lt\/pl\/lacznosc\/\">strona z kontaktami<\/a> lub napisz do nas na adres <a href=\"https:\/\/facebook.com\/HookahShop.lt\/\" target=\"_blank\" rel=\"noopener noreferrer\">konto na Facebooku<\/a> a my odpowiemy na Twoj\u0105 pro\u015bb\u0119 tego samego dnia.<\/p>","protected":false},"excerpt":{"rendered":"<p>Kubek do fajki wodnej OBLAKO Killer Black Cosmos Jest to klasyczny kubek przeszklony, odpowiedni do wszystkich rodzaj\u00f3w tytoniu, minimalna kontrola ciep\u0142a! Funkcjonalna (g\u00f3rna) cz\u0119\u015b\u0107 \u201eCzarnego kosmosu\u201d (blat szkliwiony) pokryta jest szkliwem, dzi\u0119ki czemu fili\u017canka przez d\u0142ugi czas zachowuje swoje pierwotne w\u0142a\u015bciwo\u015bci i wygl\u0105d. Firma wykorzystuje wy\u0142\u0105cznie bezpieczne dla cz\u0142owieka jadalne szkliwa opracowane przez partner\u00f3w w wyspecjalizowanych laboratoriach zlokalizowanych w jednym z tradycyjnych [\u2026]<\/p>","protected":false},"featured_media":11472,"comment_status":"open","ping_status":"closed","template":"","meta":[],"_links":{"self":[{"href":"https:\/\/hookahshop.lt\/pl\/wp-json\/wp\/v2\/product\/11441"}],"collection":[{"href":"https:\/\/hookahshop.lt\/pl\/wp-json\/wp\/v2\/product"}],"about":[{"href":"https:\/\/hookahshop.lt\/pl\/wp-json\/wp\/v2\/types\/product"}],"replies":[{"embeddable":true,"href":"https:\/\/hookahshop.lt\/pl\/wp-json\/wp\/v2\/comments?post=11441"}],"version-history":[{"count":5,"href":"https:\/\/hookahshop.lt\/pl\/wp-json\/wp\/v2\/product\/11441\/revisions"}],"predecessor-version":[{"id":37697,"href":"https:\/\/hookahshop.lt\/pl\/wp-json\/wp\/v2\/product\/11441\/revisions\/37697"}],"wp:featuredmedia":[{"embeddable":true,"href":"https:\/\/hookahshop.lt\/pl\/wp-json\/wp\/v2\/media\/11472"}],"wp:attachment":[{"href":"https:\/\/hookahshop.lt\/pl\/wp-json\/wp\/v2\/media?parent=11441"}],"curies":[{"name":"wp","href":"https:\/\/api.w.org\/{rel}","templated":true}]}}