{"id":11467,"date":"2020-08-14T16:53:17","date_gmt":"2020-08-14T13:53:17","guid":{"rendered":"https:\/\/hookahshop.lt\/?post_type=product&#038;p=11467"},"modified":"2026-05-14T23:29:28","modified_gmt":"2026-05-14T20:29:28","slug":"taurele-kaljanui-smokelab-phunnel-new","status":"publish","type":"product","link":"https:\/\/hookahshop.lt\/pl\/produkt\/filizanka-szisza-dymna-lejek-nowosc\/","title":{"rendered":"Kubek do fajki wodnej SMOKELAB Phunnel Nowy"},"content":{"rendered":"<h2>Kubek do fajki wodnej SMOKELAB Phunnel Nowy<\/h2>\n<p>To jest wariacja firmy Smokelab na temat motywu Old School Phunnels, przedstawiaj\u0105cego ukochany wz\u00f3r ksi\u0119\u017cyca z obr\u00f3bk\u0105 ciepln\u0105 mleka. Cienkie \u015bcianki pozwalaj\u0105 na \u0142atw\u0105 regulacj\u0119 temperatury, aby zmaksymalizowa\u0107 si\u0142\u0119 i lekko\u015b\u0107 tytoniu.<\/p>\n<p>Miska Phunnel New jest \u015bredniej wielko\u015bci do lekkich wci\u0119\u0107 i nieco wi\u0119ksza do mocnych tytoni odpornych na ciep\u0142o. Nadaje si\u0119 r\u00f3wnie\u017c do tytoniu cygarowego.<\/p>\n<p>Idealna do palenia zar\u00f3wno w komorze grzewczej jak i folii. Obj\u0119to\u015b\u0107 tytoniu wynosi 12-24 gram\u00f3w.<\/p>\n<p>Specyfikacje:<br \/>\nWysoko\u015b\u0107: 113mm<br \/>\n\u015arednica (zewn\u0119trzna): 80 mm<br \/>\n\u015arednica (wewn\u0119trzna): 71 mm<br \/>\nG\u0142\u0119boko\u015b\u0107: 18 mm<br \/>\n\u015arednica otworu: 12mm<br \/>\nLiczba otwor\u00f3w: 1<br \/>\nWaga: oko\u0142o 134 gram\u00f3w<\/p>\n<p>Czy masz jakie\u015b pytania? Skontaktuj si\u0119 z nami <a href=\"https:\/\/hookahshop.lt\/pl\/lacznosc\/\">strona z kontaktami<\/a> lub napisz do nas na adres <a href=\"https:\/\/facebook.com\/HookahShop.lt\/\" target=\"_blank\" rel=\"noopener noreferrer\">konto na Facebooku<\/a> a my odpowiemy na Twoj\u0105 pro\u015bb\u0119 tego samego dnia.<\/p>","protected":false},"excerpt":{"rendered":"<p>Fili\u017canka do fajki wodnej SMOKELAB Phunnel Nowo\u015b\u0107 Jest to wariacja firmy Smokelab nawi\u0105zuj\u0105ca do motywu Old School Phunnels, przedstawiaj\u0105cego ukochany wz\u00f3r ksi\u0119\u017cyca z obr\u00f3bk\u0105 podgrzewania mleka. Cienkie \u015bcianki pozwalaj\u0105 na \u0142atw\u0105 regulacj\u0119 temperatury, aby zmaksymalizowa\u0107 wytrzyma\u0142o\u015b\u0107 i lekko\u015b\u0107 tytoniu. Miska Phunnel New jest \u015bredniej wielko\u015bci do lekkich wci\u0119\u0107 i nieco wi\u0119ksza do mocnych tytoni odpornych na ciep\u0142o. Nadaje si\u0119 r\u00f3wnie\u017c do cygar [\u2026]<\/p>","protected":false},"featured_media":11469,"comment_status":"open","ping_status":"closed","template":"","meta":[],"_links":{"self":[{"href":"https:\/\/hookahshop.lt\/pl\/wp-json\/wp\/v2\/product\/11467"}],"collection":[{"href":"https:\/\/hookahshop.lt\/pl\/wp-json\/wp\/v2\/product"}],"about":[{"href":"https:\/\/hookahshop.lt\/pl\/wp-json\/wp\/v2\/types\/product"}],"replies":[{"embeddable":true,"href":"https:\/\/hookahshop.lt\/pl\/wp-json\/wp\/v2\/comments?post=11467"}],"version-history":[{"count":3,"href":"https:\/\/hookahshop.lt\/pl\/wp-json\/wp\/v2\/product\/11467\/revisions"}],"predecessor-version":[{"id":37835,"href":"https:\/\/hookahshop.lt\/pl\/wp-json\/wp\/v2\/product\/11467\/revisions\/37835"}],"wp:featuredmedia":[{"embeddable":true,"href":"https:\/\/hookahshop.lt\/pl\/wp-json\/wp\/v2\/media\/11469"}],"wp:attachment":[{"href":"https:\/\/hookahshop.lt\/pl\/wp-json\/wp\/v2\/media?parent=11467"}],"curies":[{"name":"wp","href":"https:\/\/api.w.org\/{rel}","templated":true}]}}