{"id":11513,"date":"2020-08-17T22:10:06","date_gmt":"2020-08-17T19:10:06","guid":{"rendered":"https:\/\/hookahshop.lt\/?post_type=product&#038;p=11513"},"modified":"2026-04-14T23:28:56","modified_gmt":"2026-04-14T20:28:56","slug":"kaljanas-oduman-shisha-n2-travel","status":"publish","type":"product","link":"https:\/\/hookahshop.lt\/pl\/produkt\/szisza-oduman-szisza-n2-podroze\/","title":{"rendered":"Szisza ODUMAN N2 Travel"},"content":{"rendered":"<h2>Szisza ODUMAN Shisha N2 Travel<\/h2>\n<p>To fajka wodna, kt\u00f3r\u0105 mo\u017cesz zabra\u0107 ze sob\u0105 wsz\u0119dzie i pali\u0107 w komfortowych warunkach.<\/p>\n<ul>\n<li>Torba jest wodoodporna.<\/li>\n<li>Szk\u0142o pierwszej klasy, r\u0119cznie robione.<\/li>\n<li>Wszystkie cz\u0119\u015bci wykonane s\u0105 ze stali nierdzewnej.<\/li>\n<li>Ustnik wykonany jest z aluminium.<\/li>\n<\/ul>\n<p>Ekwipunek:<\/p>\n<ul>\n<li>Nargile<\/li>\n<li>W\u0105\u017c silikonowy<\/li>\n<li>Aluminiowy ustnik<\/li>\n<\/ul>\n<p><img decoding=\"async\" loading=\"lazy\" class=\"alignnone size-medium wp-image-38520\" src=\"https:\/\/hookahshop.lt\/wp-content\/uploads\/2020\/09\/stiebas-kolba-zarna-kandiklis-1-300x273.jpg\" alt=\"- hookahshop.lt\" width=\"300\" height=\"273\" srcset=\"https:\/\/hookahshop.lt\/wp-content\/uploads\/2020\/09\/stiebas-kolba-zarna-kandiklis-1-300x273.jpg 300w, https:\/\/hookahshop.lt\/wp-content\/uploads\/2020\/09\/stiebas-kolba-zarna-kandiklis-1-13x12.jpg 13w, https:\/\/hookahshop.lt\/wp-content\/uploads\/2020\/09\/stiebas-kolba-zarna-kandiklis-1-64x58.jpg 64w, https:\/\/hookahshop.lt\/wp-content\/uploads\/2020\/09\/stiebas-kolba-zarna-kandiklis-1.jpg 420w\" sizes=\"(max-width: 300px) 100vw, 300px\" title=\"\"><\/p>\n<p>Czy masz jakie\u015b pytania? Skontaktuj si\u0119 z nami <a href=\"https:\/\/hookahshop.lt\/pl\/lacznosc\/\">strona z kontaktami<\/a> lub napisz do nas na adres <a href=\"https:\/\/facebook.com\/HookahShop.lt\/\" target=\"_blank\" rel=\"noopener noreferrer\">konto na Facebooku<\/a> a my odpowiemy na Twoj\u0105 pro\u015bb\u0119 tego samego dnia.<\/p>","protected":false},"excerpt":{"rendered":"<p>Szisza ODUMAN Shisha N2 Travel To fajka wodna, kt\u00f3r\u0105 mo\u017cesz zabra\u0107 ze sob\u0105 wsz\u0119dzie i pali\u0107 w komfortowych warunkach. Torba jest wodoodporna. Szk\u0142o pierwsza klasa, r\u0119cznie robione. Wszystkie cz\u0119\u015bci wykonane s\u0105 ze stali nierdzewnej. Ustnik wykonany jest z aluminium. Kompletny zestaw: Fajka wodna W\u0105\u017c silikonowy Ustnik aluminiowy Masz pytania? Skontaktuj si\u0119 z nami na stronie kontaktowej lub napisz do nas na Facebooku [\u2026]<\/p>","protected":false},"featured_media":11514,"comment_status":"open","ping_status":"closed","template":"","meta":[],"_links":{"self":[{"href":"https:\/\/hookahshop.lt\/pl\/wp-json\/wp\/v2\/product\/11513"}],"collection":[{"href":"https:\/\/hookahshop.lt\/pl\/wp-json\/wp\/v2\/product"}],"about":[{"href":"https:\/\/hookahshop.lt\/pl\/wp-json\/wp\/v2\/types\/product"}],"replies":[{"embeddable":true,"href":"https:\/\/hookahshop.lt\/pl\/wp-json\/wp\/v2\/comments?post=11513"}],"version-history":[{"count":7,"href":"https:\/\/hookahshop.lt\/pl\/wp-json\/wp\/v2\/product\/11513\/revisions"}],"predecessor-version":[{"id":33119,"href":"https:\/\/hookahshop.lt\/pl\/wp-json\/wp\/v2\/product\/11513\/revisions\/33119"}],"wp:featuredmedia":[{"embeddable":true,"href":"https:\/\/hookahshop.lt\/pl\/wp-json\/wp\/v2\/media\/11514"}],"wp:attachment":[{"href":"https:\/\/hookahshop.lt\/pl\/wp-json\/wp\/v2\/media?parent=11513"}],"curies":[{"name":"wp","href":"https:\/\/api.w.org\/{rel}","templated":true}]}}