{"id":11534,"date":"2020-08-24T12:04:07","date_gmt":"2020-08-24T09:04:07","guid":{"rendered":"https:\/\/hookahshop.lt\/?post_type=product&#038;p=11534"},"modified":"2026-04-17T23:29:09","modified_gmt":"2026-04-17T20:29:09","slug":"anglys-kaljanui-one-nation-26mm-1kg-be-dezutes","status":"publish","type":"product","link":"https:\/\/hookahshop.lt\/pl\/produkt\/wegiel-drzewny-do-fajki-wodnej-jednego-narodu-26mm-1kg-bez-desusets\/","title":{"rendered":"W\u0119giel do fajki wodnej ONE NATION 26mm 1kg Bez pude\u0142ka"},"content":{"rendered":"<h2>W\u0119giel do fajki wodnej ONE NATION 26mm 1kg Bez pude\u0142ka<\/h2>\n<p>Wytwarzany wy\u0142\u0105cznie z \u0142upin orzecha kokosowego 100%, jest produktem naturalnym. Spalanie d\u0142u\u017csze i bardziej intensywne daje mniej popio\u0142u ni\u017c przy u\u017cyciu konwencjonalnego w\u0119gla kokosowego.<br \/>\nWymiary jednego w\u0142\u00f3kna w\u0119glowego: 26x26x26mm<br \/>\nPude\u0142ko zawiera 64 w\u0119gle.<br \/>\nNie zawiera dodatk\u00f3w chemicznych.<br \/>\nPodczas palenia nie zmienia si\u0119 zapach ani smak.<br \/>\nAby spali\u0107 w\u0119giel, potrzebujesz elektrycznej p\u0142yty grzejnej do fajki wodnej, turystycznej kuchenki gazowej lub podobnej.<br \/>\nKraj pochodzenia: Indonezja<\/p>\n<p>Czy masz jakie\u015b pytania? Skontaktuj si\u0119 z nami <a href=\"https:\/\/hookahshop.lt\/pl\/lacznosc\/\">strona z kontaktami<\/a> lub napisz do nas na adres <a href=\"https:\/\/facebook.com\/HookahShop.lt\/\" target=\"_blank\" rel=\"noopener noreferrer\">konto na Facebooku<\/a> a my odpowiemy na Twoj\u0105 pro\u015bb\u0119 tego samego dnia.<\/p>","protected":false},"excerpt":{"rendered":"<p>W\u0119giel do fajki wodnej ONE NATION 26mm 1kg Bez pude\u0142ka Wykonany wy\u0142\u0105cznie z \u0142upin kokosa 100%, dlatego jest produktem naturalnym. Pal\u0105c si\u0119 d\u0142u\u017cej i intensywniej, powstaje mniej popio\u0142u ni\u017c w przypadku konwencjonalnego w\u0119gla kokosowego. Wymiary jednego w\u0119gla: 26x26x26mm W pude\u0142ku znajduj\u0105 si\u0119 64 kalosze. Nie zawiera \u017cadnych dodatk\u00f3w chemicznych. Podczas palenia nie nast\u0119puje zmiana zapachu ani smaku. Do rozpalania w\u0119gli potrzebna jest elektryczna p\u0142yta do fajki wodnej, turystyczna [\u2026]<\/p>","protected":false},"featured_media":11535,"comment_status":"open","ping_status":"closed","template":"","meta":[],"_links":{"self":[{"href":"https:\/\/hookahshop.lt\/pl\/wp-json\/wp\/v2\/product\/11534"}],"collection":[{"href":"https:\/\/hookahshop.lt\/pl\/wp-json\/wp\/v2\/product"}],"about":[{"href":"https:\/\/hookahshop.lt\/pl\/wp-json\/wp\/v2\/types\/product"}],"replies":[{"embeddable":true,"href":"https:\/\/hookahshop.lt\/pl\/wp-json\/wp\/v2\/comments?post=11534"}],"version-history":[{"count":6,"href":"https:\/\/hookahshop.lt\/pl\/wp-json\/wp\/v2\/product\/11534\/revisions"}],"predecessor-version":[{"id":23380,"href":"https:\/\/hookahshop.lt\/pl\/wp-json\/wp\/v2\/product\/11534\/revisions\/23380"}],"wp:featuredmedia":[{"embeddable":true,"href":"https:\/\/hookahshop.lt\/pl\/wp-json\/wp\/v2\/media\/11535"}],"wp:attachment":[{"href":"https:\/\/hookahshop.lt\/pl\/wp-json\/wp\/v2\/media?parent=11534"}],"curies":[{"name":"wp","href":"https:\/\/api.w.org\/{rel}","templated":true}]}}