{"id":11550,"date":"2020-08-27T09:41:38","date_gmt":"2020-08-27T06:41:38","guid":{"rendered":"https:\/\/hookahshop.lt\/?post_type=product&#038;p=11550"},"modified":"2026-04-17T16:33:26","modified_gmt":"2026-04-17T13:33:26","slug":"taureles-kaljanui-oblako-phunnel-l-glaze-top-skirtingu-spalvu","status":"publish","type":"product","link":"https:\/\/hookahshop.lt\/pl\/produkt\/kubki-do-chmury-lejek-l-glaze-top-inny-kolor\/","title":{"rendered":"Kubki do fajki wodnej OBLAKO Phunnel L Glaze Top R\u00f3\u017cne kolory"},"content":{"rendered":"<h2>Kubki do fajki wodnej OBLAKO Phunnel L Glaze Top R\u00f3\u017cne kolory<\/h2>\n<p>Kubek, odpowiedni do palenia w towarzystwie dw\u00f3ch lub wi\u0119kszej liczby os\u00f3b, dzi\u0119ki swojej pojemno\u015bci wyd\u0142u\u017ca czas palenia!<\/p>\n<p><strong>Kolor miseczek dobierany jest losowo! - Aby wybra\u0107 \u017c\u0105dany kolor, skontaktuj si\u0119 z nami!<\/strong><\/p>\n<p>Kubek pokryty jest szkliwem, dzi\u0119ki czemu zachowuje swoje pierwotne w\u0142a\u015bciwo\u015bci i wygl\u0105d przez d\u0142ugi czas. OBLAKO u\u017cywa wy\u0142\u0105cznie przyjaznej dla cz\u0142owieka glazury spo\u017cywczej opracowanej przez partner\u00f3w w wyspecjalizowanych laboratoriach zlokalizowanych w Gzhelskoye, jednym z tradycyjnych o\u015brodk\u00f3w produkcji ceramiki w Rosji.<\/p>\n<p>Fili\u017canka tytoniu mie\u015bci 25-30 gram\u00f3w.<\/p>\n<p>Specyfikacje:<br \/>\nWysoko\u015b\u0107: 117 mm<br \/>\n\u015arednica (zewn\u0119trzna): 77 mm<br \/>\n\u015arednica (wewn\u0119trzna): 70mm<br \/>\nG\u0142\u0119boko\u015b\u0107: 13mm<br \/>\n\u015arednica otworu: 18mm<br \/>\nLiczba otwor\u00f3w: 1<br \/>\nWaga: oko\u0142o 180 gram\u00f3w<\/p>\n<p>Czy masz jakie\u015b pytania? Skontaktuj si\u0119 z nami <a href=\"https:\/\/hookahshop.lt\/pl\/lacznosc\/\">strona z kontaktami<\/a> lub napisz do nas na adres <a href=\"https:\/\/facebook.com\/HookahShop.lt\/\" target=\"_blank\" rel=\"noopener noreferrer\">konto na Facebooku<\/a> a my odpowiemy na Twoj\u0105 pro\u015bb\u0119 tego samego dnia.<\/p>","protected":false},"excerpt":{"rendered":"<p>Miseczki na fajk\u0119 wodn\u0105 OBLAKO Phunnel L Glaze Top R\u00f3\u017cne kolory Miska odpowiednia do palenia w towarzystwie dw\u00f3ch i wi\u0119cej os\u00f3b, dzi\u0119ki swojej pojemno\u015bci wyd\u0142u\u017ca czas palenia! Kolor miseczek dobierany jest losowo! - Aby wybra\u0107 \u017c\u0105dany kolor, skontaktuj si\u0119 z nami! Fili\u017canka pokryta jest szkliwem, dzi\u0119ki czemu przez d\u0142ugi czas zachowuje swoje pierwotne w\u0142a\u015bciwo\u015bci i wygl\u0105d. OBLAKO wykorzystuje wy\u0142\u0105cznie \u017cywno\u015b\u0107 bezpieczn\u0105 dla cz\u0142owieka [\u2026]<\/p>","protected":false},"featured_media":11551,"comment_status":"open","ping_status":"closed","template":"","meta":[],"_links":{"self":[{"href":"https:\/\/hookahshop.lt\/pl\/wp-json\/wp\/v2\/product\/11550"}],"collection":[{"href":"https:\/\/hookahshop.lt\/pl\/wp-json\/wp\/v2\/product"}],"about":[{"href":"https:\/\/hookahshop.lt\/pl\/wp-json\/wp\/v2\/types\/product"}],"replies":[{"embeddable":true,"href":"https:\/\/hookahshop.lt\/pl\/wp-json\/wp\/v2\/comments?post=11550"}],"version-history":[{"count":4,"href":"https:\/\/hookahshop.lt\/pl\/wp-json\/wp\/v2\/product\/11550\/revisions"}],"predecessor-version":[{"id":33624,"href":"https:\/\/hookahshop.lt\/pl\/wp-json\/wp\/v2\/product\/11550\/revisions\/33624"}],"wp:featuredmedia":[{"embeddable":true,"href":"https:\/\/hookahshop.lt\/pl\/wp-json\/wp\/v2\/media\/11551"}],"wp:attachment":[{"href":"https:\/\/hookahshop.lt\/pl\/wp-json\/wp\/v2\/media?parent=11550"}],"curies":[{"name":"wp","href":"https:\/\/api.w.org\/{rel}","templated":true}]}}