{"id":11574,"date":"2020-08-27T11:52:33","date_gmt":"2020-08-27T08:52:33","guid":{"rendered":"https:\/\/hookahshop.lt\/?post_type=product&#038;p=11574"},"modified":"2026-04-15T12:29:19","modified_gmt":"2026-04-15T09:29:19","slug":"taurele-kaljanui-oblako-phunnel-m","status":"publish","type":"product","link":"https:\/\/hookahshop.lt\/pl\/produkt\/kubek-szisza-oblako-phunnel-m\/","title":{"rendered":"Kubek do fajki wodnej OBLAKO Phunnel M"},"content":{"rendered":"<h2>Kubek do fajki wodnej OBLAKO Phunnel M<\/h2>\n<p>Kubek przeznaczony jest do codziennego palenia, idealny do tytoni lekkich i ci\u0119\u017ckich!<\/p>\n<p>Kubek tytoniu mie\u015bci 20\u201323 g.<\/p>\n<p><strong>Specyfikacje:<\/strong><br \/>\nWysoko\u015b\u0107: 118mm<br \/>\n\u015arednica (zewn\u0119trzna): 74 mm<br \/>\n\u015arednica (wewn\u0119trzna): 68mm<br \/>\nG\u0142\u0119boko\u015b\u0107: 12mm<br \/>\n\u015arednica otworu: 12mm<br \/>\nLiczba otwor\u00f3w: 1<br \/>\nWaga: oko\u0142o 182 gram\u00f3w<\/p>\n<p>Czy masz jakie\u015b pytania? Skontaktuj si\u0119 z nami <a href=\"https:\/\/hookahshop.lt\/pl\/lacznosc\/\">strona z kontaktami<\/a> lub napisz do nas na adres <a href=\"https:\/\/facebook.com\/HookahShop.lt\/\" target=\"_blank\" rel=\"noopener noreferrer\">konto na Facebooku<\/a> a my odpowiemy na Twoj\u0105 pro\u015bb\u0119 tego samego dnia.<\/p>","protected":false},"excerpt":{"rendered":"<p>Kubek do fajki wodnej OBLAKO Phunnel M Kubek przeznaczony do codziennego palenia, idealny do lekkich i ci\u0119\u017ckich tytoni! Fili\u017canka tytoniu mie\u015bci 20-23 g. Dane techniczne: Wysoko\u015b\u0107: 118 mm \u015arednica (zewn\u0119trzna): 74 mm \u015arednica (wewn\u0119trzna): 68 mm G\u0142\u0119boko\u015b\u0107: 12 mm \u015arednica otworu: 12 mm Liczba otwor\u00f3w: 1 Waga: oko\u0142o 182 gram\u00f3w Pytania? Skontaktuj si\u0119 z nami na stronie kontaktowej lub napisz do nas na Facebooku [...]<\/p>","protected":false},"featured_media":11575,"comment_status":"open","ping_status":"closed","template":"","meta":[],"_links":{"self":[{"href":"https:\/\/hookahshop.lt\/pl\/wp-json\/wp\/v2\/product\/11574"}],"collection":[{"href":"https:\/\/hookahshop.lt\/pl\/wp-json\/wp\/v2\/product"}],"about":[{"href":"https:\/\/hookahshop.lt\/pl\/wp-json\/wp\/v2\/types\/product"}],"replies":[{"embeddable":true,"href":"https:\/\/hookahshop.lt\/pl\/wp-json\/wp\/v2\/comments?post=11574"}],"version-history":[{"count":4,"href":"https:\/\/hookahshop.lt\/pl\/wp-json\/wp\/v2\/product\/11574\/revisions"}],"predecessor-version":[{"id":29781,"href":"https:\/\/hookahshop.lt\/pl\/wp-json\/wp\/v2\/product\/11574\/revisions\/29781"}],"wp:featuredmedia":[{"embeddable":true,"href":"https:\/\/hookahshop.lt\/pl\/wp-json\/wp\/v2\/media\/11575"}],"wp:attachment":[{"href":"https:\/\/hookahshop.lt\/pl\/wp-json\/wp\/v2\/media?parent=11574"}],"curies":[{"name":"wp","href":"https:\/\/api.w.org\/{rel}","templated":true}]}}