{"id":11599,"date":"2020-09-03T13:45:14","date_gmt":"2020-09-03T10:45:14","guid":{"rendered":"https:\/\/hookahshop.lt\/?post_type=product&#038;p=11599"},"modified":"2026-04-17T23:29:41","modified_gmt":"2026-04-17T20:29:41","slug":"vienkartiniai-kandikliai-kaljanui-100vnt-spalvoti","status":"publish","type":"product","link":"https:\/\/hookahshop.lt\/pl\/produkt\/jednorazowe-ustniki-szisza-100szt-kolorowe\/","title":{"rendered":"Jednorazowe haczyki do fajki wodnej Kolor 3cm 100szt"},"content":{"rendered":"<h2>Jednorazowe haczyki do fajki wodnej Kolor 100szt<\/h2>\n<p>W jednym opakowaniu znajduje si\u0119 100 sztuk ustnik\u00f3w.<\/p>\n<p>Czy masz jakie\u015b pytania? Skontaktuj si\u0119 z nami <a href=\"https:\/\/hookahshop.lt\/pl\/lacznosc\/\">strona z kontaktami<\/a> lub napisz do nas na adres <a href=\"https:\/\/facebook.com\/HookahShop.lt\/\" target=\"_blank\" rel=\"noopener noreferrer\">konto na Facebooku<\/a> a my odpowiemy na Twoj\u0105 pro\u015bb\u0119 tego samego dnia.<\/p>","protected":false},"excerpt":{"rendered":"<p>Jednorazowe ustniki do fajki wodnej Kolorowe 100szt W jednym opakowaniu 100szt ustnik\u00f3w. Czy masz jakie\u015b pytania? Skontaktuj si\u0119 z nami na stronie kontaktowej lub napisz do nas na naszym koncie na Facebooku, a my odpowiemy na Twoj\u0105 pro\u015bb\u0119 jeszcze tego samego dnia.<\/p>","protected":false},"featured_media":28644,"comment_status":"open","ping_status":"closed","template":"","meta":[],"_links":{"self":[{"href":"https:\/\/hookahshop.lt\/pl\/wp-json\/wp\/v2\/product\/11599"}],"collection":[{"href":"https:\/\/hookahshop.lt\/pl\/wp-json\/wp\/v2\/product"}],"about":[{"href":"https:\/\/hookahshop.lt\/pl\/wp-json\/wp\/v2\/types\/product"}],"replies":[{"embeddable":true,"href":"https:\/\/hookahshop.lt\/pl\/wp-json\/wp\/v2\/comments?post=11599"}],"version-history":[{"count":6,"href":"https:\/\/hookahshop.lt\/pl\/wp-json\/wp\/v2\/product\/11599\/revisions"}],"predecessor-version":[{"id":42959,"href":"https:\/\/hookahshop.lt\/pl\/wp-json\/wp\/v2\/product\/11599\/revisions\/42959"}],"wp:featuredmedia":[{"embeddable":true,"href":"https:\/\/hookahshop.lt\/pl\/wp-json\/wp\/v2\/media\/28644"}],"wp:attachment":[{"href":"https:\/\/hookahshop.lt\/pl\/wp-json\/wp\/v2\/media?parent=11599"}],"curies":[{"name":"wp","href":"https:\/\/api.w.org\/{rel}","templated":true}]}}