{"id":11605,"date":"2020-09-03T14:01:29","date_gmt":"2020-09-03T11:01:29","guid":{"rendered":"https:\/\/hookahshop.lt\/?post_type=product&#038;p=11605"},"modified":"2026-04-19T23:29:18","modified_gmt":"2026-04-19T20:29:18","slug":"taurele-kaljanui-bigmaks-wave","status":"publish","type":"product","link":"https:\/\/hookahshop.lt\/pl\/produkt\/taurele-kaljanui-bigmaks-wave\/","title":{"rendered":"Kubek do fajki wodnej BIGMAKS Wave"},"content":{"rendered":"<h2>Kubek do fajki wodnej BIGMAKS Wave<\/h2>\n<p>Wykonany jest z czerwonej gliny. Mistrzowska r\u0119ka na kole garncarskim produkuje z jednego kawa\u0142ka gliny wyj\u0105tkowe misy Wave o niestandardowym kszta\u0142cie zewn\u0119trznym.<br \/>\nKubek r\u00f3wnomiernie si\u0119 nagrzewa i d\u0142ugo utrzymuje ciep\u0142o bez przegrzewania tytoniu. Pojemno\u015b\u0107 fili\u017canki: 15-18 gram\u00f3w.<\/p>\n<p>Specyfikacje:<br \/>\nWysoko\u015b\u0107: 77 mm<br \/>\n\u015arednica (zewn\u0119trzna): 76 mm<br \/>\n\u015arednica (wewn\u0119trzna): 62 mm<br \/>\nG\u0142\u0119boko\u015b\u0107: 11 mm<br \/>\n\u015arednica otworu: 7 mm<br \/>\nLiczba otwor\u00f3w: 7 szt<br \/>\nWaga: oko\u0142o 262 gram\u00f3w<\/p>\n<p>Czy masz jakie\u015b pytania? Skontaktuj si\u0119 z nami <a href=\"https:\/\/hookahshop.lt\/pl\/lacznosc\/\">strona z kontaktami<\/a> lub napisz do nas na adres <a href=\"https:\/\/facebook.com\/HookahShop.lt\/\" target=\"_blank\" rel=\"noopener noreferrer\">konto na Facebooku<\/a> a my odpowiemy na Twoj\u0105 pro\u015bb\u0119 tego samego dnia.<\/p>","protected":false},"excerpt":{"rendered":"<p>Miska na fajk\u0119 wodn\u0105 BIGMAKS Wave Wykonana jest z czerwonej gliny. Mistrzowska r\u0119ka na kole garncarskim produkuje z jednego kawa\u0142ka gliny wyj\u0105tkowe misy Wave o niestandardowym kszta\u0142cie zewn\u0119trznym. Kubek nagrzewa si\u0119 r\u00f3wnomiernie i d\u0142ugo utrzymuje ciep\u0142o, nie przegrzewaj\u0105c tytoniu. Pojemno\u015b\u0107 fili\u017canki: 15-18 gram\u00f3w. Dane techniczne: Wysoko\u015b\u0107: 77 mm \u015arednica (zewn\u0119trzna): 76 mm \u015arednica (wewn\u0119trzna): 62 mm G\u0142\u0119boko\u015b\u0107: 11 mm Otwory [\u2026]<\/p>","protected":false},"featured_media":11606,"comment_status":"open","ping_status":"closed","template":"","meta":[],"_links":{"self":[{"href":"https:\/\/hookahshop.lt\/pl\/wp-json\/wp\/v2\/product\/11605"}],"collection":[{"href":"https:\/\/hookahshop.lt\/pl\/wp-json\/wp\/v2\/product"}],"about":[{"href":"https:\/\/hookahshop.lt\/pl\/wp-json\/wp\/v2\/types\/product"}],"replies":[{"embeddable":true,"href":"https:\/\/hookahshop.lt\/pl\/wp-json\/wp\/v2\/comments?post=11605"}],"version-history":[{"count":2,"href":"https:\/\/hookahshop.lt\/pl\/wp-json\/wp\/v2\/product\/11605\/revisions"}],"predecessor-version":[{"id":36518,"href":"https:\/\/hookahshop.lt\/pl\/wp-json\/wp\/v2\/product\/11605\/revisions\/36518"}],"wp:featuredmedia":[{"embeddable":true,"href":"https:\/\/hookahshop.lt\/pl\/wp-json\/wp\/v2\/media\/11606"}],"wp:attachment":[{"href":"https:\/\/hookahshop.lt\/pl\/wp-json\/wp\/v2\/media?parent=11605"}],"curies":[{"name":"wp","href":"https:\/\/api.w.org\/{rel}","templated":true}]}}