{"id":11716,"date":"2020-09-08T22:23:04","date_gmt":"2020-09-08T19:23:04","guid":{"rendered":"https:\/\/hookahshop.lt\/?post_type=product&#038;p=11716"},"modified":"2026-04-17T16:33:03","modified_gmt":"2026-04-17T13:33:03","slug":"kaljanas-nube-junior-white","status":"publish","type":"product","link":"https:\/\/hookahshop.lt\/pl\/produkt\/fajka-wodna-nube-junior-biala\/","title":{"rendered":"Fajka wodna NUBE Junior Bia\u0142a"},"content":{"rendered":"<h2>Fajka wodna NUBE Junior Bia\u0142a<\/h2>\n<p>Podobnie jak wi\u0119kszo\u015b\u0107 swoich braci, Junior posiada trzonek ze stali nierdzewnej, co sprawia, \u017ce fajk\u0119 wodn\u0105 mo\u017cna pozostawi\u0107 w wodzie na d\u0142u\u017cszy czas. Wbudowany dyfuzor zapewnia ciche palenie. Z\u0142\u0105cze w\u0119\u017ca jest wykonane specjalnie dla tego otworu, co jest do\u015b\u0107 niezawodne i wygodne. Jednak g\u0142\u00f3wn\u0105 atrakcj\u0105 fajki wodnej jest jej podstawa - jest to silikon. Pierwszy raz spotykamy si\u0119 z podobn\u0105 wersj\u0105 wa\u0142u i jest ona bardzo wygodna. Z\u0142\u0105cze pasuje bez problemu do niemal ka\u017cdej kolby. W zestawie znajduje si\u0119 jedyna przek\u0142adka, kt\u00f3rej b\u0119dziesz potrzebowa\u0107 do kubka. Z przyjemno\u015bci\u0105 poznasz liczb\u0119 kolor\u00f3w dost\u0119pnych w Nube for Junior \u2013 jest ich osiem: liliowy, niebieski, \u017c\u00f3\u0142ty, r\u00f3\u017cowy, pomara\u0144czowy, bia\u0142y, czerwony i czarny.<\/p>\n<p>Specyfikacje:<br \/>\nWysoko\u015b\u0107 cholewki wynosi 48,5 cm.<br \/>\nWysoko\u015b\u0107 od podstawy do misy wynosi 30 cm.<br \/>\nD\u0142ugo\u015b\u0107 ustnika wynosi 29 cm.<br \/>\nWaga (bez kolby i miski) - 1,35 kg.<\/p>\n<p>Kompletny zestaw: trzonek, ustnik, w\u0105\u017c, p\u0142ytka<\/p>\n<p>Czy masz jakie\u015b pytania? Skontaktuj si\u0119 z nami <a href=\"https:\/\/hookahshop.lt\/pl\/lacznosc\/\">strona z kontaktami<\/a> lub napisz do nas na adres <a href=\"https:\/\/facebook.com\/HookahShop.lt\/\" target=\"_blank\" rel=\"noopener noreferrer\">konto na Facebooku<\/a> a my odpowiemy na Twoj\u0105 pro\u015bb\u0119 tego samego dnia.<\/p>","protected":false},"excerpt":{"rendered":"<p>Hookah NUBE Junior White Podobnie jak wi\u0119kszo\u015b\u0107 swoich braci, Junior ma trzon ze stali nierdzewnej, co oznacza, \u017ce hookah mo\u017ce pozosta\u0107 w wodzie przez d\u0142ugi czas. Aby zapewni\u0107 ciche palenie, wbudowany jest dyfuzor. Z\u0142\u0105cze w\u0119\u017ca jest wykonane specjalnie do tego otworu, co jest do\u015b\u0107 niezawodne i wygodne. Jednak g\u0142\u00f3wn\u0105 zalet\u0105 hookah jest jej podstawa - jest silikonowa. To pierwszy raz, kiedy [\u2026]<\/p>","protected":false},"featured_media":11718,"comment_status":"open","ping_status":"closed","template":"","meta":[],"_links":{"self":[{"href":"https:\/\/hookahshop.lt\/pl\/wp-json\/wp\/v2\/product\/11716"}],"collection":[{"href":"https:\/\/hookahshop.lt\/pl\/wp-json\/wp\/v2\/product"}],"about":[{"href":"https:\/\/hookahshop.lt\/pl\/wp-json\/wp\/v2\/types\/product"}],"replies":[{"embeddable":true,"href":"https:\/\/hookahshop.lt\/pl\/wp-json\/wp\/v2\/comments?post=11716"}],"version-history":[{"count":0,"href":"https:\/\/hookahshop.lt\/pl\/wp-json\/wp\/v2\/product\/11716\/revisions"}],"wp:featuredmedia":[{"embeddable":true,"href":"https:\/\/hookahshop.lt\/pl\/wp-json\/wp\/v2\/media\/11718"}],"wp:attachment":[{"href":"https:\/\/hookahshop.lt\/pl\/wp-json\/wp\/v2\/media?parent=11716"}],"curies":[{"name":"wp","href":"https:\/\/api.w.org\/{rel}","templated":true}]}}