{"id":11762,"date":"2020-09-10T20:13:01","date_gmt":"2020-09-10T17:13:01","guid":{"rendered":"https:\/\/hookahshop.lt\/?post_type=product&#038;p=11762"},"modified":"2026-04-17T23:29:21","modified_gmt":"2026-04-17T20:29:21","slug":"kaljanas-nube-junior-yellow","status":"publish","type":"product","link":"https:\/\/hookahshop.lt\/pl\/produkt\/szisza-nube-junior-zolta\/","title":{"rendered":"Fajka wodna NUBE Junior \u017b\u00f3\u0142ta"},"content":{"rendered":"<h2>Fajka wodna NUBE Junior \u017b\u00f3\u0142ta<\/h2>\n<p>Niewielkich rozmiar\u00f3w fajka wodna, kt\u00f3r\u0105 mo\u017cesz zabra\u0107 ze sob\u0105 w ka\u017cd\u0105 podr\u00f3\u017c, dzi\u0119ki swoim kompaktowym rozmiarom zmie\u015bci si\u0119 wsz\u0119dzie. Podobnie jak wi\u0119kszo\u015b\u0107 swoich braci, Junior posiada trzonek ze stali nierdzewnej, co sprawia, \u017ce fajk\u0119 wodn\u0105 mo\u017cna pozostawi\u0107 w wodzie na d\u0142u\u017cszy czas. Wbudowany dyfuzor zapewnia ciche palenie. Z\u0142\u0105cze w\u0119\u017ca jest wykonane specjalnie dla tego otworu, co jest do\u015b\u0107 niezawodne i wygodne. Ale g\u0142\u00f3wn\u0105 atrakcj\u0105 fajki wodnej jest jej podstawa wykonana z silikonu, kt\u00f3ry jest trwa\u0142y i niezawodny. Ta szisza b\u0119dzie s\u0142u\u017cy\u0107 d\u0142ugo i doskonale, nie pozostawiaj\u0105c \u017cadnych \u015blad\u00f3w zu\u017cycia. Pierwszy raz spotykamy si\u0119 z podobn\u0105 wersj\u0105 wa\u0142u i jest ona bardzo wygodna. Z\u0142\u0105cze pasuje bez problemu do niemal ka\u017cdej kolby. W zestawie znajduje si\u0119 jedyna przek\u0142adka, kt\u00f3rej b\u0119dziesz potrzebowa\u0107 do kubka. Z przyjemno\u015bci\u0105 dowiesz si\u0119, \u017ce Nube for Junior jest dost\u0119pny w o\u015bmiu kolorach: liliowym, niebieskim, \u017c\u00f3\u0142tym, r\u00f3\u017cowym, pomara\u0144czowym, bia\u0142ym, czerwonym i czarnym. Inne w\u0142a\u015bciwo\u015bci fizyczne fajki wodnej podano poni\u017cej:<\/p>\n<p>Specyfikacje:<br \/>\nWysoko\u015b\u0107 cholewki wynosi 48,5 cm.<br \/>\nWysoko\u015b\u0107 od podstawy do misy wynosi 30 cm.<br \/>\nD\u0142ugo\u015b\u0107 ustnika wynosi 29 cm.<br \/>\nWaga (bez kolby i miski) - 1,35 kg.<\/p>\n<p>Kompletny zestaw: trzonek, ustnik, w\u0105\u017c, p\u0142ytka<\/p>\n<p>Czy masz jakie\u015b pytania? Skontaktuj si\u0119 z nami <a href=\"https:\/\/hookahshop.lt\/pl\/lacznosc\/\">strona z kontaktami<\/a> lub napisz do nas na adres <a href=\"https:\/\/facebook.com\/HookahShop.lt\/\" target=\"_blank\" rel=\"noopener noreferrer\">konto na Facebooku<\/a> a my odpowiemy na Twoj\u0105 pro\u015bb\u0119 tego samego dnia.<\/p>","protected":false},"excerpt":{"rendered":"<p>Fajka wodna NUBE Junior Yellow Ma\u0142a fajka wodna, kt\u00f3r\u0105 mo\u017cesz zabra\u0107 ze sob\u0105 w ka\u017cd\u0105 podr\u00f3\u017c, dzi\u0119ki swoim kompaktowym rozmiarom zmie\u015bci si\u0119 wsz\u0119dzie. Podobnie jak wi\u0119kszo\u015b\u0107 swoich braci, Junior posiada trzonek ze stali nierdzewnej, co sprawia, \u017ce fajk\u0119 wodn\u0105 mo\u017cna pozostawi\u0107 w wodzie na d\u0142u\u017cszy czas. Wbudowany dyfuzor zapewnia ciche palenie. Z\u0142\u0105cze w\u0119\u017ca jest wykonane specjalnie dla tego otworu, [...]<\/p>","protected":false},"featured_media":11764,"comment_status":"open","ping_status":"closed","template":"","meta":[],"_links":{"self":[{"href":"https:\/\/hookahshop.lt\/pl\/wp-json\/wp\/v2\/product\/11762"}],"collection":[{"href":"https:\/\/hookahshop.lt\/pl\/wp-json\/wp\/v2\/product"}],"about":[{"href":"https:\/\/hookahshop.lt\/pl\/wp-json\/wp\/v2\/types\/product"}],"replies":[{"embeddable":true,"href":"https:\/\/hookahshop.lt\/pl\/wp-json\/wp\/v2\/comments?post=11762"}],"version-history":[{"count":1,"href":"https:\/\/hookahshop.lt\/pl\/wp-json\/wp\/v2\/product\/11762\/revisions"}],"predecessor-version":[{"id":22767,"href":"https:\/\/hookahshop.lt\/pl\/wp-json\/wp\/v2\/product\/11762\/revisions\/22767"}],"wp:featuredmedia":[{"embeddable":true,"href":"https:\/\/hookahshop.lt\/pl\/wp-json\/wp\/v2\/media\/11764"}],"wp:attachment":[{"href":"https:\/\/hookahshop.lt\/pl\/wp-json\/wp\/v2\/media?parent=11762"}],"curies":[{"name":"wp","href":"https:\/\/api.w.org\/{rel}","templated":true}]}}