{"id":11768,"date":"2020-09-10T20:21:41","date_gmt":"2020-09-10T17:21:41","guid":{"rendered":"https:\/\/hookahshop.lt\/?post_type=product&#038;p=11768"},"modified":"2026-04-17T23:29:22","modified_gmt":"2026-04-17T20:29:22","slug":"kaljanas-totem-idol-green-spark","status":"publish","type":"product","link":"https:\/\/hookahshop.lt\/pl\/produkt\/fajka-wodna-totem-idol-zielona-iskra\/","title":{"rendered":"Fajka wodna TOTEM Idol Green Spark"},"content":{"rendered":"<h2>Fajka wodna TOTEM Idol Green Spark<\/h2>\n<p>Fajka wodna wyprodukowana na Ukrainie, pochodz\u0105ca z Sum. Wewn\u0119trzne i wszystkie zewn\u0119trzne elementy metalowe wa\u0142u wykonane s\u0105 ze stali nierdzewnej, wyko\u0144czenie zewn\u0119trzne wykonane jest z wysokiej jako\u015bci przetworzonego drewna, kt\u00f3re pos\u0142u\u017cy bardzo d\u0142ugo. Unikalne po\u0142\u0105czenie w\u0119\u017ca bez uszczelki i wiele innych drobiazg\u00f3w czyni\u0105 t\u0119 fajk\u0119 wodn\u0105 godn\u0105 konkurencj\u0105 dla ka\u017cdego uznanego lidera na rynku fajek wodnych.<\/p>\n<p><strong>Ekwipunek:<\/strong> wa\u0142, p\u0142ytka, w\u0105\u017c, ustnik, przek\u0142adka, markowe opakowanie.<\/p>\n<p>Czy masz jakie\u015b pytania? Skontaktuj si\u0119 z nami <a href=\"https:\/\/hookahshop.lt\/pl\/lacznosc\/\">strona z kontaktami<\/a> lub napisz do nas na adres <a href=\"https:\/\/facebook.com\/HookahShop.lt\/\" target=\"_blank\" rel=\"noopener noreferrer\">konto na Facebooku<\/a> a my odpowiemy na Twoj\u0105 pro\u015bb\u0119 tego samego dnia.<\/p>","protected":false},"excerpt":{"rendered":"<p>Fajka wodna TOTEM Idol Green Spark Fajka produkowana na Ukrainie, pochodz\u0105ca z Sum. Wewn\u0119trzne i wszystkie zewn\u0119trzne elementy metalowe wa\u0142u wykonane s\u0105 ze stali nierdzewnej, wyko\u0144czenie zewn\u0119trzne wykonane jest z wysokiej jako\u015bci przetworzonego drewna, kt\u00f3re pos\u0142u\u017cy bardzo d\u0142ugo. Unikalne po\u0142\u0105czenie w\u0119\u017ca bez uszczelki i wiele innych drobiazg\u00f3w czyni\u0105 t\u0119 fajk\u0119 wodn\u0105 godn\u0105 konkurencj\u0105 dla ka\u017cdego uznanego lidera na rynku fajek wodnych. Kompletny zestaw: [\u2026]<\/p>","protected":false},"featured_media":11771,"comment_status":"open","ping_status":"closed","template":"","meta":[],"_links":{"self":[{"href":"https:\/\/hookahshop.lt\/pl\/wp-json\/wp\/v2\/product\/11768"}],"collection":[{"href":"https:\/\/hookahshop.lt\/pl\/wp-json\/wp\/v2\/product"}],"about":[{"href":"https:\/\/hookahshop.lt\/pl\/wp-json\/wp\/v2\/types\/product"}],"replies":[{"embeddable":true,"href":"https:\/\/hookahshop.lt\/pl\/wp-json\/wp\/v2\/comments?post=11768"}],"version-history":[{"count":2,"href":"https:\/\/hookahshop.lt\/pl\/wp-json\/wp\/v2\/product\/11768\/revisions"}],"predecessor-version":[{"id":22766,"href":"https:\/\/hookahshop.lt\/pl\/wp-json\/wp\/v2\/product\/11768\/revisions\/22766"}],"wp:featuredmedia":[{"embeddable":true,"href":"https:\/\/hookahshop.lt\/pl\/wp-json\/wp\/v2\/media\/11771"}],"wp:attachment":[{"href":"https:\/\/hookahshop.lt\/pl\/wp-json\/wp\/v2\/media?parent=11768"}],"curies":[{"name":"wp","href":"https:\/\/api.w.org\/{rel}","templated":true}]}}