{"id":11774,"date":"2020-09-10T20:34:05","date_gmt":"2020-09-10T17:34:05","guid":{"rendered":"https:\/\/hookahshop.lt\/?post_type=product&#038;p=11774"},"modified":"2026-04-17T23:29:22","modified_gmt":"2026-04-17T20:29:22","slug":"kaljanas-totem-evo-black","status":"publish","type":"product","link":"https:\/\/hookahshop.lt\/pl\/produkt\/szisza-totem-evo-czarna\/","title":{"rendered":"Fajka wodna TOTEM Evo czarna"},"content":{"rendered":"<h2>Fajka wodna TOTEM Evo czarna<\/h2>\n<p>Hookah Seria fajek wodnych wykonanych ze stali nierdzewnej z wk\u0142adem ze sztucznego kamienia ukrai\u0144skiej firmy \u201eTotem Hookah\u201d. Odwa\u017cn\u0105 uwag\u0119 przywi\u0105zuje si\u0119 do oryginalnego dmuchania pier\u015bcieniowego, a bior\u0105c pod uwag\u0119 jako\u015b\u0107 produkcji i obr\u00f3bki wszystkich cz\u0119\u015bci produktu, fajk\u0119 wodn\u0105 Totem Hokah mo\u017cna \u015bmia\u0142o zaliczy\u0107 do segmentu high-end w bardzo przyst\u0119pnej cenie. Z\u0142\u0105cze w\u0119\u017ca po\u0142\u0105czone jest z trzonkiem fajki wodnej, co pozwala na \u0142atwe i niezawodne u\u017cytkowanie, nie trac\u0105c przy tym ekskluzywnego wygl\u0105du ca\u0142ego produktu. Wk\u0142adka poliacetalowa gwarantuje \u0142atwy i szybki transport fajki wodnej.<\/p>\n<p>Wymiary:<br \/>\nWysoko\u015b\u0107: oko\u0142o 53 cm<\/p>\n<p>Zakres dostawy:<br \/>\n- 1x wa\u0142ek z dyfuzorem<br \/>\n- 1x talerz<br \/>\n- 1x adapter w\u0119\u017ca<br \/>\n- 1x rura spalinowa z adapterem g\u0142owicy (odkr\u0119cana)<br \/>\n- 1x w\u0105\u017c silikonowy z ustnikiem ze stali nierdzewnej<br \/>\n- 1x zestaw uszczelek (uszczelka w\u0119\u017ca, uszczelka g\u0142owicy)<br \/>\n- 1x \u015bciereczka w\u0119glowa<\/p>\n<p>Czy masz jakie\u015b pytania? Skontaktuj si\u0119 z nami <a href=\"https:\/\/hookahshop.lt\/pl\/lacznosc\/\">strona z kontaktami<\/a> lub napisz do nas na adres <a href=\"https:\/\/facebook.com\/HookahShop.lt\/\" target=\"_blank\" rel=\"noopener noreferrer\">konto na Facebooku<\/a> a my odpowiemy na Twoj\u0105 pro\u015bb\u0119 tego samego dnia.<\/p>","protected":false},"excerpt":{"rendered":"<p>Fajka wodna TOTEM Evo Black Hookah Seria fajek wodnych wykonanych ze stali nierdzewnej z wk\u0142adem ze sztucznego kamienia ukrai\u0144skiej firmy \u201eTotem Hookah\u201d. Odwa\u017cn\u0105 uwag\u0119 przywi\u0105zuje si\u0119 do oryginalnego dmuchania pier\u015bcieniowego, a bior\u0105c pod uwag\u0119 jako\u015b\u0107 produkcji i obr\u00f3bki wszystkich cz\u0119\u015bci produktu, fajk\u0119 wodn\u0105 Totem Hokah mo\u017cna \u015bmia\u0142o zaliczy\u0107 do segmentu high-end w bardzo przyst\u0119pnej cenie. Z\u0142\u0105cze w\u0119\u017ca jest pod\u0142\u0105czone [\u2026]<\/p>","protected":false},"featured_media":11775,"comment_status":"open","ping_status":"closed","template":"","meta":[],"_links":{"self":[{"href":"https:\/\/hookahshop.lt\/pl\/wp-json\/wp\/v2\/product\/11774"}],"collection":[{"href":"https:\/\/hookahshop.lt\/pl\/wp-json\/wp\/v2\/product"}],"about":[{"href":"https:\/\/hookahshop.lt\/pl\/wp-json\/wp\/v2\/types\/product"}],"replies":[{"embeddable":true,"href":"https:\/\/hookahshop.lt\/pl\/wp-json\/wp\/v2\/comments?post=11774"}],"version-history":[{"count":2,"href":"https:\/\/hookahshop.lt\/pl\/wp-json\/wp\/v2\/product\/11774\/revisions"}],"predecessor-version":[{"id":22764,"href":"https:\/\/hookahshop.lt\/pl\/wp-json\/wp\/v2\/product\/11774\/revisions\/22764"}],"wp:featuredmedia":[{"embeddable":true,"href":"https:\/\/hookahshop.lt\/pl\/wp-json\/wp\/v2\/media\/11775"}],"wp:attachment":[{"href":"https:\/\/hookahshop.lt\/pl\/wp-json\/wp\/v2\/media?parent=11774"}],"curies":[{"name":"wp","href":"https:\/\/api.w.org\/{rel}","templated":true}]}}