{"id":11812,"date":"2020-09-10T21:29:45","date_gmt":"2020-09-10T18:29:45","guid":{"rendered":"https:\/\/hookahshop.lt\/?post_type=product&#038;p=11812"},"modified":"2026-04-22T23:29:06","modified_gmt":"2026-04-22T20:29:06","slug":"kaljanas-totem-elixir-black-gloss","status":"publish","type":"product","link":"https:\/\/hookahshop.lt\/pl\/produkt\/szisza-totem-eliksir-czarny-polysk\/","title":{"rendered":"Szisza TOTEM Elixir Czarny Po\u0142ysk"},"content":{"rendered":"<h2>Szisza TOTEM Elixir Czarny Po\u0142ysk<\/h2>\n<p>To seria fajek wodnych ze stali nierdzewnej z drewnianym wk\u0142adem ukrai\u0144skiej firmy Totem Hookah. Opieraj\u0105c si\u0119 na jako\u015bci wykonania i obr\u00f3bce wszystkich cz\u0119\u015bci produktu, fajk\u0119 wodn\u0105 Totem Hokah mo\u017cna \u015bmia\u0142o zaliczy\u0107 do segmentu high-end w bardzo przyst\u0119pnej cenie. Dobrze zaprojektowane i zastosowane drewniane wyko\u0144czenie jest przyjemne dla oka i pozostawia wspania\u0142e wra\u017cenia sensoryczne. Przy\u0142\u0105cze w\u0119\u017ca jest po\u0142\u0105czone z trzonkiem fajki wodnej, co pozwala na \u0142atwe i pewne u\u017cytkowanie bez utraty ekskluzywnego wygl\u0105du ca\u0142ego produktu. Wk\u0142adka z poliacetalu gwarantuje \u0142atw\u0105 i szybk\u0105 ochron\u0119 fajki wodnej. I oczywi\u015bcie nie mo\u017cna pomin\u0105\u0107 efektownego markowego opakowania, kt\u00f3re tylko podkre\u015bli gust posiadacza fajki wodnej.<\/p>\n<p><strong>Ekwipunek:<\/strong><br \/>\nP\u0142yta;<br \/>\nOryginalny ustnik;<br \/>\nW\u0105\u017c silikonowy \u201eSoft Touch\u201d;<br \/>\nZestaw uszczelek;<br \/>\nSpr\u0119\u017cyna w\u0119\u017ca;<br \/>\nWa\u0142;<br \/>\nMarkowe opakowanie.<\/p>\n<p>Czy masz jakie\u015b pytania? Skontaktuj si\u0119 z nami <a href=\"https:\/\/hookahshop.lt\/pl\/lacznosc\/\">strona z kontaktami<\/a> lub napisz do nas na adres <a href=\"https:\/\/facebook.com\/HookahShop.lt\/\" target=\"_blank\" rel=\"noopener noreferrer\">konto na Facebooku<\/a> a my odpowiemy na Twoj\u0105 pro\u015bb\u0119 tego samego dnia.<\/p>","protected":false},"excerpt":{"rendered":"<p>Fajka wodna TOTEM Elixir Black Gloss Jest to seria fajek wodnych ze stali nierdzewnej z drewnianym wk\u0142adem ukrai\u0144skiej firmy Totem Hookah. Opieraj\u0105c si\u0119 na jako\u015bci wykonania i obr\u00f3bce wszystkich cz\u0119\u015bci produktu, fajk\u0119 wodn\u0105 Totem Hokah mo\u017cna \u015bmia\u0142o zaliczy\u0107 do segmentu high-end w bardzo przyst\u0119pnej cenie. Dobrze zaprojektowane i zastosowane wyko\u0144czenie drewna cieszy oko i pozostawia \u015bwietne wra\u017cenia zmys\u0142owe. Z\u0142\u0105cze w\u0119\u017ca [\u2026]<\/p>","protected":false},"featured_media":11813,"comment_status":"open","ping_status":"closed","template":"","meta":[],"_links":{"self":[{"href":"https:\/\/hookahshop.lt\/pl\/wp-json\/wp\/v2\/product\/11812"}],"collection":[{"href":"https:\/\/hookahshop.lt\/pl\/wp-json\/wp\/v2\/product"}],"about":[{"href":"https:\/\/hookahshop.lt\/pl\/wp-json\/wp\/v2\/types\/product"}],"replies":[{"embeddable":true,"href":"https:\/\/hookahshop.lt\/pl\/wp-json\/wp\/v2\/comments?post=11812"}],"version-history":[{"count":3,"href":"https:\/\/hookahshop.lt\/pl\/wp-json\/wp\/v2\/product\/11812\/revisions"}],"predecessor-version":[{"id":31102,"href":"https:\/\/hookahshop.lt\/pl\/wp-json\/wp\/v2\/product\/11812\/revisions\/31102"}],"wp:featuredmedia":[{"embeddable":true,"href":"https:\/\/hookahshop.lt\/pl\/wp-json\/wp\/v2\/media\/11813"}],"wp:attachment":[{"href":"https:\/\/hookahshop.lt\/pl\/wp-json\/wp\/v2\/media?parent=11812"}],"curies":[{"name":"wp","href":"https:\/\/api.w.org\/{rel}","templated":true}]}}