{"id":11839,"date":"2020-09-14T14:44:53","date_gmt":"2020-09-14T11:44:53","guid":{"rendered":"https:\/\/hookahshop.lt\/?post_type=product&#038;p=11839"},"modified":"2026-04-18T23:28:35","modified_gmt":"2026-04-18T20:28:35","slug":"anglys-kaljanui-cocopalm-26mm-1kg","status":"publish","type":"product","link":"https:\/\/hookahshop.lt\/pl\/produkt\/wegiel-do-fajki-wodnej-cocopalm-26mm-1kg\/","title":{"rendered":"W\u0119giel drzewny do fajki wodnej COCOPALM 26mm 1kg"},"content":{"rendered":"<h2>W\u0119giel drzewny do fajki wodnej COCOPALM 26mm 1kg<\/h2>\n<p>W\u0119giel ten nie ma zapachu spalenizny i nie pozostawia posmaku. W\u0119giel ten nie pozostawia du\u017cej ilo\u015bci popio\u0142u i nie posiada dodatkowych aromat\u00f3w. Dzi\u0119ki tym w\u0119glem nie b\u0119dziesz musia\u0142 zdmuchn\u0105\u0107 popio\u0142u, poniewa\u017c podczas spalania te w\u0119gle pozostawiaj\u0105 bardzo niewielk\u0105 ilo\u015b\u0107 popio\u0142u.<br \/>\nWymiary jednego w\u0142\u00f3kna w\u0119glowego: 26x26x26mm<br \/>\nPude\u0142ko zawiera 64 w\u0119gle.<br \/>\nNie zawiera dodatk\u00f3w chemicznych.<br \/>\nPodczas palenia nie zmienia si\u0119 zapach ani smak.<br \/>\nAby spali\u0107 w\u0119giel, potrzebujesz elektrycznej p\u0142yty grzejnej do fajki wodnej, turystycznej kuchenki gazowej lub podobnej.<br \/>\nKraj pochodzenia: Indonezja<\/p>\n<p>Czy masz jakie\u015b pytania? Skontaktuj si\u0119 z nami <a href=\"https:\/\/hookahshop.lt\/pl\/lacznosc\/\">strona z kontaktami<\/a> lub napisz do nas na adres <a href=\"https:\/\/facebook.com\/HookahShop.lt\/\" target=\"_blank\" rel=\"noopener noreferrer\">konto na Facebooku<\/a> a my odpowiemy na Twoj\u0105 pro\u015bb\u0119 tego samego dnia.<\/p>\n<p>&nbsp;<\/p>","protected":false},"excerpt":{"rendered":"<p>W\u0119giel do fajki wodnej COCOPALM 26mm 1kg W\u0119giel ten nie ma zapachu spalenizny i nie pozostawia posmaku. W\u0119giel ten nie pozostawia du\u017cej ilo\u015bci popio\u0142u i nie posiada dodatkowych aromat\u00f3w. Dzi\u0119ki tym w\u0119glem nie b\u0119dziesz musia\u0142 zdmuchn\u0105\u0107 popio\u0142u, poniewa\u017c podczas spalania te w\u0119gle pozostawiaj\u0105 bardzo niewielk\u0105 ilo\u015b\u0107 popio\u0142u. Wymiary jednego w\u0119gla: 26x26x26mm W pude\u0142ku znajduj\u0105 si\u0119 64 kalosze. Nie zawiera \u017cadnych dodatk\u00f3w chemicznych. Podczas palenia nie ma zapachu ani [\u2026]<\/p>","protected":false},"featured_media":22561,"comment_status":"open","ping_status":"closed","template":"","meta":[],"_links":{"self":[{"href":"https:\/\/hookahshop.lt\/pl\/wp-json\/wp\/v2\/product\/11839"}],"collection":[{"href":"https:\/\/hookahshop.lt\/pl\/wp-json\/wp\/v2\/product"}],"about":[{"href":"https:\/\/hookahshop.lt\/pl\/wp-json\/wp\/v2\/types\/product"}],"replies":[{"embeddable":true,"href":"https:\/\/hookahshop.lt\/pl\/wp-json\/wp\/v2\/comments?post=11839"}],"version-history":[{"count":5,"href":"https:\/\/hookahshop.lt\/pl\/wp-json\/wp\/v2\/product\/11839\/revisions"}],"predecessor-version":[{"id":32910,"href":"https:\/\/hookahshop.lt\/pl\/wp-json\/wp\/v2\/product\/11839\/revisions\/32910"}],"wp:featuredmedia":[{"embeddable":true,"href":"https:\/\/hookahshop.lt\/pl\/wp-json\/wp\/v2\/media\/22561"}],"wp:attachment":[{"href":"https:\/\/hookahshop.lt\/pl\/wp-json\/wp\/v2\/media?parent=11839"}],"curies":[{"name":"wp","href":"https:\/\/api.w.org\/{rel}","templated":true}]}}