{"id":11849,"date":"2020-09-14T17:53:15","date_gmt":"2020-09-14T14:53:15","guid":{"rendered":"https:\/\/hookahshop.lt\/?post_type=product&#038;p=11849"},"modified":"2026-04-14T23:28:59","modified_gmt":"2026-04-14T20:28:59","slug":"kaljano-komplektas-bigmaks-rapier","status":"publish","type":"product","link":"https:\/\/hookahshop.lt\/pl\/produkt\/zestaw-do-fajki-wodnej-bigmaks-rapier\/","title":{"rendered":"Zestaw do fajki wodnej BIGMAKS Rapier"},"content":{"rendered":"<h2>Zestaw do fajki wodnej BIGMAKS Rapier<\/h2>\n<p>To minimalistyczna linia przeznaczona do palenia fajki wodnej z dyfuzorem (naci\u0105g fajki wodnej nie jest regulowany).<br \/>\nSystem fajki wodnej sk\u0142ada si\u0119 z pi\u0119ciu zawor\u00f3w, kt\u00f3re pozwalaj\u0105 na natychmiastowe wyczyszczenie kolby dymu, a tak\u017ce sch\u0142odzenie miski bez jej nape\u0142niania.<br \/>\nTrzonek, sto\u017cek, ustnik i p\u0142ytka wykonane s\u0105 ze stali nierdzewnej AISI304, z bardzo precyzyjn\u0105 obr\u00f3bk\u0105 detali. Monta\u017c gwintowany. Stosowane s\u0105 z\u0142\u0105cza o-ring.<\/p>\n<p>Wysoko\u015b\u0107 fajki wodnej: 450 mm<\/p>\n<p><strong>Ekwipunek:<\/strong><br \/>\nWa\u0142 -1 szt.<br \/>\nTalerz do fajki wodnej z grawerem marki - 1 szt.<br \/>\nUstnik - 1 szt.<br \/>\nW\u0105\u017c silikonowy - 1 szt.<br \/>\nUszczelki - 2 szt.<br \/>\nPiersi\u00f3wka (R\u00f3\u017cni si\u0119 od tej na zdj\u0119ciu) - 1 szt.<br \/>\nSzczypce - 1 szt.<br \/>\nKomora grzewcza - 1 szt.<br \/>\nFili\u017canka (Mo\u017ce r\u00f3\u017cni\u0107 si\u0119 od pokazanej na zdj\u0119ciu) - 1 szt.<br \/>\nCarbon Zocomo 1kg - 1szt.<br \/>\nP\u0142yta - 1szt.<\/p>\n<p>Czy masz jakie\u015b pytania? Skontaktuj si\u0119 z nami <a href=\"https:\/\/hookahshop.lt\/pl\/lacznosc\/\">strona z kontaktami<\/a> lub napisz do nas na adres <a href=\"https:\/\/facebook.com\/HookahShop.lt\/\" target=\"_blank\" rel=\"noopener noreferrer\">konto na Facebooku<\/a> a my odpowiemy na Twoj\u0105 pro\u015bb\u0119 tego samego dnia.<\/p>","protected":false},"excerpt":{"rendered":"<p>Zestaw do fajki wodnej BIGMAKS Rapier To minimalistyczna linia stworzona z my\u015bl\u0105 o czerpaniu przyjemno\u015bci z palenia fajki wodnej z dyfuzorem (ci\u0105g fajki wodnej nie jest regulowany). System fajki wodnej sk\u0142ada si\u0119 z pi\u0119ciu zawor\u00f3w, kt\u00f3re pozwalaj\u0105 na natychmiastowe oczyszczenie kolby z dymu, a tak\u017ce sch\u0142odzenie misy bez jej nape\u0142niania. Trzon, sto\u017cek, ustnik i p\u0142ytka wykonane s\u0105 ze stali nierdzewnej AISI304 z du\u017c\u0105 precyzj\u0105 obr\u00f3bki. Monta\u017c z po\u0142\u0105czeniami gwintowanymi. [\u2026]<\/p>","protected":false},"featured_media":28032,"comment_status":"open","ping_status":"closed","template":"","meta":[],"_links":{"self":[{"href":"https:\/\/hookahshop.lt\/pl\/wp-json\/wp\/v2\/product\/11849"}],"collection":[{"href":"https:\/\/hookahshop.lt\/pl\/wp-json\/wp\/v2\/product"}],"about":[{"href":"https:\/\/hookahshop.lt\/pl\/wp-json\/wp\/v2\/types\/product"}],"replies":[{"embeddable":true,"href":"https:\/\/hookahshop.lt\/pl\/wp-json\/wp\/v2\/comments?post=11849"}],"version-history":[{"count":4,"href":"https:\/\/hookahshop.lt\/pl\/wp-json\/wp\/v2\/product\/11849\/revisions"}],"predecessor-version":[{"id":34576,"href":"https:\/\/hookahshop.lt\/pl\/wp-json\/wp\/v2\/product\/11849\/revisions\/34576"}],"wp:featuredmedia":[{"embeddable":true,"href":"https:\/\/hookahshop.lt\/pl\/wp-json\/wp\/v2\/media\/28032"}],"wp:attachment":[{"href":"https:\/\/hookahshop.lt\/pl\/wp-json\/wp\/v2\/media?parent=11849"}],"curies":[{"name":"wp","href":"https:\/\/api.w.org\/{rel}","templated":true}]}}