{"id":11861,"date":"2020-09-14T20:44:55","date_gmt":"2020-09-14T17:44:55","guid":{"rendered":"https:\/\/hookahshop.lt\/?post_type=product&#038;p=11861"},"modified":"2026-04-26T23:29:23","modified_gmt":"2026-04-26T20:29:23","slug":"kolba-kaljanui-bigmaks-base-starred-night","status":"publish","type":"product","link":"https:\/\/hookahshop.lt\/pl\/produkt\/kolba-szisza-bigmaks-baza-gwiazdkowa-noc\/","title":{"rendered":"Kolba do fajki wodnej BIGMAKS Base Starred Night"},"content":{"rendered":"<h2>KOLBA KALJANUI BIGMAKS BASE Starred Night<\/h2>\n<p>To \u015bwiec\u0105ca w ciemno\u015bci kolba na fajk\u0119 wodn\u0105 o nazwie \u201eGwia\u017adzista Noc\u201d wykonana ze szk\u0142a kryszta\u0142owego przeznaczonego do kontaktu z \u017cywno\u015bci\u0105, w kszta\u0142cie \u201epodstawy\u201d.<br \/>\n\u201eBaza BigMaks\u201d (\u201eGwia\u017adzista noc\u201d) oddaje wra\u017cenie nocnego, gwia\u017adzistego nieba.<br \/>\nW ciemno\u015bci krople w kolbie \u015bwiec\u0105.<br \/>\n\u2800<br \/>\n<strong><span title=\"\">Specyfikacje:<\/span><\/strong><br \/>\nWysoko\u015b\u0107: 256 mm<br \/>\nWaga: ~ 1300 g<br \/>\nZewn\u0119trzna \u015brednica gardzieli: 71 mm<br \/>\nWewn\u0119trzna \u015brednica gardzieli: 47 mm<br \/>\nMateria\u0142 produktu: szk\u0142o kryszta\u0142owe<\/p>\n<p>Czy masz jakie\u015b pytania? Skontaktuj si\u0119 z nami <a href=\"https:\/\/hookahshop.lt\/pl\/lacznosc\/\">strona z kontaktami<\/a> lub napisz do nas na adres <a href=\"https:\/\/facebook.com\/HookahShop.lt\/\" target=\"_blank\" rel=\"noopener noreferrer\">konto na Facebooku<\/a> a my odpowiemy na Twoj\u0105 pro\u015bb\u0119 tego samego dnia.<\/p>","protected":false},"excerpt":{"rendered":"<p>KOLBA KALJANUI BIGMAKS BASE Starred Night Tai yra \u0161vytinti tamsioje kaljano kolboja, vadinama \u201e\u017dvaig\u017ed\u0117ta naktis\u201c, pagaminta i\u0161 maistinio kri\u0161tolo stiklo, \u201eBaz\u0117s\u201c formos. \u201eBigMaks Base\u201c (\u201e\u017dvaig\u017ed\u0117ta naktis\u201c) perteikia naktinio \u017evaig\u017ed\u0117to dangaus \u012fsp\u016bd\u012f. Tamsoje la\u0161ai kolboje \u0161vie\u010diasi. \u2800 Specifikacijos: Auk\u0161tis: 256 mm Svoris: ~ 1300 g I\u0161orinis gerkl\u0117s skersmuo: 71 mm Vidinis gerkl\u0117s skersmuo: 47 mm Produkto [&hellip;]<\/p>","protected":false},"featured_media":21230,"comment_status":"open","ping_status":"closed","template":"","meta":[],"_links":{"self":[{"href":"https:\/\/hookahshop.lt\/pl\/wp-json\/wp\/v2\/product\/11861"}],"collection":[{"href":"https:\/\/hookahshop.lt\/pl\/wp-json\/wp\/v2\/product"}],"about":[{"href":"https:\/\/hookahshop.lt\/pl\/wp-json\/wp\/v2\/types\/product"}],"replies":[{"embeddable":true,"href":"https:\/\/hookahshop.lt\/pl\/wp-json\/wp\/v2\/comments?post=11861"}],"version-history":[{"count":8,"href":"https:\/\/hookahshop.lt\/pl\/wp-json\/wp\/v2\/product\/11861\/revisions"}],"predecessor-version":[{"id":45041,"href":"https:\/\/hookahshop.lt\/pl\/wp-json\/wp\/v2\/product\/11861\/revisions\/45041"}],"wp:featuredmedia":[{"embeddable":true,"href":"https:\/\/hookahshop.lt\/pl\/wp-json\/wp\/v2\/media\/21230"}],"wp:attachment":[{"href":"https:\/\/hookahshop.lt\/pl\/wp-json\/wp\/v2\/media?parent=11861"}],"curies":[{"name":"wp","href":"https:\/\/api.w.org\/{rel}","templated":true}]}}