{"id":11894,"date":"2020-09-15T10:38:37","date_gmt":"2020-09-15T07:38:37","guid":{"rendered":"https:\/\/hookahshop.lt\/?post_type=product&#038;p=11894"},"modified":"2026-04-19T23:29:10","modified_gmt":"2026-04-19T20:29:10","slug":"kolba-kaljanui-bigmaks-base-mirrored-light-blue","status":"publish","type":"product","link":"https:\/\/hookahshop.lt\/pl\/produkt\/kolba-do-sziszy-bigmaks-podstawa-lustro-jasnoniebieska\/","title":{"rendered":"Kolba do fajki wodnej BIGMAKS Base Mirrored Light Blue"},"content":{"rendered":"<h2>Kolba do Kaljanui BigMaks Base Lustrzana Jasnoniebieska<\/h2>\n<p>Jest to manierka, kt\u00f3ra zmie\u015bci si\u0119 prawie do ka\u017cdej fajki wodnej, ze standardowym pod\u0142\u0105czeniem jest to manierka lekka i wytrzyma\u0142a. Rosyjski producent BigMaks ju\u017c od wielu lat zachwyca opracowanymi kolbami i jest jednym z wiod\u0105cych producent\u00f3w na rynku.<\/p>\n<p>To produkt, kt\u00f3ry pos\u0142u\u017cy wiele lat. Dzi\u0119ki wysokiej jako\u015bci pow\u0142oce lakierniczej, kolba ta z pewno\u015bci\u0105 na d\u0142ugo zachowa sw\u00f3j reprezentacyjny wygl\u0105d i b\u0119dzie wygl\u0105da\u0107, jakby dopiero co zjecha\u0142a z linii monta\u017cowej producenta. Ta kolba ma grube \u015bcianki. Grube \u015bcianki zapewni\u0105 doskona\u0142\u0105 izolacj\u0119 akustyczn\u0105, co jest o tyle wa\u017cne, gdy palimy bez dyfuzora. Ze wzgl\u0119du na trwa\u0142o\u015b\u0107 fajki wodnej BigMaks Base Mirrored Light Blue, nie musisz si\u0119 martwi\u0107 o z\u0142amanie lub inne uszkodzenie tej fajki wodnej. Dzi\u0119ki swojemu unikalnemu kszta\u0142towi (w\u0119\u017csze dno) mo\u017cesz zabra\u0107 t\u0119 termos ze sob\u0105 w ka\u017cd\u0105 podr\u00f3\u017c.<\/p>\n<p>Czy masz jakie\u015b pytania? Skontaktuj si\u0119 z nami <a href=\"https:\/\/hookahshop.lt\/pl\/lacznosc\/\">strona z kontaktami<\/a> lub napisz do nas na adres <a href=\"https:\/\/facebook.com\/HookahShop.lt\/\" target=\"_blank\" rel=\"noopener noreferrer\">konto na Facebooku<\/a> a my odpowiemy na Twoj\u0105 pro\u015bb\u0119 tego samego dnia.<\/p>","protected":false},"excerpt":{"rendered":"<p>Piersi\u00f3wka do fajki wodnej BigMaks Base Mirrored Light Blue Jest to termos, kt\u00f3ry pasuje do niemal wszystkich fajek wodnych, ze standardowym przy\u0142\u0105czem jest lekki i wytrzyma\u0142y. Rosyjski producent BigMaks od wielu lat zachwyca swoimi kolbami i jest jednym z wiod\u0105cych producent\u00f3w na rynku. To produkt, kt\u00f3ry pos\u0142u\u017cy wiele lat. Dzi\u0119ki wysokiej jako\u015bci pow\u0142oce malarskiej ta kolba naprawd\u0119 [\u2026]<\/p>","protected":false},"featured_media":11899,"comment_status":"open","ping_status":"closed","template":"","meta":[],"_links":{"self":[{"href":"https:\/\/hookahshop.lt\/pl\/wp-json\/wp\/v2\/product\/11894"}],"collection":[{"href":"https:\/\/hookahshop.lt\/pl\/wp-json\/wp\/v2\/product"}],"about":[{"href":"https:\/\/hookahshop.lt\/pl\/wp-json\/wp\/v2\/types\/product"}],"replies":[{"embeddable":true,"href":"https:\/\/hookahshop.lt\/pl\/wp-json\/wp\/v2\/comments?post=11894"}],"version-history":[{"count":3,"href":"https:\/\/hookahshop.lt\/pl\/wp-json\/wp\/v2\/product\/11894\/revisions"}],"predecessor-version":[{"id":22977,"href":"https:\/\/hookahshop.lt\/pl\/wp-json\/wp\/v2\/product\/11894\/revisions\/22977"}],"wp:featuredmedia":[{"embeddable":true,"href":"https:\/\/hookahshop.lt\/pl\/wp-json\/wp\/v2\/media\/11899"}],"wp:attachment":[{"href":"https:\/\/hookahshop.lt\/pl\/wp-json\/wp\/v2\/media?parent=11894"}],"curies":[{"name":"wp","href":"https:\/\/api.w.org\/{rel}","templated":true}]}}