{"id":11902,"date":"2020-09-15T10:43:16","date_gmt":"2020-09-15T07:43:16","guid":{"rendered":"https:\/\/hookahshop.lt\/?post_type=product&#038;p=11902"},"modified":"2026-04-17T23:29:27","modified_gmt":"2026-04-17T20:29:27","slug":"kolba-kaljanui-bigmaks-base-mirrored-gold","status":"publish","type":"product","link":"https:\/\/hookahshop.lt\/pl\/produkt\/kolba-szisza-bigmaks-podstawa-lustrzana-zlota\/","title":{"rendered":"Kolba do fajki wodnej BIGMAKS Base Mirrored Gold"},"content":{"rendered":"<h2>Kolba na haczyk BigMaks Base Mirrored Gold<\/h2>\n<p>Jest to manierka, kt\u00f3ra zmie\u015bci si\u0119 prawie do ka\u017cdej fajki wodnej, ze standardowym pod\u0142\u0105czeniem jest to manierka lekka i wytrzyma\u0142a. Rosyjski producent BigMaks ju\u017c od wielu lat zachwyca opracowanymi kolbami i jest jednym z wiod\u0105cych producent\u00f3w na rynku.<\/p>\n<p>To produkt, kt\u00f3ry pos\u0142u\u017cy na d\u0142ugie lata. Dzi\u0119ki wysokiej jako\u015bci pow\u0142oce malarskiej kolba ta z pewno\u015bci\u0105 d\u0142ugo zachowa sw\u00f3j reprezentacyjny wizerunek i b\u0119dzie wygl\u0105da\u0107 jak z przeno\u015bnika producenta. Ta kolba ma grube \u015bciany. Grube \u015bciany zapewni\u0105 s\u0142ab\u0105 izolacj\u0119 akustyczn\u0105, co jest na tyle wa\u017cne przy paleniu bez dyfuzora. Ze wzgl\u0119du na d\u0142ugowieczno\u015b\u0107 haczyka BigMaks Base Mirrored Gold, nie b\u0119dziesz musia\u0142 martwi\u0107 si\u0119 o rozbicie tej kolby lub uszkodzenie jej w jakikolwiek inny spos\u00f3b. Dzi\u0119ki unikalnemu kszta\u0142towi (w\u0119\u017csze dno), b\u0119dziesz m\u00f3g\u0142 zabra\u0107 t\u0119 butelk\u0119 ze sob\u0105 w dowolne miejsce.<\/p>\n<p>Czy masz jakie\u015b pytania? Skontaktuj si\u0119 z nami <a href=\"https:\/\/hookahshop.lt\/pl\/lacznosc\/\">strona z kontaktami<\/a> lub napisz do nas na adres <a href=\"https:\/\/facebook.com\/HookahShop.lt\/\" target=\"_blank\" rel=\"noopener noreferrer\">konto na Facebooku<\/a> a my odpowiemy na Twoj\u0105 pro\u015bb\u0119 tego samego dnia.<\/p>","protected":false},"excerpt":{"rendered":"<p>Piersi\u00f3wka do fajki wodnej BigMaks Base Mirrored Gold Jest to kolba pasuj\u0105ca do niemal wszystkich fajek wodnych, ze standardowym przy\u0142\u0105czem, jest lekka i wytrzyma\u0142a. Rosyjski producent BigMaks od wielu lat zachwyca swoimi kolbami i jest jednym z wiod\u0105cych producent\u00f3w na rynku. To produkt, kt\u00f3ry pos\u0142u\u017cy wiele lat. Dzi\u0119ki wysokiej jako\u015bci pow\u0142oce malarskiej kolba ta jest naprawd\u0119 d\u0142uga [...]<\/p>","protected":false},"featured_media":11904,"comment_status":"open","ping_status":"closed","template":"","meta":[],"_links":{"self":[{"href":"https:\/\/hookahshop.lt\/pl\/wp-json\/wp\/v2\/product\/11902"}],"collection":[{"href":"https:\/\/hookahshop.lt\/pl\/wp-json\/wp\/v2\/product"}],"about":[{"href":"https:\/\/hookahshop.lt\/pl\/wp-json\/wp\/v2\/types\/product"}],"replies":[{"embeddable":true,"href":"https:\/\/hookahshop.lt\/pl\/wp-json\/wp\/v2\/comments?post=11902"}],"version-history":[{"count":3,"href":"https:\/\/hookahshop.lt\/pl\/wp-json\/wp\/v2\/product\/11902\/revisions"}],"predecessor-version":[{"id":22976,"href":"https:\/\/hookahshop.lt\/pl\/wp-json\/wp\/v2\/product\/11902\/revisions\/22976"}],"wp:featuredmedia":[{"embeddable":true,"href":"https:\/\/hookahshop.lt\/pl\/wp-json\/wp\/v2\/media\/11904"}],"wp:attachment":[{"href":"https:\/\/hookahshop.lt\/pl\/wp-json\/wp\/v2\/media?parent=11902"}],"curies":[{"name":"wp","href":"https:\/\/api.w.org\/{rel}","templated":true}]}}