{"id":11915,"date":"2020-09-15T10:59:06","date_gmt":"2020-09-15T07:59:06","guid":{"rendered":"https:\/\/hookahshop.lt\/?post_type=product&#038;p=11915"},"modified":"2026-04-14T23:29:05","modified_gmt":"2026-04-14T20:29:05","slug":"kolba-kaljanui-bigmaks-elegant-yellow-white","status":"publish","type":"product","link":"https:\/\/hookahshop.lt\/pl\/produkt\/kolba-do-szisza-bigmaks-elegancka-zolto-biala\/","title":{"rendered":"Kolba do fajki wodnej BIGMAKS Elegant Yellow White"},"content":{"rendered":"<h2>Butelka do fajki wodnej BigMaks Elegant Yellow White<\/h2>\n<p>Jest to manierka, kt\u00f3ra zmie\u015bci si\u0119 prawie do ka\u017cdej fajki wodnej, ze standardowym pod\u0142\u0105czeniem jest to manierka lekka i wytrzyma\u0142a. Rosyjski producent BigMaks ju\u017c od wielu lat zachwyca opracowanymi kolbami i jest jednym z wiod\u0105cych producent\u00f3w na rynku.<\/p>\n<p>Jest to produkt, kt\u00f3ry pos\u0142u\u017cy przez wiele lat. Dzi\u0119ki wysokiej jako\u015bci pow\u0142oce lakierniczej ta kolba z pewno\u015bci\u0105 zachowa sw\u00f3j reprezentacyjny wygl\u0105d przez d\u0142ugi czas i b\u0119dzie wygl\u0105da\u0107 tak, jakby dopiero co zjecha\u0142a z ta\u015bmy produkcyjnej producenta. Ta kolba jest grubo\u015bcienna. Grube \u015bcianki zapewni\u0105 doskona\u0142\u0105 izolacj\u0119 akustyczn\u0105, co jest o tyle wa\u017cne przy paleniu bez dyfuzora. Dzi\u0119ki trwa\u0142o\u015bci BigMaks Elegant (\u017c\u00f3\u0142to-bia\u0142y) nie b\u0119dziesz musia\u0142 si\u0119 martwi\u0107 o st\u0142uczenie lub inne uszkodzenie tej piersi\u00f3wki. Dzi\u0119ki unikalnemu kszta\u0142towi (w\u0119\u017csze dno) mo\u017cesz zabra\u0107 ten bidon ze sob\u0105 w ka\u017cd\u0105 podr\u00f3\u017c.<\/p>\n<p><strong>Specyfikacje:<\/strong><br \/>\nWysoko\u015b\u0107: 265mm<br \/>\nWaga: ~2000g<br \/>\n\u015arednica otworu zewn\u0119trznego: 70 mm<br \/>\nWewn\u0119trzna \u015brednica otworu: 45mm<br \/>\nMateria\u0142 produktu: szk\u0142o kryszta\u0142owe<\/p>\n<p>Czy masz jakie\u015b pytania? Skontaktuj si\u0119 z nami <a href=\"https:\/\/hookahshop.lt\/pl\/lacznosc\/\">strona z kontaktami<\/a> lub napisz do nas na adres <a href=\"https:\/\/facebook.com\/HookahShop.lt\/\" target=\"_blank\" rel=\"noopener noreferrer\">konto na Facebooku<\/a> a my odpowiemy na Twoj\u0105 pro\u015bb\u0119 tego samego dnia.<\/p>","protected":false},"excerpt":{"rendered":"<p>Kolba na fajk\u0119 wodn\u0105 BigMaks Elegant Yellow White To kolba, kt\u00f3ra pasuje do niemal wszystkich fajek wodnych, ze standardowym przy\u0142\u0105czem, jest to lekka i wytrzyma\u0142a kolba. Rosyjski producent BigMaks zachwyca swoimi kolbami od wielu lat i jest jednym z wiod\u0105cych producent\u00f3w na rynku. To produkt, kt\u00f3ry pos\u0142u\u017cy przez wiele lat. Dzi\u0119ki wysokiej jako\u015bci pow\u0142oce lakierniczej ta kolba naprawd\u0119 pos\u0142u\u017cy przez d\u0142ugi czas [\u2026]<\/p>","protected":false},"featured_media":11916,"comment_status":"open","ping_status":"closed","template":"","meta":[],"_links":{"self":[{"href":"https:\/\/hookahshop.lt\/pl\/wp-json\/wp\/v2\/product\/11915"}],"collection":[{"href":"https:\/\/hookahshop.lt\/pl\/wp-json\/wp\/v2\/product"}],"about":[{"href":"https:\/\/hookahshop.lt\/pl\/wp-json\/wp\/v2\/types\/product"}],"replies":[{"embeddable":true,"href":"https:\/\/hookahshop.lt\/pl\/wp-json\/wp\/v2\/comments?post=11915"}],"version-history":[{"count":5,"href":"https:\/\/hookahshop.lt\/pl\/wp-json\/wp\/v2\/product\/11915\/revisions"}],"predecessor-version":[{"id":45047,"href":"https:\/\/hookahshop.lt\/pl\/wp-json\/wp\/v2\/product\/11915\/revisions\/45047"}],"wp:featuredmedia":[{"embeddable":true,"href":"https:\/\/hookahshop.lt\/pl\/wp-json\/wp\/v2\/media\/11916"}],"wp:attachment":[{"href":"https:\/\/hookahshop.lt\/pl\/wp-json\/wp\/v2\/media?parent=11915"}],"curies":[{"name":"wp","href":"https:\/\/api.w.org\/{rel}","templated":true}]}}