{"id":11919,"date":"2020-09-15T11:12:43","date_gmt":"2020-09-15T08:12:43","guid":{"rendered":"https:\/\/hookahshop.lt\/?post_type=product&#038;p=11919"},"modified":"2026-04-15T23:29:08","modified_gmt":"2026-04-15T20:29:08","slug":"sakute-kaljano-tabakui-maklaud-merlin","status":"publish","type":"product","link":"https:\/\/hookahshop.lt\/pl\/produkt\/sakute-szisza-tyton-maklaud-merlin\/","title":{"rendered":"Widelec do fajki wodnej MAKLAUD Merlin"},"content":{"rendered":"<h2>Widelec do fajki wodnej MAKLAUD Merlin<\/h2>\n<p>Wykonane wed\u0142ug artefaktu wielkiego czarnoksi\u0119\u017cnika Merlina.<\/p>\n<p>Specyfikacje:<br \/>\nSk\u0142ad: mosi\u0105dz i zdobiony kamieniem naturalnym.<br \/>\nD\u0142ugo\u015b\u0107: 127mm<br \/>\nD\u0142ugo\u015b\u0107 powierzchni roboczej: 35mm<br \/>\nWaga: oko\u0142o 25g.<\/p>\n<p>Czy masz jakie\u015b pytania? Skontaktuj si\u0119 z nami <a href=\"https:\/\/hookahshop.lt\/pl\/lacznosc\/\">strona z kontaktami<\/a> lub napisz do nas na adres <a href=\"https:\/\/facebook.com\/HookahShop.lt\/\" target=\"_blank\" rel=\"noopener noreferrer\">konto na Facebooku<\/a> a my odpowiemy na Twoj\u0105 pro\u015bb\u0119 tego samego dnia.<\/p>","protected":false},"excerpt":{"rendered":"<p>Widelec do tytoniu do fajki wodnej MAKLAUD Merlin Wykonany wed\u0142ug artefaktu wielkiego czarodzieja Merlina. Dane techniczne: Sk\u0142ad: mosi\u0105dz i ozdobiony kamieniem naturalnym. D\u0142ugo\u015b\u0107: 127mm D\u0142ugo\u015b\u0107 powierzchni roboczej: 35mm Waga: oko\u0142o 25g. Czy masz jakie\u015b pytania? Skontaktuj si\u0119 z nami na stronie kontaktowej lub napisz do nas na naszym koncie na Facebooku, a my odpowiemy na Twoj\u0105 pro\u015bb\u0119 jeszcze tego samego dnia.<\/p>","protected":false},"featured_media":11922,"comment_status":"open","ping_status":"closed","template":"","meta":[],"_links":{"self":[{"href":"https:\/\/hookahshop.lt\/pl\/wp-json\/wp\/v2\/product\/11919"}],"collection":[{"href":"https:\/\/hookahshop.lt\/pl\/wp-json\/wp\/v2\/product"}],"about":[{"href":"https:\/\/hookahshop.lt\/pl\/wp-json\/wp\/v2\/types\/product"}],"replies":[{"embeddable":true,"href":"https:\/\/hookahshop.lt\/pl\/wp-json\/wp\/v2\/comments?post=11919"}],"version-history":[{"count":4,"href":"https:\/\/hookahshop.lt\/pl\/wp-json\/wp\/v2\/product\/11919\/revisions"}],"predecessor-version":[{"id":43112,"href":"https:\/\/hookahshop.lt\/pl\/wp-json\/wp\/v2\/product\/11919\/revisions\/43112"}],"wp:featuredmedia":[{"embeddable":true,"href":"https:\/\/hookahshop.lt\/pl\/wp-json\/wp\/v2\/media\/11922"}],"wp:attachment":[{"href":"https:\/\/hookahshop.lt\/pl\/wp-json\/wp\/v2\/media?parent=11919"}],"curies":[{"name":"wp","href":"https:\/\/api.w.org\/{rel}","templated":true}]}}