{"id":11931,"date":"2020-09-15T11:26:44","date_gmt":"2020-09-15T08:26:44","guid":{"rendered":"https:\/\/hookahshop.lt\/?post_type=product&#038;p=11931"},"modified":"2026-04-14T23:29:05","modified_gmt":"2026-04-14T20:29:05","slug":"kolba-kaljanui-bigmaks-rainbow","status":"publish","type":"product","link":"https:\/\/hookahshop.lt\/pl\/produkt\/kolba-do-fajki-wodnej-bigmaks-tecza\/","title":{"rendered":"Kolba do fajki wodnej BIGMAKS Rainbow"},"content":{"rendered":"<h2>Kolba dla Kaljanui BigMaks Rainbow<\/h2>\n<p>Jest to manierka, kt\u00f3ra zmie\u015bci si\u0119 prawie do ka\u017cdej fajki wodnej, ze standardowym pod\u0142\u0105czeniem jest to manierka lekka i wytrzyma\u0142a. Rosyjski producent BigMaks ju\u017c od wielu lat zachwyca opracowanymi kolbami i jest jednym z wiod\u0105cych producent\u00f3w na rynku.<\/p>\n<p>Jest to produkt, kt\u00f3ry pos\u0142u\u017cy przez wiele lat. Dzi\u0119ki wysokiej jako\u015bci pow\u0142oce lakierniczej ta kolba z pewno\u015bci\u0105 zachowa sw\u00f3j reprezentacyjny wygl\u0105d przez d\u0142ugi czas i b\u0119dzie wygl\u0105da\u0107 tak, jakby dopiero co zjecha\u0142a z ta\u015bmy produkcyjnej producenta. Ta kolba jest grubo\u015bcienna. Grube \u015bcianki zapewni\u0105 doskona\u0142\u0105 izolacj\u0119 akustyczn\u0105, co jest o tyle wa\u017cne przy paleniu bez dyfuzora. Dzi\u0119ki wytrzyma\u0142o\u015bci BigMaks Rainbow nie b\u0119dziesz musia\u0142 si\u0119 martwi\u0107 o st\u0142uczenie lub inne uszkodzenie tej piersi\u00f3wki. Dzi\u0119ki unikalnemu kszta\u0142towi (w\u0119\u017csze dno) mo\u017cesz zabra\u0107 ten bidon ze sob\u0105 w ka\u017cd\u0105 podr\u00f3\u017c.<\/p>\n<div class=\"tlid-results-container results-container\">\n<div class=\"tlid-result result-dict-wrapper\">\n<div class=\"result tlid-copy-target\">\n<div class=\"result-header\">\n<div class=\"starbutton jfk-button-flat jfk-button unstarred\" role=\"button\" aria-label=\"Oznacz t\u0142umaczenie gwiazdk\u0105\" data-tooltip=\"Pa\u017eym\u0117ti vertim\u0105 \u017evaig\u017edute\" data-tooltip-align=\"t,c\">\n<div class=\"jfk-button-img\"><\/div>\n<\/div>\n<\/div>\n<div class=\"text-wrap tlid-copy-target\">\n<div class=\"result-shield-container tlid-copy-target\"><span class=\"tlid-translation translation\" lang=\"lt\"><strong><span title=\"\">Specyfikacje:<\/span><\/strong><br \/>\n<span title=\"\">Wysoko\u015b\u0107: 262 mm<\/span><br \/>\n<span title=\"\">Waga: ~ 1555 g<\/span><br \/>\n<span class=\"\" title=\"\">\u015arednica otworu zewn\u0119trznego: 73 mm<\/span><br \/>\n<span class=\"\" title=\"\">\u015arednica otworu wewn\u0119trznego: 47 mm<\/span><br \/>\n<span class=\"\" title=\"\">Materia\u0142 produktu: szk\u0142o kryszta\u0142owe<\/span><\/span><\/div>\n<div><\/div>\n<div>Czy masz jakie\u015b pytania? Skontaktuj si\u0119 z nami <a href=\"https:\/\/hookahshop.lt\/pl\/lacznosc\/\">strona z kontaktami<\/a> lub napisz do nas na adres <a href=\"https:\/\/facebook.com\/HookahShop.lt\/\" target=\"_blank\" rel=\"noopener noreferrer\">konto na Facebooku<\/a> a my odpowiemy na Twoj\u0105 pro\u015bb\u0119 tego samego dnia.<\/div>\n<\/div>\n<\/div>\n<\/div>\n<\/div>","protected":false},"excerpt":{"rendered":"<p>BigMaks Rainbow Hookah Flask Jest to termos, kt\u00f3ry pasuje do niemal wszystkich fajek wodnych, ze standardowym przy\u0142\u0105czem jest lekki i wytrzyma\u0142y. Rosyjski producent BigMaks od wielu lat zachwyca swoimi kolbami i jest jednym z wiod\u0105cych producent\u00f3w na rynku. To produkt, kt\u00f3ry pos\u0142u\u017cy wiele lat. Dzi\u0119ki wysokiej jako\u015bci pow\u0142oce lakierniczej ta kolba z pewno\u015bci\u0105 zachowa sw\u00f3j [\u2026]<\/p>","protected":false},"featured_media":11946,"comment_status":"open","ping_status":"closed","template":"","meta":[],"_links":{"self":[{"href":"https:\/\/hookahshop.lt\/pl\/wp-json\/wp\/v2\/product\/11931"}],"collection":[{"href":"https:\/\/hookahshop.lt\/pl\/wp-json\/wp\/v2\/product"}],"about":[{"href":"https:\/\/hookahshop.lt\/pl\/wp-json\/wp\/v2\/types\/product"}],"replies":[{"embeddable":true,"href":"https:\/\/hookahshop.lt\/pl\/wp-json\/wp\/v2\/comments?post=11931"}],"version-history":[{"count":5,"href":"https:\/\/hookahshop.lt\/pl\/wp-json\/wp\/v2\/product\/11931\/revisions"}],"predecessor-version":[{"id":43070,"href":"https:\/\/hookahshop.lt\/pl\/wp-json\/wp\/v2\/product\/11931\/revisions\/43070"}],"wp:featuredmedia":[{"embeddable":true,"href":"https:\/\/hookahshop.lt\/pl\/wp-json\/wp\/v2\/media\/11946"}],"wp:attachment":[{"href":"https:\/\/hookahshop.lt\/pl\/wp-json\/wp\/v2\/media?parent=11931"}],"curies":[{"name":"wp","href":"https:\/\/api.w.org\/{rel}","templated":true}]}}