{"id":11932,"date":"2020-09-15T11:22:39","date_gmt":"2020-09-15T08:22:39","guid":{"rendered":"https:\/\/hookahshop.lt\/?post_type=product&#038;p=11932"},"modified":"2026-04-18T23:29:00","modified_gmt":"2026-04-18T20:29:00","slug":"sakute-kaljano-tabakui-maklaud-styx","status":"publish","type":"product","link":"https:\/\/hookahshop.lt\/pl\/produkt\/sakute-szisza-tyton-maklaud-styx\/","title":{"rendered":"Haczyk do haka na tyto\u0144 MAKLAUD Styx"},"content":{"rendered":"<h2>Haczyk do haka na tyto\u0144 MAKLAUD Styx<\/h2>\n<p>Wykonany w stylu Styksu, przewo\u017anika duszy zmar\u0142ych. Kr\u0105\u017c\u0105 pog\u0142oski, \u017ce sam Charon nape\u0142ni\u0142 sw\u00f3j kubek tym postrz\u0119pionym tr\u00f3jz\u0119bem. Ale to do\u015b\u0107 mroczna historia\u2026<\/p>\n<p>Specyfikacje:<br \/>\nMateria\u0142: mosi\u0105dz<br \/>\nD\u0142ugo\u015b\u0107: 127mm<br \/>\nD\u0142ugo\u015b\u0107 powierzchni roboczej: 35mm<br \/>\nWaga: oko\u0142o 30g.<\/p>\n<p>Czy masz jakie\u015b pytania? Skontaktuj si\u0119 z nami <a href=\"https:\/\/hookahshop.lt\/pl\/lacznosc\/\">strona z kontaktami<\/a> lub napisz do nas na adres <a href=\"https:\/\/facebook.com\/HookahShop.lt\/\" target=\"_blank\" rel=\"noopener noreferrer\">konto na Facebooku<\/a> a my odpowiemy na Twoj\u0105 pro\u015bb\u0119 tego samego dnia.<\/p>","protected":false},"excerpt":{"rendered":"<p>Widelec do tytoniu do fajki wodnej MAKLAUD Styx Wykonany w stylu Styksu, no\u015bnika dusz zmar\u0142ych. Kr\u0105\u017c\u0105 pog\u0142oski, \u017ce sam Charon nape\u0142ni\u0142 sw\u00f3j kubek tym postrz\u0119pionym tr\u00f3jz\u0119bem. Ale to do\u015b\u0107 mroczna historia... Dane techniczne: Materia\u0142: mosi\u0105dz D\u0142ugo\u015b\u0107: 127mm D\u0142ugo\u015b\u0107 powierzchni roboczej: 35mm Waga: oko\u0142o 30g. Czy masz jakie\u015b pytania? Skontaktuj si\u0119 z nami na stronie kontaktowej lub napisz do nas na naszym koncie na Facebooku, a my odpowiemy [\u2026]<\/p>","protected":false},"featured_media":11937,"comment_status":"open","ping_status":"closed","template":"","meta":[],"_links":{"self":[{"href":"https:\/\/hookahshop.lt\/pl\/wp-json\/wp\/v2\/product\/11932"}],"collection":[{"href":"https:\/\/hookahshop.lt\/pl\/wp-json\/wp\/v2\/product"}],"about":[{"href":"https:\/\/hookahshop.lt\/pl\/wp-json\/wp\/v2\/types\/product"}],"replies":[{"embeddable":true,"href":"https:\/\/hookahshop.lt\/pl\/wp-json\/wp\/v2\/comments?post=11932"}],"version-history":[{"count":4,"href":"https:\/\/hookahshop.lt\/pl\/wp-json\/wp\/v2\/product\/11932\/revisions"}],"predecessor-version":[{"id":43113,"href":"https:\/\/hookahshop.lt\/pl\/wp-json\/wp\/v2\/product\/11932\/revisions\/43113"}],"wp:featuredmedia":[{"embeddable":true,"href":"https:\/\/hookahshop.lt\/pl\/wp-json\/wp\/v2\/media\/11937"}],"wp:attachment":[{"href":"https:\/\/hookahshop.lt\/pl\/wp-json\/wp\/v2\/media?parent=11932"}],"curies":[{"name":"wp","href":"https:\/\/api.w.org\/{rel}","templated":true}]}}