{"id":11945,"date":"2020-09-15T11:41:16","date_gmt":"2020-09-15T08:41:16","guid":{"rendered":"https:\/\/hookahshop.lt\/?post_type=product&#038;p=11945"},"modified":"2026-05-14T23:28:56","modified_gmt":"2026-05-14T20:28:56","slug":"kaljanas-maklaud-banka","status":"publish","type":"product","link":"https:\/\/hookahshop.lt\/pl\/produkt\/hookah-maklaud-banka\/","title":{"rendered":"Hookah MAKLAUD Bank"},"content":{"rendered":"<h2>Hookah MAKLAUD Bank<\/h2>\n<p>To fajka wodna o specyficznym designie, kt\u00f3ra zaskakuje prostot\u0105 i niepowtarzalno\u015bci\u0105. Konstrukcja tej fajki wodnej jest ca\u0142kowicie prosta i nie ma \u017cadnych fantazyjnych po\u0142\u0105cze\u0144 i wyko\u0144cze\u0144. To fajka wodna \u201ena ka\u017cdy dzie\u0144\u201d. Maklaud Banka jest lekki i kompaktowy, wi\u0119c z pewno\u015bci\u0105 nie b\u0119dziesz mia\u0142 problem\u00f3w z jego transportem czy ustawieniem w domu, nawet je\u015bli nie masz w og\u00f3le miejsca. Ta doskona\u0142a fajka wodna nadaje si\u0119 do \u0142owienia ryb i relaksu w ulubionym otoczeniu<\/p>\n<p><strong>Specyfikacje:<\/strong><\/p>\n<p>Wysoko\u015b\u0107: 35 cm<br \/>\nMateria\u0142 wa\u0142u: aluminium spo\u017cywcze<br \/>\nMateria\u0142 wa\u0142u zanurzeniowego: silikon<br \/>\nZaw\u00f3r: zewn\u0119trzny<br \/>\nMonta\u017c: kliknij<\/p>\n<p><strong>Ekwipunek:<\/strong><\/p>\n<p>Wa\u0142<\/p>\n<p>Taca<br \/>\nW\u0105\u017c silikonowy<br \/>\nUstnik<br \/>\nStrzelba<br \/>\nInstrukcje Instalacji<br \/>\nSkrzynka<\/p>\n<p>Czy masz jakie\u015b pytania? Skontaktuj si\u0119 z nami <a href=\"https:\/\/hookahshop.lt\/pl\/lacznosc\/\">strona z kontaktami<\/a> lub napisz do nas na adres <a href=\"https:\/\/facebook.com\/HookahShop.lt\/\" target=\"_blank\" rel=\"noopener noreferrer\">konto na Facebooku<\/a> a my odpowiemy na Twoj\u0105 pro\u015bb\u0119 tego samego dnia.<\/p>","protected":false},"excerpt":{"rendered":"<p>Fajka wodna MAKLAUD Banka To fajka wodna o specyficznym designie, kt\u00f3ra zaskakuje prostot\u0105 i niepowtarzalno\u015bci\u0105. Konstrukcja tej fajki wodnej jest ca\u0142kowicie prosta i nie ma \u017cadnych fantazyjnych po\u0142\u0105cze\u0144 i wyko\u0144cze\u0144. To fajka wodna \u201ena ka\u017cdy dzie\u0144\u201d. Maklaud Banka jest lekki i kompaktowy, wi\u0119c z pewno\u015bci\u0105 nie b\u0119dziesz mia\u0142 problem\u00f3w z jego transportem czy ustawieniem w domu, nawet je\u015bli nie masz w og\u00f3le miejsca. Ten wspania\u0142y [\u2026]<\/p>","protected":false},"featured_media":11955,"comment_status":"open","ping_status":"closed","template":"","meta":[],"_links":{"self":[{"href":"https:\/\/hookahshop.lt\/pl\/wp-json\/wp\/v2\/product\/11945"}],"collection":[{"href":"https:\/\/hookahshop.lt\/pl\/wp-json\/wp\/v2\/product"}],"about":[{"href":"https:\/\/hookahshop.lt\/pl\/wp-json\/wp\/v2\/types\/product"}],"replies":[{"embeddable":true,"href":"https:\/\/hookahshop.lt\/pl\/wp-json\/wp\/v2\/comments?post=11945"}],"version-history":[{"count":3,"href":"https:\/\/hookahshop.lt\/pl\/wp-json\/wp\/v2\/product\/11945\/revisions"}],"predecessor-version":[{"id":33356,"href":"https:\/\/hookahshop.lt\/pl\/wp-json\/wp\/v2\/product\/11945\/revisions\/33356"}],"wp:featuredmedia":[{"embeddable":true,"href":"https:\/\/hookahshop.lt\/pl\/wp-json\/wp\/v2\/media\/11955"}],"wp:attachment":[{"href":"https:\/\/hookahshop.lt\/pl\/wp-json\/wp\/v2\/media?parent=11945"}],"curies":[{"name":"wp","href":"https:\/\/api.w.org\/{rel}","templated":true}]}}