{"id":11958,"date":"2020-09-15T11:45:42","date_gmt":"2020-09-15T08:45:42","guid":{"rendered":"https:\/\/hookahshop.lt\/?post_type=product&#038;p=11958"},"modified":"2026-04-22T23:28:48","modified_gmt":"2026-04-22T20:28:48","slug":"yla-kaljano-tabakui-maklaud-styx","status":"publish","type":"product","link":"https:\/\/hookahshop.lt\/pl\/produkt\/yla-kaljano-tobacco-maklaud-styx\/","title":{"rendered":"Yla fajka wodna na tyto\u0144 MAKLAUD Styx"},"content":{"rendered":"<h2>Yla fajka wodna na tyto\u0144 MAKLAUD Styx<\/h2>\n<p>Ekskluzywne r\u0119kodzie\u0142o wykonane z mosi\u0105dzu. Niesamowity widok w stylu szkieletu.<br \/>\nSpecyfikacje:<br \/>\nD\u0142ugo\u015b\u0107: 61mm<br \/>\nD\u0142ugo\u015b\u0107 r\u0119koje\u015bci: 31mm<br \/>\nWaga: oko\u0142o 4g.<\/p>\n<p>Czy masz jakie\u015b pytania? Skontaktuj si\u0119 z nami <a href=\"https:\/\/hookahshop.lt\/pl\/lacznosc\/\">strona z kontaktami<\/a> lub napisz do nas na adres <a href=\"https:\/\/facebook.com\/HookahShop.lt\/\" target=\"_blank\" rel=\"noopener noreferrer\">konto na Facebooku<\/a> a my odpowiemy na Twoj\u0105 pro\u015bb\u0119 tego samego dnia.<\/p>","protected":false},"excerpt":{"rendered":"<p>Szisza Yla do tytoniu MAKLAUD Styx Ekskluzywne r\u0119kodzie\u0142o wykonane z mosi\u0105dzu. Niesamowity obraz w stylu szkieletu. Dane techniczne: D\u0142ugo\u015b\u0107: 61 mm D\u0142ugo\u015b\u0107 r\u0105czki: 31 mm Waga: oko\u0142o 4g. Czy masz jakie\u015b pytania? Skontaktuj si\u0119 z nami na stronie kontaktowej lub napisz do nas na naszym koncie na Facebooku, a my odpowiemy na Twoj\u0105 pro\u015bb\u0119 jeszcze tego samego dnia.<\/p>","protected":false},"featured_media":11959,"comment_status":"open","ping_status":"closed","template":"","meta":[],"_links":{"self":[{"href":"https:\/\/hookahshop.lt\/pl\/wp-json\/wp\/v2\/product\/11958"}],"collection":[{"href":"https:\/\/hookahshop.lt\/pl\/wp-json\/wp\/v2\/product"}],"about":[{"href":"https:\/\/hookahshop.lt\/pl\/wp-json\/wp\/v2\/types\/product"}],"replies":[{"embeddable":true,"href":"https:\/\/hookahshop.lt\/pl\/wp-json\/wp\/v2\/comments?post=11958"}],"version-history":[{"count":4,"href":"https:\/\/hookahshop.lt\/pl\/wp-json\/wp\/v2\/product\/11958\/revisions"}],"predecessor-version":[{"id":37701,"href":"https:\/\/hookahshop.lt\/pl\/wp-json\/wp\/v2\/product\/11958\/revisions\/37701"}],"wp:featuredmedia":[{"embeddable":true,"href":"https:\/\/hookahshop.lt\/pl\/wp-json\/wp\/v2\/media\/11959"}],"wp:attachment":[{"href":"https:\/\/hookahshop.lt\/pl\/wp-json\/wp\/v2\/media?parent=11958"}],"curies":[{"name":"wp","href":"https:\/\/api.w.org\/{rel}","templated":true}]}}