{"id":11975,"date":"2020-09-15T13:05:01","date_gmt":"2020-09-15T10:05:01","guid":{"rendered":"https:\/\/hookahshop.lt\/?post_type=product&#038;p=11975"},"modified":"2026-04-17T16:33:20","modified_gmt":"2026-04-17T13:33:20","slug":"taurele-kaljanui-japona-hookah-ego-2-0","status":"publish","type":"product","link":"https:\/\/hookahshop.lt\/pl\/produkt\/kubek-do-sziszy-japonskiej-fajki-ego-2-0\/","title":{"rendered":"Kubek do fajki wodnej JAPONA HOOKAH Ego 2.0"},"content":{"rendered":"<h2>Kubek do fajki wodnej JAPONA HOOKAH Ego 2.0<\/h2>\n<p>Oryginalny japo\u0144ski kubek mini phunnel do fajki wodnej.<\/p>\n<p>Japan Hookah Ego to oryginalnie wygl\u0105daj\u0105ca fili\u017canka typu phunnel z oryginalnym paskiem w dolnej cz\u0119\u015bci fili\u017canki. Fili\u017canka do fajki wodnej Japona Hookah Ego szybko si\u0119 nagrzewa, nadaje dobry smak i aromat tytoniu. Ucieszy mi\u0142o\u015bnik\u00f3w komfortowego palenia solo o smaku, ceni\u0105cych styl i jako\u015b\u0107. Drewniane pude\u0142ko upominkowe podkre\u015bla warto\u015b\u0107 kubka i idealnie nadaje si\u0119 na prezent. Pojemno\u015b\u0107 kubka Japona Hookah Ego - 5 gr.<\/p>\n<p>Specyfikacje:<br \/>\nWysoko\u015b\u0107: 108 mm<br \/>\n\u015arednica (zewn\u0119trzna): 53 mm<br \/>\n\u015arednica (wewn\u0119trzna): 47mm<br \/>\nG\u0142\u0119boko\u015b\u0107: 9mm<br \/>\n\u015arednica otworu: 18mm<br \/>\nLiczba otwor\u00f3w: 1 szt<br \/>\nWaga: oko\u0142o 130 gram\u00f3w<\/p>\n<p>Czy masz jakie\u015b pytania? Skontaktuj si\u0119 z nami <a href=\"https:\/\/hookahshop.lt\/pl\/lacznosc\/\">strona z kontaktami<\/a> lub napisz do nas na adres <a href=\"https:\/\/facebook.com\/HookahShop.lt\/\" target=\"_blank\" rel=\"noopener noreferrer\">konto na Facebooku<\/a> a my odpowiemy na Twoj\u0105 pro\u015bb\u0119 tego samego dnia.<\/p>","protected":false},"excerpt":{"rendered":"<p>Kubek na fajk\u0119 wodn\u0105 JAPAN HOOKAH Ego 2.0 Oryginalny japo\u0144ski stylowy mini kubek na fajk\u0119 wodn\u0105. Japan Hookah Ego to oryginalnie wygl\u0105daj\u0105ca fili\u017canka typu phunnel z oryginalnym paskiem w dolnej cz\u0119\u015bci fili\u017canki. Fili\u017canka do fajki wodnej Japona Hookah Ego szybko si\u0119 nagrzewa, nadaje dobry smak i aromat tytoniu. Ucieszy mi\u0142o\u015bnik\u00f3w komfortowego palenia solo o smaku, ceni\u0105cych styl i jako\u015b\u0107. Drewniany prezent [\u2026]<\/p>","protected":false},"featured_media":11977,"comment_status":"open","ping_status":"closed","template":"","meta":[],"_links":{"self":[{"href":"https:\/\/hookahshop.lt\/pl\/wp-json\/wp\/v2\/product\/11975"}],"collection":[{"href":"https:\/\/hookahshop.lt\/pl\/wp-json\/wp\/v2\/product"}],"about":[{"href":"https:\/\/hookahshop.lt\/pl\/wp-json\/wp\/v2\/types\/product"}],"replies":[{"embeddable":true,"href":"https:\/\/hookahshop.lt\/pl\/wp-json\/wp\/v2\/comments?post=11975"}],"version-history":[{"count":2,"href":"https:\/\/hookahshop.lt\/pl\/wp-json\/wp\/v2\/product\/11975\/revisions"}],"predecessor-version":[{"id":23103,"href":"https:\/\/hookahshop.lt\/pl\/wp-json\/wp\/v2\/product\/11975\/revisions\/23103"}],"wp:featuredmedia":[{"embeddable":true,"href":"https:\/\/hookahshop.lt\/pl\/wp-json\/wp\/v2\/media\/11977"}],"wp:attachment":[{"href":"https:\/\/hookahshop.lt\/pl\/wp-json\/wp\/v2\/media?parent=11975"}],"curies":[{"name":"wp","href":"https:\/\/api.w.org\/{rel}","templated":true}]}}