{"id":11981,"date":"2020-09-15T13:25:46","date_gmt":"2020-09-15T10:25:46","guid":{"rendered":"https:\/\/hookahshop.lt\/?post_type=product&#038;p=11981"},"modified":"2026-04-17T16:33:20","modified_gmt":"2026-04-17T13:33:20","slug":"taurele-kaljanui-japona-hookah-smoke","status":"publish","type":"product","link":"https:\/\/hookahshop.lt\/pl\/produkt\/kubek-do-sziszy-japonskiej-dymu\/","title":{"rendered":"Kubek do fajki wodnej JAPONA HOOKAH Smoke Black"},"content":{"rendered":"<h2>Kubek do fajki wodnej JAPONA HOOKAH Smoke Black<\/h2>\n<p>Wykonany jest z wysokiej jako\u015bci czerwonej gliny i wyrabiany r\u0119cznie na kole garncarskim.<\/p>\n<p>Japona Hookah Smoke ma oryginaln\u0105 powierzchni\u0119, nie jest wysoka i ma \u015bredni koszt sabako. Opr\u00f3cz centralnego, zamiast jak zwykle pi\u0119ciu, na dole kubka znajduj\u0105 si\u0119 cztery otwory. Dolna miseczka Japona Smoke pokryta jest stylowymi sznurowad\u0142ami. Zapakowane w markowe, upominkowe, drewniane opakowanie.<\/p>\n<p>Japona Hookah Smoke jest idealna zar\u00f3wno dla mi\u0142o\u015bnik\u00f3w tytoniu solo, jak i mieszanek. Miska przeznaczona jest do tytoni \u015brednich i mocnych. Spo\u017cywa si\u0119 oko\u0142o 13-15 gram\u00f3w tytoniu.<\/p>\n<p>Specyfikacje:<br \/>\nWysoko\u015b\u0107: 80 mm<br \/>\n\u015arednica (zewn\u0119trzna): 61 mm<br \/>\n\u015arednica (wewn\u0119trzna): 54 mm<br \/>\nG\u0142\u0119boko\u015b\u0107: 18 mm<br \/>\n\u015arednica otworu: 7 mm<br \/>\nIlo\u015b\u0107 otwor\u00f3w: 4 szt<br \/>\nWaga: oko\u0142o 165 gram\u00f3w<\/p>\n<p>Czy masz jakie\u015b pytania? Skontaktuj si\u0119 z nami <a href=\"https:\/\/hookahshop.lt\/pl\/lacznosc\/\">strona z kontaktami<\/a> lub napisz do nas na adres <a href=\"https:\/\/facebook.com\/HookahShop.lt\/\" target=\"_blank\" rel=\"noopener noreferrer\">konto na Facebooku<\/a> a my odpowiemy na Twoj\u0105 pro\u015bb\u0119 tego samego dnia.<\/p>","protected":false},"excerpt":{"rendered":"<p>Fili\u017canka do fajki wodnej JAPONA HOOKAH Smoke Black Wykonana jest z wysokiej jako\u015bci czerwonej gliny i wyrabiana r\u0119cznie na kole garncarskim. Japona Hookah Smoke ma oryginaln\u0105 powierzchni\u0119, nie jest wysoka i ma \u015bredni koszt sabako. Opr\u00f3cz centralnego, zamiast jak zwykle pi\u0119ciu, na dole kubka znajduj\u0105 si\u0119 cztery otwory. Dolna miseczka Japona Smoke pokryta jest stylowymi sznurowad\u0142ami. Zapakowane w markowe, upominkowe, drewniane [\u2026]<\/p>","protected":false},"featured_media":11982,"comment_status":"open","ping_status":"closed","template":"","meta":[],"_links":{"self":[{"href":"https:\/\/hookahshop.lt\/pl\/wp-json\/wp\/v2\/product\/11981"}],"collection":[{"href":"https:\/\/hookahshop.lt\/pl\/wp-json\/wp\/v2\/product"}],"about":[{"href":"https:\/\/hookahshop.lt\/pl\/wp-json\/wp\/v2\/types\/product"}],"replies":[{"embeddable":true,"href":"https:\/\/hookahshop.lt\/pl\/wp-json\/wp\/v2\/comments?post=11981"}],"version-history":[{"count":3,"href":"https:\/\/hookahshop.lt\/pl\/wp-json\/wp\/v2\/product\/11981\/revisions"}],"predecessor-version":[{"id":24057,"href":"https:\/\/hookahshop.lt\/pl\/wp-json\/wp\/v2\/product\/11981\/revisions\/24057"}],"wp:featuredmedia":[{"embeddable":true,"href":"https:\/\/hookahshop.lt\/pl\/wp-json\/wp\/v2\/media\/11982"}],"wp:attachment":[{"href":"https:\/\/hookahshop.lt\/pl\/wp-json\/wp\/v2\/media?parent=11981"}],"curies":[{"name":"wp","href":"https:\/\/api.w.org\/{rel}","templated":true}]}}