{"id":11985,"date":"2020-09-15T13:45:01","date_gmt":"2020-09-15T10:45:01","guid":{"rendered":"https:\/\/hookahshop.lt\/?post_type=product&#038;p=11985"},"modified":"2026-04-20T23:29:14","modified_gmt":"2026-04-20T20:29:14","slug":"taurele-kaljanui-japona-hookah-killer","status":"publish","type":"product","link":"https:\/\/hookahshop.lt\/pl\/produkt\/puchar-do-sziszy-japonskiej-zabojcy-fajki-wodnej\/","title":{"rendered":"Kubek do fajki wodnej JAPONA HOOKAH Killer Yellow"},"content":{"rendered":"<h2>Kubek do fajki wodnej JAPONA HOOKAH Killer Yellow<\/h2>\n<p>Kubek ten jest znany na ca\u0142ym \u015bwiecie dzi\u0119ki pe\u0142nej wdzi\u0119ku fakturze i plecionej lince.<\/p>\n<p>Kubek Killer wykonany jest z czerwonej gliny i ma p\u0142askie dno oraz grube boki, kt\u00f3re r\u00f3wnomiernie si\u0119 nagrzewaj\u0105 i ujawniaj\u0105 smak tytoniu. Ten kszta\u0142t jest idealny do twardych opakowa\u0144. Obj\u0119to\u015b\u0107 kubka to oko\u0142o 15-17 gram\u00f3w.<\/p>\n<p>Japan Hookah Killer Cup jest zapakowany w markowe, drewniane opakowanie na prezent.<\/p>\n<p>Specyfikacje:<br \/>\nWysoko\u015b\u0107: 110mm<br \/>\n\u015arednica (zewn\u0119trzna): 72 mm<br \/>\n\u015arednica (wewn\u0119trzna): 62 mm<br \/>\nG\u0142\u0119boko\u015b\u0107: 16mm<br \/>\n\u015arednica otworu: 10mm<br \/>\nLiczba otwor\u00f3w: 5 szt<br \/>\nWaga: oko\u0142o 200 gram\u00f3w<\/p>\n<p>Czy masz jakie\u015b pytania? Skontaktuj si\u0119 z nami <a href=\"https:\/\/hookahshop.lt\/pl\/lacznosc\/\">strona z kontaktami<\/a> lub napisz do nas na adres <a href=\"https:\/\/facebook.com\/HookahShop.lt\/\" target=\"_blank\" rel=\"noopener noreferrer\">konto na Facebooku<\/a> a my odpowiemy na Twoj\u0105 pro\u015bb\u0119 tego samego dnia.<\/p>","protected":false},"excerpt":{"rendered":"<p>Miska na fajk\u0119 wodn\u0105 JAPAN HOOKAH Killer Yellow Ta miska, s\u0142ynna na ca\u0142ym \u015bwiecie, charakteryzuje si\u0119 wdzi\u0119czn\u0105 faktur\u0105 i plecion\u0105 lin\u0105. Kubek Killer wykonany jest z czerwonej gliny, ma p\u0142askie dno i grube boki, kt\u00f3re r\u00f3wnomiernie si\u0119 nagrzewaj\u0105 i ujawniaj\u0105 smak tytoniu. Forma ta idealnie nadaje si\u0119 do opakowa\u0144 twardych. Obj\u0119to\u015b\u0107 fili\u017canki wynosi oko\u0142o 15-17 gram\u00f3w. Kubek Japan Hookah Killer zapakowany jest w markowe, drewniane, [\u2026]<\/p>","protected":false},"featured_media":21287,"comment_status":"open","ping_status":"closed","template":"","meta":[],"_links":{"self":[{"href":"https:\/\/hookahshop.lt\/pl\/wp-json\/wp\/v2\/product\/11985"}],"collection":[{"href":"https:\/\/hookahshop.lt\/pl\/wp-json\/wp\/v2\/product"}],"about":[{"href":"https:\/\/hookahshop.lt\/pl\/wp-json\/wp\/v2\/types\/product"}],"replies":[{"embeddable":true,"href":"https:\/\/hookahshop.lt\/pl\/wp-json\/wp\/v2\/comments?post=11985"}],"version-history":[{"count":4,"href":"https:\/\/hookahshop.lt\/pl\/wp-json\/wp\/v2\/product\/11985\/revisions"}],"predecessor-version":[{"id":28481,"href":"https:\/\/hookahshop.lt\/pl\/wp-json\/wp\/v2\/product\/11985\/revisions\/28481"}],"wp:featuredmedia":[{"embeddable":true,"href":"https:\/\/hookahshop.lt\/pl\/wp-json\/wp\/v2\/media\/21287"}],"wp:attachment":[{"href":"https:\/\/hookahshop.lt\/pl\/wp-json\/wp\/v2\/media?parent=11985"}],"curies":[{"name":"wp","href":"https:\/\/api.w.org\/{rel}","templated":true}]}}