{"id":11995,"date":"2020-09-15T14:07:07","date_gmt":"2020-09-15T11:07:07","guid":{"rendered":"https:\/\/hookahshop.lt\/?post_type=product&#038;p=11995"},"modified":"2026-04-16T10:21:15","modified_gmt":"2026-04-16T07:21:15","slug":"taurele-kaljanui-japona-hookah-samurai","status":"publish","type":"product","link":"https:\/\/hookahshop.lt\/pl\/produkt\/kubek-szisza-japonska-szisza-samuraj\/","title":{"rendered":"Kubek do fajki wodnej JAPONA HOOKAH Samurai"},"content":{"rendered":"<h2>Kubek do fajki wodnej JAPONA HOOKAH Samurai<\/h2>\n<p>Unikalny kszta\u0142t, zastosowanie naturalnych materia\u0142\u00f3w \u2013 to cechy charakterystyczne fajki Japona Hookah.<br \/>\nUnikalny kszta\u0142t miseczki i autentyczny, charakterystyczny wz\u00f3r w stylu japo\u0144skim z mask\u0105 samuraja na \u015bcianie.<br \/>\nWykonany r\u0119cznie na kole garncarskim z czerwonej gliny. Pi\u0119\u0107 klasycznych otwor\u00f3w w dnie kubka. Idealny do wszystkich rodzaj\u00f3w tytoniu. Obj\u0119to\u015b\u0107 tytoniu 15 gr.<br \/>\nFajka wodna Samurai z Japonii b\u0119dzie doskona\u0142ym dodatkiem do Twojej kolekcji, a jej stylowe i drewniane opakowanie sprawi, \u017ce b\u0119dzie idealnym prezentem.<\/p>\n<p>Specyfikacje:<br \/>\nWysoko\u015b\u0107: 100mm<br \/>\n\u015arednica (zewn\u0119trzna): 71 mm<br \/>\n\u015arednica (wewn\u0119trzna): 57 mm<br \/>\nG\u0142\u0119boko\u015b\u0107: 20 mm<br \/>\n\u015arednica otworu: 8 mm<br \/>\nLiczba otwor\u00f3w: 5 szt<br \/>\nWaga: oko\u0142o 234 gram\u00f3w<\/p>\n<p>Czy masz jakie\u015b pytania? Skontaktuj si\u0119 z nami <a href=\"https:\/\/hookahshop.lt\/pl\/lacznosc\/\">strona z kontaktami<\/a> lub napisz do nas na adres <a href=\"https:\/\/facebook.com\/HookahShop.lt\/\" target=\"_blank\" rel=\"noopener noreferrer\">konto na Facebooku<\/a> a my odpowiemy na Twoj\u0105 pro\u015bb\u0119 tego samego dnia.<\/p>","protected":false},"excerpt":{"rendered":"<p>Kubek na fajk\u0119 wodn\u0105 JAPONA HOOKAH Samurai Unikalny kszta\u0142t, zastosowanie naturalnych materia\u0142\u00f3w \u2013 to cechy charakterystyczne fajki wodnej Japona Hookah. Unikalny kszta\u0142t miseczki i autentyczny, charakterystyczny wz\u00f3r w stylu japo\u0144skim z mask\u0105 samuraja na \u015bcianie. Wykonany r\u0119cznie na kole garncarskim z czerwonej gliny. Pi\u0119\u0107 klasycznych otwor\u00f3w w dnie kubka. Idealny do wszystkich rodzaj\u00f3w tytoniu. Tyto\u0144 w ilo\u015bci 15 gr. Japo\u0144ski [\u2026]<\/p>","protected":false},"featured_media":11996,"comment_status":"open","ping_status":"closed","template":"","meta":[],"_links":{"self":[{"href":"https:\/\/hookahshop.lt\/pl\/wp-json\/wp\/v2\/product\/11995"}],"collection":[{"href":"https:\/\/hookahshop.lt\/pl\/wp-json\/wp\/v2\/product"}],"about":[{"href":"https:\/\/hookahshop.lt\/pl\/wp-json\/wp\/v2\/types\/product"}],"replies":[{"embeddable":true,"href":"https:\/\/hookahshop.lt\/pl\/wp-json\/wp\/v2\/comments?post=11995"}],"version-history":[{"count":7,"href":"https:\/\/hookahshop.lt\/pl\/wp-json\/wp\/v2\/product\/11995\/revisions"}],"predecessor-version":[{"id":44586,"href":"https:\/\/hookahshop.lt\/pl\/wp-json\/wp\/v2\/product\/11995\/revisions\/44586"}],"wp:featuredmedia":[{"embeddable":true,"href":"https:\/\/hookahshop.lt\/pl\/wp-json\/wp\/v2\/media\/11996"}],"wp:attachment":[{"href":"https:\/\/hookahshop.lt\/pl\/wp-json\/wp\/v2\/media?parent=11995"}],"curies":[{"name":"wp","href":"https:\/\/api.w.org\/{rel}","templated":true}]}}