{"id":11999,"date":"2020-09-15T14:17:05","date_gmt":"2020-09-15T11:17:05","guid":{"rendered":"https:\/\/hookahshop.lt\/?post_type=product&#038;p=11999"},"modified":"2026-04-19T23:29:19","modified_gmt":"2026-04-19T20:29:19","slug":"taurele-kaljanui-japona-hookah-turkish","status":"publish","type":"product","link":"https:\/\/hookahshop.lt\/pl\/produkt\/filizanka-szisza-japonska-szisza-turecka\/","title":{"rendered":"Kubek do fajki wodnej JAPONA HOOKAH Turkish Black"},"content":{"rendered":"<h2>Kubek do fajki wodnej JAPONA HOOKAH Turkish Black<\/h2>\n<p>Jest to wysokiej jako\u015bci r\u0119cznie robiony kubek z czerwonej gliny.<\/p>\n<p>Wszystkie kubki s\u0105 bardzo pi\u0119kne. Szczeg\u00f3lnego uroku dodaje im pleciona czarna wst\u0105\u017cka, kt\u00f3ra zdobi tureckie fili\u017canki.<\/p>\n<p>Kubki Japona Hookah b\u0119d\u0105 \u015bwietnym dodatkiem do Twojej kolekcji, a stylowe opakowanie sprawia, \u017ce idealnie nadaj\u0105 si\u0119 na prezent.<\/p>\n<p>Turecka fajka wodna \u201eJapona Hookah\u201d to klasyczny turecki kubek z pi\u0119cioma du\u017cymi otworami na dole, obj\u0119to\u015b\u0107 kubka to 15 gram\u00f3w. Miseczka o \u0142adnej fakturze i plecionym sznurku.<\/p>\n<p>Specyfikacje:<br \/>\nWysoko\u015b\u0107: 89mm<br \/>\n\u015arednica (zewn\u0119trzna): 69 mm<br \/>\n\u015arednica (wewn\u0119trzna): 59 mm<br \/>\nG\u0142\u0119boko\u015b\u0107: 19mm<br \/>\n\u015arednica otworu: 7 mm<br \/>\nLiczba otwor\u00f3w: 5 szt<br \/>\nWaga: oko\u0142o 188 gram\u00f3w<\/p>\n<p>Czy masz jakie\u015b pytania? Skontaktuj si\u0119 z nami <a href=\"https:\/\/hookahshop.lt\/pl\/lacznosc\/\">strona z kontaktami<\/a> lub napisz do nas na adres <a href=\"https:\/\/facebook.com\/HookahShop.lt\/\" target=\"_blank\" rel=\"noopener noreferrer\">konto na Facebooku<\/a> a my odpowiemy na Twoj\u0105 pro\u015bb\u0119 tego samego dnia.<\/p>","protected":false},"excerpt":{"rendered":"<p>Kubek na fajk\u0119 wodn\u0105 JAPAN HOOKAH Turecki czarny Jest to wysokiej jako\u015bci, r\u0119cznie robiony kubek z czerwonej gliny. Wszystkie fili\u017canki s\u0105 bardzo pi\u0119kne. Szczeg\u00f3lnego uroku dodaje im pleciona czarna opaska zdobi\u0105ca tureckie miseczki. Kubki marki Japona Hookah b\u0119d\u0105 doskona\u0142ym dodatkiem do Twojej kolekcji, a stylowe opakowanie sprawia, \u017ce idealnie nadaj\u0105 si\u0119 na prezent. Szisza turecka \u201eJapona Hookah\u201d to klasyczna turecka fili\u017canka z dnem [\u2026]<\/p>","protected":false},"featured_media":12001,"comment_status":"open","ping_status":"closed","template":"","meta":[],"_links":{"self":[{"href":"https:\/\/hookahshop.lt\/pl\/wp-json\/wp\/v2\/product\/11999"}],"collection":[{"href":"https:\/\/hookahshop.lt\/pl\/wp-json\/wp\/v2\/product"}],"about":[{"href":"https:\/\/hookahshop.lt\/pl\/wp-json\/wp\/v2\/types\/product"}],"replies":[{"embeddable":true,"href":"https:\/\/hookahshop.lt\/pl\/wp-json\/wp\/v2\/comments?post=11999"}],"version-history":[{"count":5,"href":"https:\/\/hookahshop.lt\/pl\/wp-json\/wp\/v2\/product\/11999\/revisions"}],"predecessor-version":[{"id":36456,"href":"https:\/\/hookahshop.lt\/pl\/wp-json\/wp\/v2\/product\/11999\/revisions\/36456"}],"wp:featuredmedia":[{"embeddable":true,"href":"https:\/\/hookahshop.lt\/pl\/wp-json\/wp\/v2\/media\/12001"}],"wp:attachment":[{"href":"https:\/\/hookahshop.lt\/pl\/wp-json\/wp\/v2\/media?parent=11999"}],"curies":[{"name":"wp","href":"https:\/\/api.w.org\/{rel}","templated":true}]}}