{"id":12004,"date":"2020-09-15T14:30:11","date_gmt":"2020-09-15T11:30:11","guid":{"rendered":"https:\/\/hookahshop.lt\/?post_type=product&#038;p=12004"},"modified":"2026-04-20T23:28:57","modified_gmt":"2026-04-20T20:28:57","slug":"kaljanas-maklaud-igla-of-anubis","status":"publish","type":"product","link":"https:\/\/hookahshop.lt\/pl\/produkt\/hookah-maklaud-igla-of-anubis\/","title":{"rendered":"Szisza MAKLAUD Igla z Anubis"},"content":{"rendered":"<h2>Szisza MAKLAUD Igla z Anubis<\/h2>\n<p>Po tradycyjnym \u201ekiju\u201d pojawi\u0142a si\u0119 koncepcyjna wersja \u201eIgli Anubisa\u201d, wykonana w charakterystycznym stylu MacLeoda. Igla od Anubisa po\u0142\u0105czy\u0142a mitologiczn\u0105 baz\u0119 marki z now\u0105 seri\u0105 klasycznych bud\u017cetowych fajek wodnych.<br \/>\nWersja Anubis jest zgodna z projektem swojego poprzednika, ale z pier\u015bcieniem czaszek zdobi\u0105cym jej podstaw\u0119<\/p>\n<p><strong>Specyfikacje:<\/strong><br \/>\nMateria\u0142 wa\u0142u: stal nierdzewna AISI 304<br \/>\nMateria\u0142: mosi\u0105dz<br \/>\nMateria\u0142 wa\u0142u zanurzeniowego: stal nierdzewna AISI 304<br \/>\nMateria\u0142 bazowy: poliacetal<br \/>\nPrzy\u0142\u0105cze miski: stal nierdzewna AISI 304<br \/>\nPrzy\u0142\u0105cze w\u0119\u017ca: O-ringi<br \/>\nWysoko\u015b\u0107 wa\u0142u: 50 cm<br \/>\nZaw\u00f3r: wewn\u0119trzny<br \/>\nSystem monta\u017cu: uszczelka<br \/>\n\u015arednica wewn\u0119trzna wa\u0142u: 14 mm<\/p>\n<p><b>Ekwipunek:<\/b><br \/>\nWa\u0142<br \/>\nTalerz<br \/>\nWk\u0142adka Anubisa<br \/>\nUszczelka kolby<br \/>\nPude\u0142ko marki Maklaud<\/p>\n<p><img decoding=\"async\" loading=\"lazy\" class=\"alignnone size-medium wp-image-38602\" src=\"https:\/\/hookahshop.lt\/wp-content\/uploads\/2021\/08\/tik-stiebas-1-300x273.jpg\" alt=\"- hookahshop.lt\" width=\"300\" height=\"273\" srcset=\"https:\/\/hookahshop.lt\/wp-content\/uploads\/2021\/08\/tik-stiebas-1-300x273.jpg 300w, https:\/\/hookahshop.lt\/wp-content\/uploads\/2021\/08\/tik-stiebas-1-13x12.jpg 13w, https:\/\/hookahshop.lt\/wp-content\/uploads\/2021\/08\/tik-stiebas-1-64x58.jpg 64w, https:\/\/hookahshop.lt\/wp-content\/uploads\/2021\/08\/tik-stiebas-1.jpg 420w\" sizes=\"(max-width: 300px) 100vw, 300px\" title=\"\"><\/p>\n<p>Czy masz jakie\u015b pytania? Skontaktuj si\u0119 z nami\u00a0<a href=\"https:\/\/hookahshop.lt\/pl\/lacznosc\/\">strona z kontaktami<\/a>\u00a0lub napisz do nas na adres\u00a0<a href=\"https:\/\/facebook.com\/HookahShop.lt\/\" target=\"_blank\" rel=\"noopener noreferrer\">konto na Facebooku<\/a>\u00a0a my odpowiemy na Twoj\u0105 pro\u015bb\u0119 tego samego dnia.<\/p>","protected":false},"excerpt":{"rendered":"<p>Hookah MAKLAUD Igla of Anubis Po tradycyjnym \u201ekiju\u201d pojawi\u0142a si\u0119 koncepcyjna wersja \u201eIgla of Anubis\u201d, wykonana w charakterystycznym stylu MacLeoda. Igla od Anubis powi\u0105za\u0142a mitologiczne pod\u0142o\u017ce marki z now\u0105 seri\u0105 klasycznych, bud\u017cetowych fajek wodnych. Wersja Anubis jest zgodna z projektem swojego poprzednika, ale ma pier\u015bcie\u0144 czaszek na podstawie Dane techniczne: Materia\u0142 trzonu: stal nierdzewna AISI 304 Materia\u0142: mosi\u0105dz Materia\u0142 wa\u0142u zanurzeniowego: [\u2026]<\/p>","protected":false},"featured_media":12005,"comment_status":"open","ping_status":"closed","template":"","meta":[],"_links":{"self":[{"href":"https:\/\/hookahshop.lt\/pl\/wp-json\/wp\/v2\/product\/12004"}],"collection":[{"href":"https:\/\/hookahshop.lt\/pl\/wp-json\/wp\/v2\/product"}],"about":[{"href":"https:\/\/hookahshop.lt\/pl\/wp-json\/wp\/v2\/types\/product"}],"replies":[{"embeddable":true,"href":"https:\/\/hookahshop.lt\/pl\/wp-json\/wp\/v2\/comments?post=12004"}],"version-history":[{"count":9,"href":"https:\/\/hookahshop.lt\/pl\/wp-json\/wp\/v2\/product\/12004\/revisions"}],"predecessor-version":[{"id":37052,"href":"https:\/\/hookahshop.lt\/pl\/wp-json\/wp\/v2\/product\/12004\/revisions\/37052"}],"wp:featuredmedia":[{"embeddable":true,"href":"https:\/\/hookahshop.lt\/pl\/wp-json\/wp\/v2\/media\/12005"}],"wp:attachment":[{"href":"https:\/\/hookahshop.lt\/pl\/wp-json\/wp\/v2\/media?parent=12004"}],"curies":[{"name":"wp","href":"https:\/\/api.w.org\/{rel}","templated":true}]}}