{"id":12014,"date":"2020-09-15T17:31:29","date_gmt":"2020-09-15T14:31:29","guid":{"rendered":"https:\/\/hookahshop.lt\/?post_type=product&#038;p=12014"},"modified":"2026-05-14T23:28:44","modified_gmt":"2026-05-14T20:28:44","slug":"kaljanas-aladin-mvp460-model-1-rainbow","status":"publish","type":"product","link":"https:\/\/hookahshop.lt\/pl\/produkt\/kaljanas-aladin-mvp-460-model-1-tecza\/","title":{"rendered":"Fajka wodna ALADIN MVP460 Model 1 Rainbow"},"content":{"rendered":"<h2>Fajka wodna Aladin MVP460 Model 1 Rainbow<\/h2>\n<p>Fajka wodna pozostawia niesamowite wra\u017cenia dzi\u0119ki wysokiej jako\u015bci materia\u0142om. Jako\u015b\u0107 wykonania i indywidualny projekt nie pozostawiaj\u0105 oboj\u0119tnym.<br \/>\nDzi\u0119ki kompaktowym rozmiarom jest idealnym towarzyszem podr\u00f3\u017cy dla tych, kt\u00f3rzy chc\u0105 mie\u0107 w drodze wysokiej jako\u015bci produkt.<\/p>\n<p>Stal nierdzewna<\/p>\n<p><strong>Standardowy zestaw zawiera:<\/strong><br \/>\nszczypce, \u201emi\u0119kki\u201d w\u0105\u017c silikonowy z ko\u0144c\u00f3wkami, kubek, \u201epalnik do kubka\u201d.<\/p>\n<p>Czy masz jakie\u015b pytania? Skontaktuj si\u0119 z nami <a href=\"https:\/\/hookahshop.lt\/pl\/lacznosc\/\">strona z kontaktami<\/a> lub napisz do nas na adres <a href=\"https:\/\/facebook.com\/HookahShop.lt\/\" target=\"_blank\" rel=\"noopener noreferrer\">konto na Facebooku<\/a> a my odpowiemy na Twoj\u0105 pro\u015bb\u0119 tego samego dnia.<\/p>","protected":false},"excerpt":{"rendered":"<p>Fajka wodna Aladin MVP460 Model 1 Rainbow Hookah pozostawia wspania\u0142e wra\u017cenia dzi\u0119ki wysokiej jako\u015bci materia\u0142om. Jako\u015b\u0107 wykonania i indywidualny projekt nie pozostawi\u0105 Ci\u0119 oboj\u0119tnym. Jego niewielkie rozmiary sprawiaj\u0105, \u017ce jest to idealny towarzysz podr\u00f3\u017cy dla tych, kt\u00f3rzy chc\u0105 mie\u0107 produkt wysokiej jako\u015bci w podr\u00f3\u017cy. Stal nierdzewna W standardowym zestawie znajduj\u0105 si\u0119: szczypce, \u201emi\u0119kki\u201d w\u0105\u017c silikonowy z ko\u0144c\u00f3wkami, kubek, \u201epalnik do kubka\u201d. Czy masz jakie\u015b pytania? Skontaktuj si\u0119 z nami poprzez nasz kontakt [\u2026]<\/p>","protected":false},"featured_media":12021,"comment_status":"open","ping_status":"closed","template":"","meta":[],"_links":{"self":[{"href":"https:\/\/hookahshop.lt\/pl\/wp-json\/wp\/v2\/product\/12014"}],"collection":[{"href":"https:\/\/hookahshop.lt\/pl\/wp-json\/wp\/v2\/product"}],"about":[{"href":"https:\/\/hookahshop.lt\/pl\/wp-json\/wp\/v2\/types\/product"}],"replies":[{"embeddable":true,"href":"https:\/\/hookahshop.lt\/pl\/wp-json\/wp\/v2\/comments?post=12014"}],"version-history":[{"count":4,"href":"https:\/\/hookahshop.lt\/pl\/wp-json\/wp\/v2\/product\/12014\/revisions"}],"predecessor-version":[{"id":26882,"href":"https:\/\/hookahshop.lt\/pl\/wp-json\/wp\/v2\/product\/12014\/revisions\/26882"}],"wp:featuredmedia":[{"embeddable":true,"href":"https:\/\/hookahshop.lt\/pl\/wp-json\/wp\/v2\/media\/12021"}],"wp:attachment":[{"href":"https:\/\/hookahshop.lt\/pl\/wp-json\/wp\/v2\/media?parent=12014"}],"curies":[{"name":"wp","href":"https:\/\/api.w.org\/{rel}","templated":true}]}}