{"id":12025,"date":"2020-09-15T17:45:04","date_gmt":"2020-09-15T14:45:04","guid":{"rendered":"https:\/\/hookahshop.lt\/?post_type=product&#038;p=12025"},"modified":"2026-04-19T23:28:51","modified_gmt":"2026-04-19T20:28:51","slug":"kaljanas-aladin-mvp460-model-2-clear","status":"publish","type":"product","link":"https:\/\/hookahshop.lt\/pl\/produkt\/fajka-wodna-aladin-mvp460-model-2-przezroczysta\/","title":{"rendered":"Fajka wodna ALADIN MVP460 Model 2 Przezroczysta"},"content":{"rendered":"<h2>Fajka wodna ALADIN MVP460 Model 2 Przezroczysta<\/h2>\n<p>Ta fajka wodna robi niesamowite wra\u017cenie dzi\u0119ki wysokiej jako\u015bci materia\u0142om. Jako\u015b\u0107 wykonania i indywidualny projekt nie pozostawi\u0105 Ci\u0119 oboj\u0119tnym.<br \/>\nDzi\u0119ki kompaktowym rozmiarom jest idealnym towarzyszem podr\u00f3\u017cy dla tych, kt\u00f3rzy chc\u0105 mie\u0107 w drodze wysokiej jako\u015bci produkt.<\/p>\n<p>Stal nierdzewna<\/p>\n<p><strong>Standardowy zestaw zawiera:<\/strong><br \/>\nszczypce, \u201emi\u0119kki\u201d w\u0105\u017c silikonowy z ko\u0144c\u00f3wkami, kubek, \u201epalnik do kubka\u201d.<\/p>\n<p>Czy masz jakie\u015b pytania? Skontaktuj si\u0119 z nami <a href=\"https:\/\/hookahshop.lt\/pl\/lacznosc\/\">strona z kontaktami<\/a> lub napisz do nas na adres <a href=\"https:\/\/facebook.com\/HookahShop.lt\/\" target=\"_blank\" rel=\"noopener noreferrer\">konto na Facebooku<\/a> a my odpowiemy na Twoj\u0105 pro\u015bb\u0119 tego samego dnia.<\/p>","protected":false},"excerpt":{"rendered":"<p>Fajka wodna ALADIN MVP460 Model 2 Przezroczysta Ta szisza robi wspania\u0142e wra\u017cenie dzi\u0119ki wysokiej jako\u015bci materia\u0142om. Jako\u015b\u0107 wykonania i indywidualny projekt nie pozostawi\u0105 Ci\u0119 oboj\u0119tnym. Jego niewielkie rozmiary sprawiaj\u0105, \u017ce jest to idealny towarzysz podr\u00f3\u017cy dla tych, kt\u00f3rzy chc\u0105 mie\u0107 produkt wysokiej jako\u015bci w podr\u00f3\u017cy. Stal nierdzewna W standardowym zestawie znajduj\u0105 si\u0119: szczypce, \u201emi\u0119kki\u201d w\u0105\u017c silikonowy z ko\u0144c\u00f3wkami, kubek, \u201epalnik do kubka\u201d. Czy masz jakie\u015b pytania? Skontaktuj si\u0119 z nami [\u2026]<\/p>","protected":false},"featured_media":12030,"comment_status":"open","ping_status":"closed","template":"","meta":[],"_links":{"self":[{"href":"https:\/\/hookahshop.lt\/pl\/wp-json\/wp\/v2\/product\/12025"}],"collection":[{"href":"https:\/\/hookahshop.lt\/pl\/wp-json\/wp\/v2\/product"}],"about":[{"href":"https:\/\/hookahshop.lt\/pl\/wp-json\/wp\/v2\/types\/product"}],"replies":[{"embeddable":true,"href":"https:\/\/hookahshop.lt\/pl\/wp-json\/wp\/v2\/comments?post=12025"}],"version-history":[{"count":5,"href":"https:\/\/hookahshop.lt\/pl\/wp-json\/wp\/v2\/product\/12025\/revisions"}],"predecessor-version":[{"id":31539,"href":"https:\/\/hookahshop.lt\/pl\/wp-json\/wp\/v2\/product\/12025\/revisions\/31539"}],"wp:featuredmedia":[{"embeddable":true,"href":"https:\/\/hookahshop.lt\/pl\/wp-json\/wp\/v2\/media\/12030"}],"wp:attachment":[{"href":"https:\/\/hookahshop.lt\/pl\/wp-json\/wp\/v2\/media?parent=12025"}],"curies":[{"name":"wp","href":"https:\/\/api.w.org\/{rel}","templated":true}]}}