{"id":12085,"date":"2020-09-15T20:45:05","date_gmt":"2020-09-15T17:45:05","guid":{"rendered":"https:\/\/hookahshop.lt\/?post_type=product&#038;p=12085"},"modified":"2026-04-14T23:28:47","modified_gmt":"2026-04-14T20:28:47","slug":"kaljanas-conceptic-design-gold-carbon","status":"publish","type":"product","link":"https:\/\/hookahshop.lt\/pl\/produkt\/szisza-koncepcyjna-projekt-zloto-weglowa\/","title":{"rendered":"Fajka wodna CONCEPTIC Design Gold Carbon"},"content":{"rendered":"<h2>Fajka wodna CONCEPTIC Design Gold Carbon<\/h2>\n<p>Hookah to lekka, niezawodna i stylowa fajka wodna. Wykonane w stylu H-Tech, odzwierciedlaj\u0105cym nowoczesne trendy wzornictwa przemys\u0142owego. Ka\u017cda fajka wodna w kolekcji to przyk\u0142ad bezkompromisowej jako\u015bci, przy u\u017cyciu najbardziej zaawansowanych materia\u0142\u00f3w.<br \/>\nKonceptualny trzonek do fajki wodnej jest wykonany ze stali nierdzewnej, co czyni go niezwykle niezawodnym, a wystr\u00f3j fajki wodnej jest dost\u0119pny w klasycznej stalowej wersji lustrzanej z wygrawerowanym projektem koncepcyjnym.<br \/>\nCo najwa\u017cniejsze, fajka wodna ma regulowany ci\u0105g dzi\u0119ki wyjmowanemu dyfuzorowi.<\/p>\n<p>Specyfikacje:<br \/>\nWaga fajki wodnej: ~ 1580 gr<br \/>\nWysoko\u015b\u0107 fajki wodnej: 590 mm<br \/>\nWn\u0119trze szybu: stal nierdzewna AISI304, D13 mm<br \/>\nZewn\u0119trzna cz\u0119\u015b\u0107 wa\u0142u: p\u0142yta ze stali nierdzewnej<br \/>\nZanurzona cz\u0119\u015b\u0107 trzonka: stal nierdzewna, D14 mm<br \/>\nMateria\u0142 bazowy: poliacetal<br \/>\nPo\u0142\u0105czenie w\u0119\u017ca: o-ring<br \/>\nMateria\u0142 po\u0142\u0105czenia: stal nierdzewna<br \/>\nPrzy\u0142\u0105cze zaworu: o-ring<br \/>\nKlosz: wyjmowany, poliacetal<br \/>\nUstnik: stal nierdzewna AISI304 z silikonow\u0105 r\u0105czk\u0105<br \/>\nD\u0142ugo\u015b\u0107 ustnika: 270 mm, D10 mm<br \/>\nW\u0105\u017c: silikonowy \u201eSoft Touch\u201d<br \/>\nD\u0142ugo\u015b\u0107 w\u0119\u017ca: 1500 mm<\/p>\n<p><strong>Kolekcja:<\/strong><br \/>\nTrzonek, p\u0142ytka, w\u0105\u017c, ustnik.<\/p>\n<p>Czy masz jakie\u015b pytania? Skontaktuj si\u0119 z nami <a href=\"https:\/\/hookahshop.lt\/pl\/lacznosc\/\">strona z kontaktami<\/a> lub napisz do nas na adres <a href=\"https:\/\/facebook.com\/HookahShop.lt\/\" target=\"_blank\" rel=\"noopener noreferrer\">konto na Facebooku<\/a> a my odpowiemy na Twoj\u0105 pro\u015bb\u0119 tego samego dnia.<\/p>","protected":false},"excerpt":{"rendered":"<p>Szisza wodna CONCEPTIC Design Gold Carbon Hookah to lekka, niezawodna i stylowa fajka wodna. Wykonane w stylu H-Tech, odzwierciedlaj\u0105cym wsp\u00f3\u0142czesne trendy wzornictwa przemys\u0142owego. Ka\u017cda fajka wodna w kolekcji to przyk\u0142ad bezkompromisowej jako\u015bci, wykorzystuj\u0105cej najbardziej zaawansowane materia\u0142y. Trzon fajki wodnej Conceptic Design wykonany jest ze stali nierdzewnej, co czyni j\u0105 niezwykle niezawodn\u0105, a dekor fajki wodnej jest dost\u0119pny w klasycznej stalowej wersji lustrzanej, z wygrawerowanym logo Concept [\u2026]<\/p>","protected":false},"featured_media":12089,"comment_status":"open","ping_status":"closed","template":"","meta":[],"_links":{"self":[{"href":"https:\/\/hookahshop.lt\/pl\/wp-json\/wp\/v2\/product\/12085"}],"collection":[{"href":"https:\/\/hookahshop.lt\/pl\/wp-json\/wp\/v2\/product"}],"about":[{"href":"https:\/\/hookahshop.lt\/pl\/wp-json\/wp\/v2\/types\/product"}],"replies":[{"embeddable":true,"href":"https:\/\/hookahshop.lt\/pl\/wp-json\/wp\/v2\/comments?post=12085"}],"version-history":[{"count":2,"href":"https:\/\/hookahshop.lt\/pl\/wp-json\/wp\/v2\/product\/12085\/revisions"}],"predecessor-version":[{"id":22727,"href":"https:\/\/hookahshop.lt\/pl\/wp-json\/wp\/v2\/product\/12085\/revisions\/22727"}],"wp:featuredmedia":[{"embeddable":true,"href":"https:\/\/hookahshop.lt\/pl\/wp-json\/wp\/v2\/media\/12089"}],"wp:attachment":[{"href":"https:\/\/hookahshop.lt\/pl\/wp-json\/wp\/v2\/media?parent=12085"}],"curies":[{"name":"wp","href":"https:\/\/api.w.org\/{rel}","templated":true}]}}