{"id":12102,"date":"2020-09-15T20:50:44","date_gmt":"2020-09-15T17:50:44","guid":{"rendered":"https:\/\/hookahshop.lt\/?post_type=product&#038;p=12102"},"modified":"2026-04-18T23:29:11","modified_gmt":"2026-04-18T20:29:11","slug":"zarna-silikonine-arma-red","status":"publish","type":"product","link":"https:\/\/hookahshop.lt\/pl\/produkt\/waz-zbrojony-silikonem\/","title":{"rendered":"W\u0105\u017c silikonowy ARMA Czerwony"},"content":{"rendered":"<h2>W\u0105\u017c silikonowy ARMA Czerwony<\/h2>\n<p>Wykonane z silikonu medycznego z pow\u0142ok\u0105 antystatyczn\u0105. Jest bezpieczny dla zdrowia, nie wydziela szkodliwych zanieczyszcze\u0144 po podgrzaniu i nie posiada obcych zapach\u00f3w. W\u0105\u017c silikonowy pokryty pow\u0142ok\u0105 \u201eSoft touch\u201d jest przyjemny w dotyku, nie zbiera kurzu i zanieczyszcze\u0144, pozostaje elastyczny i nie wygina si\u0119 podczas palenia!<br \/>\nSpecyfikacje:<br \/>\nD\u0142ugo\u015b\u0107: 1,50 m<br \/>\n\u015arednica zewn\u0119trzna: 16mm<br \/>\nWewn\u0119trzna \u015brednica w\u0119\u017ca: 11mm<br \/>\nPow\u0142oka: Mi\u0119kki w dotyku<br \/>\nWaga: oko\u0142o 190 gram\u00f3w<\/p>\n<p>Czy masz jakie\u015b pytania? Skontaktuj si\u0119 z nami <a href=\"https:\/\/hookahshop.lt\/pl\/lacznosc\/\">strona z kontaktami<\/a> lub napisz do nas na adres <a href=\"https:\/\/facebook.com\/HookahShop.lt\/\" target=\"_blank\" rel=\"noopener noreferrer\">konto na Facebooku<\/a> a my odpowiemy na Twoj\u0105 pro\u015bb\u0119 tego samego dnia.<\/p>","protected":false},"excerpt":{"rendered":"<p>W\u0105\u017c silikonowy ARMA Czerwony Wykonany z silikonu medycznego z pow\u0142ok\u0105 antystatyczn\u0105. Jest bezpieczny dla zdrowia, nie wydziela szkodliwych zanieczyszcze\u0144 po podgrzaniu i nie posiada obcych zapach\u00f3w. W\u0105\u017c silikonowy pokryty pow\u0142ok\u0105 \u201eSoft touch\u201d jest przyjemny w dotyku, nie zbiera kurzu i zanieczyszcze\u0144, pozostaje elastyczny i nie wygina si\u0119 podczas palenia! Dane techniczne: D\u0142ugo\u015b\u0107: 1,50 m \u015arednica zewn\u0119trzna: 16 mm \u015arednica wewn\u0119trzna w\u0119\u017ca: 11 mm Pow\u0142oka: Soft Touch Waga: [\u2026]<\/p>","protected":false},"featured_media":12105,"comment_status":"open","ping_status":"closed","template":"","meta":[],"_links":{"self":[{"href":"https:\/\/hookahshop.lt\/pl\/wp-json\/wp\/v2\/product\/12102"}],"collection":[{"href":"https:\/\/hookahshop.lt\/pl\/wp-json\/wp\/v2\/product"}],"about":[{"href":"https:\/\/hookahshop.lt\/pl\/wp-json\/wp\/v2\/types\/product"}],"replies":[{"embeddable":true,"href":"https:\/\/hookahshop.lt\/pl\/wp-json\/wp\/v2\/comments?post=12102"}],"version-history":[{"count":3,"href":"https:\/\/hookahshop.lt\/pl\/wp-json\/wp\/v2\/product\/12102\/revisions"}],"predecessor-version":[{"id":23234,"href":"https:\/\/hookahshop.lt\/pl\/wp-json\/wp\/v2\/product\/12102\/revisions\/23234"}],"wp:featuredmedia":[{"embeddable":true,"href":"https:\/\/hookahshop.lt\/pl\/wp-json\/wp\/v2\/media\/12105"}],"wp:attachment":[{"href":"https:\/\/hookahshop.lt\/pl\/wp-json\/wp\/v2\/media?parent=12102"}],"curies":[{"name":"wp","href":"https:\/\/api.w.org\/{rel}","templated":true}]}}