{"id":12121,"date":"2020-09-16T10:29:35","date_gmt":"2020-09-16T07:29:35","guid":{"rendered":"https:\/\/hookahshop.lt\/?post_type=product&#038;p=12121"},"modified":"2026-04-24T23:28:57","modified_gmt":"2026-04-24T20:28:57","slug":"kaljanas-maklaud-dragon","status":"publish","type":"product","link":"https:\/\/hookahshop.lt\/pl\/produkt\/fajka-maklaud-smok\/","title":{"rendered":"Szisza MAKLAUD Smok"},"content":{"rendered":"<h2>Szisza MAKLAUD Smok<\/h2>\n<p>Jest to fajka wodna klasy premium o ekskluzywnym designie. Dzi\u0119ki tej fajce wodnej poczujesz wyj\u0105tkowo przyjemn\u0105 przyjemno\u015b\u0107 palenia. Najwy\u017cszej jako\u015bci fajka wodna nie pozwoli zapomnie\u0107 o tych wra\u017ceniach.<\/p>\n<p><strong>Specyfikacje:<\/strong><\/p>\n<p>Wysoko\u015b\u0107: 55 cm<br \/>\nMateria\u0142 wa\u0142u: stal nierdzewna AISI 304<br \/>\nMateria\u0142 ustnika: stal nierdzewna AISI 304 + sk\u00f3ra<br \/>\nMateria\u0142 p\u0142yty: stal nierdzewna AISI 304<br \/>\nMateria\u0142 w\u0119\u017ca: mi\u0119kki w dotyku silikon<br \/>\nZaw\u00f3r: zewn\u0119trzny ze stali nierdzewnej AISI 304<br \/>\nSystem monta\u017cu: uszczelka<br \/>\nDyfuzor: regulowany<br \/>\nMateria\u0142: mosi\u0105dz<\/p>\n<p><strong>Ekwipunek:<\/strong><\/p>\n<p>Kolba Drzewo Hokka C3<br \/>\nTalerz<br \/>\nW\u0105\u017c silikonowy Soft Touch<br \/>\nUstnik<br \/>\nUszczelnienie miski<br \/>\nWymienna kula zaworu<br \/>\nSzczypce<br \/>\nKo\u015b\u0107<br \/>\nKubek Maclauda Turka<br \/>\nDrewniane pud\u0142o<\/p>\n<p>Czy masz jakie\u015b pytania? Skontaktuj si\u0119 z nami <a href=\"https:\/\/hookahshop.lt\/pl\/lacznosc\/\">strona z kontaktami<\/a> lub napisz do nas na adres <a href=\"https:\/\/facebook.com\/HookahShop.lt\/\" target=\"_blank\" rel=\"noopener noreferrer\">konto na Facebooku<\/a> a my odpowiemy na Twoj\u0105 pro\u015bb\u0119 tego samego dnia.<\/p>","protected":false},"excerpt":{"rendered":"<p>Fajka wodna MAKLAUD Dragon Jest to fajka wodna klasy premium o ekskluzywnym designie. Z t\u0105 fajk\u0105 wodn\u0105 poczujesz wyj\u0105tkowo przyjemn\u0105 przyjemno\u015b\u0107 palenia. Najwy\u017cszej jako\u015bci fajka wodna nie pozwoli Ci zapomnie\u0107 tych wra\u017ce\u0144. Dane techniczne: Wysoko\u015b\u0107: 55 cm Materia\u0142 trzonka: stal nierdzewna AISI 304 Materia\u0142 ustnika: stal nierdzewna AISI 304 + sk\u00f3ra Materia\u0142 p\u0142ytki: stal nierdzewna AISI 304 Materia\u0142 w\u0119\u017ca: silikon Mi\u0119kki [\u2026]<\/p>","protected":false},"featured_media":12137,"comment_status":"open","ping_status":"closed","template":"","meta":[],"_links":{"self":[{"href":"https:\/\/hookahshop.lt\/pl\/wp-json\/wp\/v2\/product\/12121"}],"collection":[{"href":"https:\/\/hookahshop.lt\/pl\/wp-json\/wp\/v2\/product"}],"about":[{"href":"https:\/\/hookahshop.lt\/pl\/wp-json\/wp\/v2\/types\/product"}],"replies":[{"embeddable":true,"href":"https:\/\/hookahshop.lt\/pl\/wp-json\/wp\/v2\/comments?post=12121"}],"version-history":[{"count":3,"href":"https:\/\/hookahshop.lt\/pl\/wp-json\/wp\/v2\/product\/12121\/revisions"}],"predecessor-version":[{"id":41499,"href":"https:\/\/hookahshop.lt\/pl\/wp-json\/wp\/v2\/product\/12121\/revisions\/41499"}],"wp:featuredmedia":[{"embeddable":true,"href":"https:\/\/hookahshop.lt\/pl\/wp-json\/wp\/v2\/media\/12137"}],"wp:attachment":[{"href":"https:\/\/hookahshop.lt\/pl\/wp-json\/wp\/v2\/media?parent=12121"}],"curies":[{"name":"wp","href":"https:\/\/api.w.org\/{rel}","templated":true}]}}