{"id":12127,"date":"2020-09-16T10:38:04","date_gmt":"2020-09-16T07:38:04","guid":{"rendered":"https:\/\/hookahshop.lt\/?post_type=product&#038;p=12127"},"modified":"2026-04-17T23:29:12","modified_gmt":"2026-04-17T20:29:12","slug":"kaljanas-aladin-alux-m5-black","status":"publish","type":"product","link":"https:\/\/hookahshop.lt\/pl\/produkt\/fajka-wodna-aladin-alux-m5-czarny\/","title":{"rendered":"Fajka wodna ALADIN Alux M5 Czarna"},"content":{"rendered":"<h2>Fajka wodna ALADIN Alux M5 Czarna<\/h2>\n<p>Ta fajka wodna robi niesamowite wra\u017cenie dzi\u0119ki wysokiej jako\u015bci materia\u0142om. Jako\u015b\u0107 wykonania i indywidualny projekt nie pozostawi\u0105 Ci\u0119 oboj\u0119tnym.<br \/>\nDzi\u0119ki kompaktowym rozmiarom jest idealnym towarzyszem podr\u00f3\u017cy dla tych, kt\u00f3rzy chc\u0105 mie\u0107 w drodze wysokiej jako\u015bci produkt.<\/p>\n<p><strong>Specyfikacja:<\/strong><br \/>\nWysoko\u015b\u0107: 47cm.<br \/>\nMateria\u0142 (zewn\u0119trzny): anodowane aluminium<br \/>\nMateria\u0142 (wewn\u0119trzny): stal nierdzewna (sp\u00f3d s\u0142upa w kontakcie z wod\u0105)<br \/>\nDyfuzor: regulowany<\/p>\n<p><strong>Zestaw standardowy:<\/strong><\/p>\n<p>Szisza, kolba gwintowana, szczypce, mi\u0119kki w\u0105\u017c silikonowy z dyszami, kubek, komin na kubek.<\/p>\n<p>Czy masz jakie\u015b pytania? Skontaktuj si\u0119 z nami\u00a0<a href=\"https:\/\/hookahshop.lt\/pl\/lacznosc\/\">strona z kontaktami<\/a>\u00a0lub napisz do nas na adres\u00a0<a href=\"https:\/\/facebook.com\/HookahShop.lt\/\" target=\"_blank\" rel=\"noopener noreferrer\">konto na Facebooku<\/a>\u00a0a my odpowiemy na Twoj\u0105 pro\u015bb\u0119 tego samego dnia.<\/p>","protected":false},"excerpt":{"rendered":"<p>Fajka wodna ALADIN Alux M5 Black Ta szisza robi wspania\u0142e wra\u017cenie dzi\u0119ki wysokiej jako\u015bci materia\u0142om. Jako\u015b\u0107 wykonania i indywidualny projekt nie pozostawi\u0105 Ci\u0119 oboj\u0119tnym. Jego niewielkie rozmiary czyni\u0105 go idealnym towarzyszem podr\u00f3\u017cy dla tych, kt\u00f3rzy chc\u0105 mie\u0107 produkt wysokiej jako\u015bci w podr\u00f3\u017cy. Specyfikacja: Wysoko\u015b\u0107: 47 cm. Materia\u0142 (zewn\u0119trzny): aluminium anodyzowane Materia\u0142 (wewn\u0119trzny): stal nierdzewna (Dolna cz\u0119\u015b\u0107 trzonka maj\u0105ca kontakt z wod\u0105) Dyfuzor: regulowany [...]<\/p>","protected":false},"featured_media":12131,"comment_status":"open","ping_status":"closed","template":"","meta":[],"_links":{"self":[{"href":"https:\/\/hookahshop.lt\/pl\/wp-json\/wp\/v2\/product\/12127"}],"collection":[{"href":"https:\/\/hookahshop.lt\/pl\/wp-json\/wp\/v2\/product"}],"about":[{"href":"https:\/\/hookahshop.lt\/pl\/wp-json\/wp\/v2\/types\/product"}],"replies":[{"embeddable":true,"href":"https:\/\/hookahshop.lt\/pl\/wp-json\/wp\/v2\/comments?post=12127"}],"version-history":[{"count":7,"href":"https:\/\/hookahshop.lt\/pl\/wp-json\/wp\/v2\/product\/12127\/revisions"}],"predecessor-version":[{"id":45524,"href":"https:\/\/hookahshop.lt\/pl\/wp-json\/wp\/v2\/product\/12127\/revisions\/45524"}],"wp:featuredmedia":[{"embeddable":true,"href":"https:\/\/hookahshop.lt\/pl\/wp-json\/wp\/v2\/media\/12131"}],"wp:attachment":[{"href":"https:\/\/hookahshop.lt\/pl\/wp-json\/wp\/v2\/media?parent=12127"}],"curies":[{"name":"wp","href":"https:\/\/api.w.org\/{rel}","templated":true}]}}