{"id":12141,"date":"2020-09-16T20:27:36","date_gmt":"2020-09-16T17:27:36","guid":{"rendered":"https:\/\/hookahshop.lt\/?post_type=product&#038;p=12141"},"modified":"2026-04-22T23:29:02","modified_gmt":"2026-04-22T20:29:02","slug":"kaljanas-maklaud-titan-rose","status":"publish","type":"product","link":"https:\/\/hookahshop.lt\/pl\/produkt\/fajka-wodna-maklaud-tytan-roza\/","title":{"rendered":"Fajka wodna MAKLAUD Titan rose"},"content":{"rendered":"<h2>Fajka wodna MAKLAUD Titan rose<\/h2>\n<p>Fajka wodna to fajka wodna klasy premium, wykonana z najlepszych materia\u0142\u00f3w i ekskluzywnego designu.<\/p>\n<p>\u0141odyga jest wykonana r\u0119cznie, aby zapewni\u0107 bezkompromisow\u0105 jako\u015b\u0107, a dzi\u0119ki dodaniu r\u00f3\u017cy, kt\u00f3ra sprawia, \u017ce Maklaud Titan Rose jest imponuj\u0105c\u0105 i przyci\u0105gaj\u0105c\u0105 wzrok fajk\u0105 wodn\u0105, u\u017cywaj\u0105 materia\u0142\u00f3w takich jak stal nierdzewna, gumowa podk\u0142adka dystansowa i magnetyczne silikonowe z\u0142\u0105cze w\u0119\u017ca dla trwa\u0142o\u015bci.<\/p>\n<p>Jest to najbardziej efektowny model tej marki, poniewa\u017c talerzyk, jego kwiatek na szyjce i ustnik maj\u0105 ten sam \u201efioletowy\u201d kolor oraz sto\u017ckowaty system dmuchania, kt\u00f3ry zaskakuje dmuchaniem od podstawy.<\/p>\n<p><strong>Ekwipunek:<\/strong><br \/>\nwa\u0142 ze stali nierdzewnej<br \/>\nszklana kolba<br \/>\ntalerz<br \/>\nw\u0105\u017c silikonowy<br \/>\nprzek\u0142adka mi\u0119dzy kolb\u0105 a trzonkiem<br \/>\nkleszcze<br \/>\nustnik ze stali nierdzewnej<br \/>\nopakowanie drewniane<\/p>\n<p><strong>Specyfikacja:<\/strong><br \/>\nWysoko\u015b\u0107: 73 cm<br \/>\nD\u0142ugo\u015b\u0107 ustnika: 32 cm<br \/>\nD\u0142ugo\u015b\u0107 w\u0119\u017ca: 150 cm<\/p>\n<p>Materia\u0142: Stal nierdzewna<br \/>\nPo\u0142\u0105czenie kolby z korpusem: gwint<\/p>\n<p>Czy masz jakie\u015b pytania? Skontaktuj si\u0119 z nami <a href=\"https:\/\/hookahshop.lt\/pl\/lacznosc\/\">strona z kontaktami<\/a> lub napisz do nas na adres <a href=\"https:\/\/facebook.com\/HookahShop.lt\/\" target=\"_blank\" rel=\"noopener noreferrer\">konto na Facebooku<\/a> a my odpowiemy na Twoj\u0105 pro\u015bb\u0119 tego samego dnia.<\/p>","protected":false},"excerpt":{"rendered":"<p>Szisza wodna MAKLAUD Titan Rose Hookah to fajka wodna klasy premium, wykonana z najlepszych materia\u0142\u00f3w i o ekskluzywnym designie. \u0141odyga jest wykonana r\u0119cznie, aby zapewni\u0107 bezkompromisow\u0105 jako\u015b\u0107, a dodatek r\u00f3\u017cy, kt\u00f3ra sprawia, \u017ce Maklaud Titan Rose jest imponuj\u0105c\u0105 i przyci\u0105gaj\u0105c\u0105 wzrok fajk\u0105 wodn\u0105, wykorzystuje materia\u0142y takie jak stal nierdzewna, gumowe przek\u0142adki i magnetyczne silikonowe z\u0142\u0105cze w\u0119\u017ca zapewniaj\u0105ce trwa\u0142o\u015b\u0107. To jest najbardziej imponuj\u0105ce w tym produkcie [...]<\/p>","protected":false},"featured_media":12142,"comment_status":"open","ping_status":"closed","template":"","meta":[],"_links":{"self":[{"href":"https:\/\/hookahshop.lt\/pl\/wp-json\/wp\/v2\/product\/12141"}],"collection":[{"href":"https:\/\/hookahshop.lt\/pl\/wp-json\/wp\/v2\/product"}],"about":[{"href":"https:\/\/hookahshop.lt\/pl\/wp-json\/wp\/v2\/types\/product"}],"replies":[{"embeddable":true,"href":"https:\/\/hookahshop.lt\/pl\/wp-json\/wp\/v2\/comments?post=12141"}],"version-history":[{"count":3,"href":"https:\/\/hookahshop.lt\/pl\/wp-json\/wp\/v2\/product\/12141\/revisions"}],"predecessor-version":[{"id":41498,"href":"https:\/\/hookahshop.lt\/pl\/wp-json\/wp\/v2\/product\/12141\/revisions\/41498"}],"wp:featuredmedia":[{"embeddable":true,"href":"https:\/\/hookahshop.lt\/pl\/wp-json\/wp\/v2\/media\/12142"}],"wp:attachment":[{"href":"https:\/\/hookahshop.lt\/pl\/wp-json\/wp\/v2\/media?parent=12141"}],"curies":[{"name":"wp","href":"https:\/\/api.w.org\/{rel}","templated":true}]}}