{"id":12166,"date":"2020-09-17T11:43:55","date_gmt":"2020-09-17T08:43:55","guid":{"rendered":"https:\/\/hookahshop.lt\/?post_type=product&#038;p=12166"},"modified":"2026-05-12T23:29:40","modified_gmt":"2026-05-12T20:29:40","slug":"valymo-priemone-kaljanui-hookah-clean","status":"publish","type":"product","link":"https:\/\/hookahshop.lt\/pl\/produkt\/srodek-do-czyszczenia-fajki-wodnej-czysty-szisza\/","title":{"rendered":"\u015arodek do czyszczenia fajki wodnej HOOKAH CLEAN 500ml"},"content":{"rendered":"<h2>HookahClean do czyszczenia fajki wodnej<\/h2>\n<p>Dezynfekuje i usuwa zapachy, kt\u00f3re s\u0105 wch\u0142aniane przez fajk\u0119 wodn\u0105.<br \/>\nAntybakteryjny \u015brodek do piel\u0119gnacji fajki wodnej u\u0142atwi niezb\u0119dn\u0105 piel\u0119gnacj\u0119 fajki wodnej i zapewni dobry stan urz\u0105dzenia na d\u0142u\u017cszy czas.<br \/>\nWyd\u0142u\u017ca si\u0119 \u017cywotno\u015b\u0107 cz\u0119sto mytej fajki wodnej i jej akcesori\u00f3w.<br \/>\nRegularne mycie fajki wodnej i jej akcesori\u00f3w pomo\u017ce zapobiec zmianom wygl\u0105du, rdzewieniu, nieprzyjemnemu zapachowi.<\/p>\n<p>Pojemno\u015b\u0107: 500ml.<\/p>\n<p>Czy masz jakie\u015b pytania? Skontaktuj si\u0119 z nami <a href=\"https:\/\/hookahshop.lt\/pl\/lacznosc\/\">strona z kontaktami<\/a> lub napisz do nas na adres <a href=\"https:\/\/facebook.com\/HookahShop.lt\/\" target=\"_blank\" rel=\"noopener noreferrer\">konto na Facebooku<\/a> a my odpowiemy na Twoj\u0105 pro\u015bb\u0119 tego samego dnia.<\/p>","protected":false},"excerpt":{"rendered":"<p>\u015arodek czyszcz\u0105cy do fajki wodnej HookahClean Dezynfekuje i usuwa zapachy wch\u0142aniane przez fajk\u0119 wodn\u0105. Antybakteryjny preparat do piel\u0119gnacji fajek wodnych u\u0142atwi niezb\u0119dn\u0105 konserwacj\u0119 fajek wodnych i zapewni dobry stan urz\u0105dzenia przez d\u0142u\u017cszy okres czasu. \u017bywotno\u015b\u0107 fajki wodnej i jej akcesori\u00f3w wyd\u0142u\u017ca si\u0119, je\u015bli jest cz\u0119sto myta. Regularne mycie fajki wodnej i jej akcesori\u00f3w pomo\u017ce zapobiec zmianom w wygl\u0105dzie, rdzewieniu i nieprzyjemnym zapachom. Pojemno\u015b\u0107: 500ml. Masz [\u2026]<\/p>","protected":false},"featured_media":12167,"comment_status":"open","ping_status":"closed","template":"","meta":[],"_links":{"self":[{"href":"https:\/\/hookahshop.lt\/pl\/wp-json\/wp\/v2\/product\/12166"}],"collection":[{"href":"https:\/\/hookahshop.lt\/pl\/wp-json\/wp\/v2\/product"}],"about":[{"href":"https:\/\/hookahshop.lt\/pl\/wp-json\/wp\/v2\/types\/product"}],"replies":[{"embeddable":true,"href":"https:\/\/hookahshop.lt\/pl\/wp-json\/wp\/v2\/comments?post=12166"}],"version-history":[{"count":4,"href":"https:\/\/hookahshop.lt\/pl\/wp-json\/wp\/v2\/product\/12166\/revisions"}],"predecessor-version":[{"id":35719,"href":"https:\/\/hookahshop.lt\/pl\/wp-json\/wp\/v2\/product\/12166\/revisions\/35719"}],"wp:featuredmedia":[{"embeddable":true,"href":"https:\/\/hookahshop.lt\/pl\/wp-json\/wp\/v2\/media\/12167"}],"wp:attachment":[{"href":"https:\/\/hookahshop.lt\/pl\/wp-json\/wp\/v2\/media?parent=12166"}],"curies":[{"name":"wp","href":"https:\/\/api.w.org\/{rel}","templated":true}]}}