{"id":12186,"date":"2020-09-17T15:06:54","date_gmt":"2020-09-17T12:06:54","guid":{"rendered":"https:\/\/hookahshop.lt\/?post_type=product&#038;p=12186"},"modified":"2026-04-19T23:29:00","modified_gmt":"2026-04-19T20:29:00","slug":"kaljanas-maklaud-x-russian-spirit","status":"publish","type":"product","link":"https:\/\/hookahshop.lt\/pl\/produkt\/hookah-maklaud-x-russian-spirit\/","title":{"rendered":"Fajka wodna MAKLAUD X Rosyjski spirytus"},"content":{"rendered":"<h2>Fajka wodna MAKLAUD X Rosyjski spirytus<\/h2>\n<p>To fajka, kt\u00f3ra nie pozostawi oboj\u0119tnym. To fajka, kt\u00f3ra spodoba si\u0119 zar\u00f3wno do\u015bwiadczonym, jak i nowicjuszom. Fajki wodne Maklaud s\u0142yn\u0105 z oryginalnego designu i ekstrawaganckich detali. Projekt serii Maklaud X jest dopracowany w najmniejszych szczeg\u00f3\u0142ach, kt\u00f3re pozostawiaj\u0105 niezatarte wra\u017cenie. Ta fajka wodna wykonana jest z trwa\u0142ych i trwa\u0142ych materia\u0142\u00f3w, aby s\u0142u\u017cy\u0142a d\u0142ugo i nie traci\u0142a swojego oryginalnego uroku.<\/p>\n<p><strong>Specyfikacje:<\/strong><\/p>\n<p>Materia\u0142 wa\u0142u: stal nierdzewna AISI 304<br \/>\nWa\u0142 zanurzony: stal nierdzewna AISI 304<br \/>\nMateria\u0142: mosi\u0105dz<br \/>\nMateria\u0142 bazowy: stal nierdzewna AISI 304<br \/>\nZ\u0142\u0105cze kolby: stal nierdzewna AISI 304<br \/>\nPrzy\u0142\u0105cze w\u0119\u017ca: stal nierdzewna AISI 304<br \/>\nWysoko\u015b\u0107 wa\u0142u: 70 cm<br \/>\nZaw\u00f3r: zewn\u0119trzny<br \/>\nSystem mocowania: po\u015bredni<br \/>\nDyfuzor: nieregulowany<br \/>\n\u015arednica wewn\u0119trzna kolby: 14 mm<\/p>\n<p><strong>Ekwipunek:<\/strong><\/p>\n<p>Wa\u0142<br \/>\nTalerz<br \/>\nUszczelka kolby<br \/>\nZamienna kula zaworu<br \/>\nPude\u0142ko marki Maklaud<br \/>\nWk\u0142adka nied\u017awiedzia<\/p>\n<p>Czy masz jakie\u015b pytania? Skontaktuj si\u0119 z nami <a href=\"https:\/\/hookahshop.lt\/pl\/lacznosc\/\">strona z kontaktami<\/a> lub napisz do nas na adres <a href=\"https:\/\/facebook.com\/HookahShop.lt\/\" target=\"_blank\" rel=\"noopener noreferrer\">konto na Facebooku<\/a> a my odpowiemy na Twoj\u0105 pro\u015bb\u0119 tego samego dnia.<\/p>","protected":false},"excerpt":{"rendered":"<p>Fajka wodna MAKLAUD X Russian Spirit To fajka wodna, kt\u00f3ra nie pozostawi nikogo oboj\u0119tnym. To fajka wodna, kt\u00f3ra spodoba si\u0119 zar\u00f3wno do\u015bwiadczonym, jak i pocz\u0105tkuj\u0105cym u\u017cytkownikom. Fajki wodne Maklaud s\u0142yn\u0105 z oryginalnego designu i ekstrawaganckich detali. Projekt serii Maklaud X jest dopracowany w najdrobniejszych szczeg\u00f3\u0142ach, kt\u00f3re pozostawiaj\u0105 niezatarte wra\u017cenie. Ta fajka wodna jest wykonana z trwa\u0142ych i wytrzyma\u0142ych materia\u0142\u00f3w, aby s\u0142u\u017cy\u0142a przez d\u0142ugi czas i nie traci\u0142a [\u2026]<\/p>","protected":false},"featured_media":12188,"comment_status":"open","ping_status":"closed","template":"","meta":[],"_links":{"self":[{"href":"https:\/\/hookahshop.lt\/pl\/wp-json\/wp\/v2\/product\/12186"}],"collection":[{"href":"https:\/\/hookahshop.lt\/pl\/wp-json\/wp\/v2\/product"}],"about":[{"href":"https:\/\/hookahshop.lt\/pl\/wp-json\/wp\/v2\/types\/product"}],"replies":[{"embeddable":true,"href":"https:\/\/hookahshop.lt\/pl\/wp-json\/wp\/v2\/comments?post=12186"}],"version-history":[{"count":2,"href":"https:\/\/hookahshop.lt\/pl\/wp-json\/wp\/v2\/product\/12186\/revisions"}],"predecessor-version":[{"id":29515,"href":"https:\/\/hookahshop.lt\/pl\/wp-json\/wp\/v2\/product\/12186\/revisions\/29515"}],"wp:featuredmedia":[{"embeddable":true,"href":"https:\/\/hookahshop.lt\/pl\/wp-json\/wp\/v2\/media\/12188"}],"wp:attachment":[{"href":"https:\/\/hookahshop.lt\/pl\/wp-json\/wp\/v2\/media?parent=12186"}],"curies":[{"name":"wp","href":"https:\/\/api.w.org\/{rel}","templated":true}]}}