{"id":1219,"date":"2020-03-25T12:51:58","date_gmt":"2020-03-25T10:51:58","guid":{"rendered":"http:\/\/hookahshop.lt\/?post_type=product&#038;p=1219"},"modified":"2026-04-05T23:29:08","modified_gmt":"2026-04-05T20:29:08","slug":"lentele-tabako-pjaustymui-lithuaniahookah","status":"publish","type":"product","link":"https:\/\/hookahshop.lt\/pl\/produkt\/stolowy-tyton-do-krojenia-litwa-fajka-wodna\/","title":{"rendered":"St\u00f3\u0142 do ci\u0119cia tytoniu LITWAHOOKAH"},"content":{"rendered":"<h2>St\u00f3\u0142 do ci\u0119cia tytoniu LITWAHOOKAH<\/h2>\n<p>Cena ma\u0142ego stolika to 15,00 EUR<br \/>\nCena du\u017cego sto\u0142u to 25,00 EUR<\/p>\n<p>Wymiary:<br \/>\nMa\u0142y stolik 25 \u00d7 12,5<br \/>\nSt\u00f3\u0142 du\u017cy 29\u00d720<\/p>\n<p>Czy masz jakie\u015b pytania? Skontaktuj si\u0119 z nami\u00a0<a href=\"https:\/\/hookahshop.lt\/pl\/lacznosc\/\">strona z kontaktami<\/a>\u00a0lub napisz do nas na adres\u00a0<a href=\"https:\/\/facebook.com\/HookahShop.lt\/\" target=\"_blank\" rel=\"noopener noreferrer\">konto na Facebooku<\/a>\u00a0a my odpowiemy na Twoj\u0105 pro\u015bb\u0119 tego samego dnia.<\/p>","protected":false},"excerpt":{"rendered":"<p>St\u00f3\u0142 do ci\u0119cia tytoniu z naturalnego drewna<\/p>","protected":false},"featured_media":9578,"comment_status":"open","ping_status":"closed","template":"","meta":[],"_links":{"self":[{"href":"https:\/\/hookahshop.lt\/pl\/wp-json\/wp\/v2\/product\/1219"}],"collection":[{"href":"https:\/\/hookahshop.lt\/pl\/wp-json\/wp\/v2\/product"}],"about":[{"href":"https:\/\/hookahshop.lt\/pl\/wp-json\/wp\/v2\/types\/product"}],"replies":[{"embeddable":true,"href":"https:\/\/hookahshop.lt\/pl\/wp-json\/wp\/v2\/comments?post=1219"}],"version-history":[{"count":4,"href":"https:\/\/hookahshop.lt\/pl\/wp-json\/wp\/v2\/product\/1219\/revisions"}],"predecessor-version":[{"id":32454,"href":"https:\/\/hookahshop.lt\/pl\/wp-json\/wp\/v2\/product\/1219\/revisions\/32454"}],"wp:featuredmedia":[{"embeddable":true,"href":"https:\/\/hookahshop.lt\/pl\/wp-json\/wp\/v2\/media\/9578"}],"wp:attachment":[{"href":"https:\/\/hookahshop.lt\/pl\/wp-json\/wp\/v2\/media?parent=1219"}],"curies":[{"name":"wp","href":"https:\/\/api.w.org\/{rel}","templated":true}]}}