{"id":12197,"date":"2020-09-17T17:32:17","date_gmt":"2020-09-17T14:32:17","guid":{"rendered":"https:\/\/hookahshop.lt\/?post_type=product&#038;p=12197"},"modified":"2026-04-24T23:28:57","modified_gmt":"2026-04-24T20:28:57","slug":"kaljanas-maklaud-x-buddha","status":"publish","type":"product","link":"https:\/\/hookahshop.lt\/pl\/produkt\/fajka-wodna-maklaud-x-budda\/","title":{"rendered":"Szisza MAKLAUD X Budda"},"content":{"rendered":"<h2>Szisza MAKLAUD X Budda<\/h2>\n<p>To fajka, kt\u00f3ra nie pozostawi oboj\u0119tnym. To fajka, kt\u00f3ra spodoba si\u0119 zar\u00f3wno do\u015bwiadczonym, jak i nowicjuszom. Fajki wodne Maklaud s\u0142yn\u0105 z oryginalnego designu i ekstrawaganckich detali. Projekt serii Maklaud X jest dopracowany w najmniejszych szczeg\u00f3\u0142ach, kt\u00f3re pozostawiaj\u0105 niezatarte wra\u017cenie. Ta fajka wodna wykonana jest z trwa\u0142ych i trwa\u0142ych materia\u0142\u00f3w, aby s\u0142u\u017cy\u0142a d\u0142ugo i nie traci\u0142a swojego oryginalnego uroku.<\/p>\n<p><strong>Specyfikacje:<\/strong><\/p>\n<p>Materia\u0142 wa\u0142u: stal nierdzewna AISI 304<br \/>\nWa\u0142 zanurzony: stal nierdzewna AISI 304<br \/>\nMateria\u0142: mosi\u0105dz<br \/>\nMateria\u0142 bazowy: stal nierdzewna AISI 304<br \/>\nZ\u0142\u0105cze kolby: stal nierdzewna AISI 304<br \/>\nPrzy\u0142\u0105cze w\u0119\u017ca: stal nierdzewna AISI 304<br \/>\nWysoko\u015b\u0107 wa\u0142u: 70 cm<br \/>\nZaw\u00f3r: zewn\u0119trzny<br \/>\nSystem mocowania: po\u015bredni<br \/>\nDyfuzor: nieregulowany<br \/>\n\u015arednica wewn\u0119trzna kolby: 14 mm<\/p>\n<p><strong>Ekwipunek:<\/strong><\/p>\n<p>Wa\u0142<br \/>\nTalerz<br \/>\nUszczelka kolby<br \/>\nZamienna kula zaworu<br \/>\nPude\u0142ko marki Maklaud<br \/>\nWstawka z g\u0142ow\u0105 Buddy<\/p>\n<p>Czy masz jakie\u015b pytania? Skontaktuj si\u0119 z nami <a href=\"https:\/\/hookahshop.lt\/pl\/lacznosc\/\">strona z kontaktami<\/a> lub napisz do nas na adres <a href=\"https:\/\/facebook.com\/HookahShop.lt\/\" target=\"_blank\" rel=\"noopener noreferrer\">konto na Facebooku<\/a> a my odpowiemy na Twoj\u0105 pro\u015bb\u0119 tego samego dnia.<\/p>","protected":false},"excerpt":{"rendered":"<p>Fajka wodna MAKLAUD X Buddha To szisza, kt\u00f3ra nie pozostawi Ci\u0119 oboj\u0119tnym. Jest to fajka wodna, kt\u00f3ra spodoba si\u0119 zar\u00f3wno do\u015bwiadczonym, jak i nowicjuszom. Fajki wodne Maklaud s\u0142yn\u0105 z oryginalnego designu i ekstrawaganckich detali. Konstrukcja serii Maklaud X zosta\u0142a dopracowana w najdrobniejszych szczeg\u00f3\u0142ach, kt\u00f3re pozostawiaj\u0105 niezatarte wra\u017cenie. Ta fajka wodna jest wykonana z trwa\u0142ych materia\u0142\u00f3w, kt\u00f3re wytrzymaj\u0105 d\u0142ugi czas i nie strac\u0105 swojego pierwotnego [\u2026]<\/p>","protected":false},"featured_media":12202,"comment_status":"open","ping_status":"closed","template":"","meta":[],"_links":{"self":[{"href":"https:\/\/hookahshop.lt\/pl\/wp-json\/wp\/v2\/product\/12197"}],"collection":[{"href":"https:\/\/hookahshop.lt\/pl\/wp-json\/wp\/v2\/product"}],"about":[{"href":"https:\/\/hookahshop.lt\/pl\/wp-json\/wp\/v2\/types\/product"}],"replies":[{"embeddable":true,"href":"https:\/\/hookahshop.lt\/pl\/wp-json\/wp\/v2\/comments?post=12197"}],"version-history":[{"count":3,"href":"https:\/\/hookahshop.lt\/pl\/wp-json\/wp\/v2\/product\/12197\/revisions"}],"predecessor-version":[{"id":41495,"href":"https:\/\/hookahshop.lt\/pl\/wp-json\/wp\/v2\/product\/12197\/revisions\/41495"}],"wp:featuredmedia":[{"embeddable":true,"href":"https:\/\/hookahshop.lt\/pl\/wp-json\/wp\/v2\/media\/12202"}],"wp:attachment":[{"href":"https:\/\/hookahshop.lt\/pl\/wp-json\/wp\/v2\/media?parent=12197"}],"curies":[{"name":"wp","href":"https:\/\/api.w.org\/{rel}","templated":true}]}}