{"id":12205,"date":"2020-09-17T21:26:55","date_gmt":"2020-09-17T18:26:55","guid":{"rendered":"https:\/\/hookahshop.lt\/?post_type=product&#038;p=12205"},"modified":"2026-05-15T11:55:28","modified_gmt":"2026-05-15T08:55:28","slug":"kolba-kaljanui-bigmaks-rainbow-crystal","status":"publish","type":"product","link":"https:\/\/hookahshop.lt\/pl\/produkt\/kolba-na-szisze-bigmaks-teczowy-krysztal\/","title":{"rendered":"Kolba do fajki wodnej BIGMAKS Rainbow Crystal"},"content":{"rendered":"<h2>Kolba do fajki wodnej BIGMAKS Rainbow Crystal<\/h2>\n<p>wykonany z prawdziwego kryszta\u0142u i ci\u0119ty r\u0119cznie. Ta kolba jest wyj\u0105tkowa pod wzgl\u0119dem projektu, jako\u015bci i jest wyj\u0105tkowo przezroczysta.<\/p>\n<p><strong><span title=\"\">Specyfikacje:<\/span><\/strong><br \/>\nMasa kolby: ~ 2,5 kg.<\/p>\n<p>Czy masz jakie\u015b pytania? Skontaktuj si\u0119 z nami <a href=\"https:\/\/hookahshop.lt\/pl\/lacznosc\/\">strona z kontaktami<\/a> lub napisz do nas na adres <a href=\"https:\/\/facebook.com\/HookahShop.lt\/\" target=\"_blank\" rel=\"noopener noreferrer\">konto na Facebooku<\/a> a my odpowiemy na Twoj\u0105 pro\u015bb\u0119 tego samego dnia.<\/p>","protected":false},"excerpt":{"rendered":"<p>Kolba kaljanui BIGMAKS Rainbow Crystal pagaminta i\u0161 tikro kri\u0161tolo ir supjaustoma rankomis. \u0160i kolba i\u0161skirtin\u0117 savo dizainu, kokybe ir yra itin skaidri. Specifikacijos: Kolbos svoris: ~ 2,5 kg. Turite klausim\u0173? Susisiekite su mumis kontakt\u0173 puslapyje arba para\u0161ykite mums \u012f Facebook paskyr\u0105 ir atsakysime \u012f j\u016bs\u0173 u\u017eklaus\u0105 dar t\u0105 pa\u010di\u0105 dien\u0105.<\/p>","protected":false},"featured_media":12211,"comment_status":"open","ping_status":"closed","template":"","meta":[],"_links":{"self":[{"href":"https:\/\/hookahshop.lt\/pl\/wp-json\/wp\/v2\/product\/12205"}],"collection":[{"href":"https:\/\/hookahshop.lt\/pl\/wp-json\/wp\/v2\/product"}],"about":[{"href":"https:\/\/hookahshop.lt\/pl\/wp-json\/wp\/v2\/types\/product"}],"replies":[{"embeddable":true,"href":"https:\/\/hookahshop.lt\/pl\/wp-json\/wp\/v2\/comments?post=12205"}],"version-history":[{"count":6,"href":"https:\/\/hookahshop.lt\/pl\/wp-json\/wp\/v2\/product\/12205\/revisions"}],"predecessor-version":[{"id":46050,"href":"https:\/\/hookahshop.lt\/pl\/wp-json\/wp\/v2\/product\/12205\/revisions\/46050"}],"wp:featuredmedia":[{"embeddable":true,"href":"https:\/\/hookahshop.lt\/pl\/wp-json\/wp\/v2\/media\/12211"}],"wp:attachment":[{"href":"https:\/\/hookahshop.lt\/pl\/wp-json\/wp\/v2\/media?parent=12205"}],"curies":[{"name":"wp","href":"https:\/\/api.w.org\/{rel}","templated":true}]}}