{"id":1222,"date":"2020-03-25T12:55:18","date_gmt":"2020-03-25T10:55:18","guid":{"rendered":"http:\/\/hookahshop.lt\/?post_type=product&#038;p=1222"},"modified":"2026-04-11T01:06:52","modified_gmt":"2026-04-10T22:06:52","slug":"kaitlente-kaljano-anglims","status":"publish","type":"product","link":"https:\/\/hookahshop.lt\/pl\/produkt\/hob-hookah-charcoal\/","title":{"rendered":"P\u0142yta na w\u0119giel do fajki wodnej"},"content":{"rendered":"<h2>P\u0142yta na w\u0119giel do fajki wodnej<\/h2>\n<div class=\"product_inf_options_group\"><strong>Rodzaj p\u0142yty:<\/strong><\/div>\n<div class=\"product_inf_options_box_even_row\">\n<div class=\"product_inf_options_box_even_row_val\">Elektrownia<\/div>\n<\/div>\n<div class=\"product_inf_options_box_odd_row\"><strong>Liczba miejsc:<\/strong><\/div>\n<div class=\"product_inf_options_box_odd_row_val\">1<\/div>\n<div class=\"product_inf_options_box_even_row\"><strong>Typ kontroli:<\/strong><\/div>\n<div class=\"product_inf_options_box_even_row_val\">Mechaniczny<\/div>\n<div class=\"product_inf_options_box_odd_row\"><strong>Moc (W):<\/strong><\/div>\n<div class=\"product_inf_options_box_odd_row_val\">1000 W.<\/div>\n<div class=\"product_inf_options_box_even_row\"><strong>Kolor:<\/strong><\/div>\n<div class=\"product_inf_options_box_even_row_val\">czarny<\/div>\n<div class=\"product_inf_options_box_odd_row\"><strong>Wymiary (szer. X wys. X g\u0142.):<\/strong><\/div>\n<div class=\"product_inf_options_box_odd_row_val\">6,0 x 21,0 x 21,0 cm<\/div>\n<div><\/div>\n<div>Czy masz jakie\u015b pytania? Skontaktuj si\u0119 z nami\u00a0<a href=\"https:\/\/hookahshop.lt\/pl\/lacznosc\/\">strona z kontaktami<\/a>\u00a0lub napisz do nas na adres\u00a0<a href=\"https:\/\/facebook.com\/HookahShop.lt\/\" target=\"_blank\" rel=\"noopener noreferrer\">konto na Facebooku<\/a>\u00a0a my odpowiemy na Twoj\u0105 pro\u015bb\u0119 tego samego dnia.<\/div>","protected":false},"excerpt":{"rendered":"<div class=\"product_inf_options_group\"><strong>Rodzaj p\u0142yty:<\/strong><\/div>\n<div class=\"product_inf_options_box_even_row\">\n<div class=\"product_inf_options_box_even_row_val\">Elektrownia<\/div>\n<\/div>\n<div class=\"product_inf_options_box_odd_row\"><strong>Liczba miejsc:<\/strong><\/div>\n<div class=\"product_inf_options_box_odd_row_val\">1<\/div>\n<div class=\"product_inf_options_box_even_row\"><strong>Typ kontroli:<\/strong><\/div>\n<div class=\"product_inf_options_box_even_row_val\">Mechaniczny<\/div>\n<div class=\"product_inf_options_box_odd_row\"><strong>Moc (W):<\/strong><\/div>\n<div class=\"product_inf_options_box_odd_row_val\">1000 W.<\/div>\n<div class=\"product_inf_options_box_even_row\"><strong>Kolor:<\/strong><\/div>\n<div class=\"product_inf_options_box_even_row_val\">czarny<\/div>\n<div class=\"product_inf_options_box_odd_row\"><strong>Wymiary (szer. X wys. X g\u0142.):<\/strong><\/div>\n<div class=\"product_inf_options_box_odd_row_val\">6,0 x 21,0 x 21,0 cm<\/div>","protected":false},"featured_media":1223,"comment_status":"open","ping_status":"closed","template":"","meta":[],"_links":{"self":[{"href":"https:\/\/hookahshop.lt\/pl\/wp-json\/wp\/v2\/product\/1222"}],"collection":[{"href":"https:\/\/hookahshop.lt\/pl\/wp-json\/wp\/v2\/product"}],"about":[{"href":"https:\/\/hookahshop.lt\/pl\/wp-json\/wp\/v2\/types\/product"}],"replies":[{"embeddable":true,"href":"https:\/\/hookahshop.lt\/pl\/wp-json\/wp\/v2\/comments?post=1222"}],"version-history":[{"count":7,"href":"https:\/\/hookahshop.lt\/pl\/wp-json\/wp\/v2\/product\/1222\/revisions"}],"predecessor-version":[{"id":34788,"href":"https:\/\/hookahshop.lt\/pl\/wp-json\/wp\/v2\/product\/1222\/revisions\/34788"}],"wp:featuredmedia":[{"embeddable":true,"href":"https:\/\/hookahshop.lt\/pl\/wp-json\/wp\/v2\/media\/1223"}],"wp:attachment":[{"href":"https:\/\/hookahshop.lt\/pl\/wp-json\/wp\/v2\/media?parent=1222"}],"curies":[{"name":"wp","href":"https:\/\/api.w.org\/{rel}","templated":true}]}}