{"id":12227,"date":"2020-09-17T22:26:00","date_gmt":"2020-09-17T19:26:00","guid":{"rendered":"https:\/\/hookahshop.lt\/?post_type=product&#038;p=12227"},"modified":"2026-04-14T23:28:56","modified_gmt":"2026-04-14T20:28:56","slug":"kaljanas-steamulation-pro-x-clear","status":"publish","type":"product","link":"https:\/\/hookahshop.lt\/pl\/produkt\/fajka-wodna-steamulation-pro-x-clear\/","title":{"rendered":"Fajka wodna STEAMULATION Pro X Clear"},"content":{"rendered":"<h2>Fajka wodna STEAMULATION Pro X Clear<\/h2>\n<p>Po\u0142\u0105czenie cech tej fajki wodnej sprawia, \u017ce ka\u017cdy u\u017cytkownik znajdzie ustawienie odpowiednie dla swoich potrzeb.<\/p>\n<p>Steamulation Pro X to fajka wodna z najwi\u0119ksz\u0105 liczb\u0105 funkcji i opcji dostosowywania na \u015bwiecie!<\/p>\n<p>W pude\u0142ku znajdziesz:<\/p>\n<p>1x Steamulation Pro X<br \/>\n1x adapter w\u0119\u017ca V2A (18,8)<br \/>\nUnikalny numer seryjny<\/p>\n<p>Dane techniczne:<\/p>\n<p>Rozmiar: 52cm<br \/>\nWaga: 4,8 kg<br \/>\n\u015arednica wazonu: 24 cm<br \/>\nZdejmowany dyfuzor<br \/>\nZalecany poziom nape\u0142nienia: oko\u0142o 1,6-1,7 litra<\/p>\n<p>Dodatkowo dost\u0119pne:<\/p>\n<p>Ustnik<br \/>\nW\u0105\u017c silikonowy<\/p>\n<p>Materia\u0142: Stal nierdzewna<\/p>\n<p>Czy masz jakie\u015b pytania? Skontaktuj si\u0119 z nami <a href=\"https:\/\/hookahshop.lt\/pl\/lacznosc\/\">strona z kontaktami<\/a> lub napisz do nas na adres <a href=\"https:\/\/facebook.com\/HookahShop.lt\/\" target=\"_blank\" rel=\"noopener noreferrer\">konto na Facebooku<\/a> a my odpowiemy na Twoj\u0105 pro\u015bb\u0119 tego samego dnia.<\/p>","protected":false},"excerpt":{"rendered":"<p>Szisza STEAMULATION Pro X Clear Po\u0142\u0105czenie cech tej fajki wodnej sprawia, \u017ce ka\u017cdy u\u017cytkownik znajdzie ustawienie odpowiednie dla swoich potrzeb. Steamulation Pro X to fajka wodna z najwi\u0119ksz\u0105 liczb\u0105 funkcji i opcji dostosowywania na \u015bwiecie! W pude\u0142ku znajdziesz: 1x Steamulation Pro X 1x adapter w\u0119\u017ca V2A (18,8) Unikalny numer seryjny Dane techniczne: Rozmiar: 52 cm Waga: 4,8 [\u2026]<\/p>","protected":false},"featured_media":12230,"comment_status":"open","ping_status":"closed","template":"","meta":[],"_links":{"self":[{"href":"https:\/\/hookahshop.lt\/pl\/wp-json\/wp\/v2\/product\/12227"}],"collection":[{"href":"https:\/\/hookahshop.lt\/pl\/wp-json\/wp\/v2\/product"}],"about":[{"href":"https:\/\/hookahshop.lt\/pl\/wp-json\/wp\/v2\/types\/product"}],"replies":[{"embeddable":true,"href":"https:\/\/hookahshop.lt\/pl\/wp-json\/wp\/v2\/comments?post=12227"}],"version-history":[{"count":2,"href":"https:\/\/hookahshop.lt\/pl\/wp-json\/wp\/v2\/product\/12227\/revisions"}],"predecessor-version":[{"id":22703,"href":"https:\/\/hookahshop.lt\/pl\/wp-json\/wp\/v2\/product\/12227\/revisions\/22703"}],"wp:featuredmedia":[{"embeddable":true,"href":"https:\/\/hookahshop.lt\/pl\/wp-json\/wp\/v2\/media\/12230"}],"wp:attachment":[{"href":"https:\/\/hookahshop.lt\/pl\/wp-json\/wp\/v2\/media?parent=12227"}],"curies":[{"name":"wp","href":"https:\/\/api.w.org\/{rel}","templated":true}]}}