{"id":12235,"date":"2020-09-17T22:56:20","date_gmt":"2020-09-17T19:56:20","guid":{"rendered":"https:\/\/hookahshop.lt\/?post_type=product&#038;p=12235"},"modified":"2026-05-14T23:28:59","modified_gmt":"2026-05-14T20:28:59","slug":"kaljanas-nube-unique-black-one","status":"publish","type":"product","link":"https:\/\/hookahshop.lt\/pl\/produkt\/szisza-nube-unikalna-czarna-jedna\/","title":{"rendered":"Fajka wodna NUBE Unique Black One"},"content":{"rendered":"<h2>Fajka wodna NUBE Unique Black One<\/h2>\n<p>Fajka wodna, kt\u00f3ra nie mo\u017ce by\u0107 bardziej wyj\u0105tkowa. Wysoka jako\u015b\u0107 Nube Unique Black One jest \u0142atwa w utrzymaniu i wykorzystuje wysokiej jako\u015bci materia\u0142y, takie jak stal nierdzewna i poliacetal.<\/p>\n<p>Unikalny zaw\u00f3r wydmuchowy umo\u017cliwia skierowanie wdmuchiwanego powietrza bezpo\u015brednio do kubka, co powoduje jego och\u0142odzenie.<\/p>\n<p><strong>Ekwipunek:<\/strong><br \/>\nTrzonek, p\u0142ytka, w\u0105\u017c, ustnik.<\/p>\n<p><img decoding=\"async\" loading=\"lazy\" class=\"alignnone size-medium wp-image-38521\" src=\"https:\/\/hookahshop.lt\/wp-content\/uploads\/2020\/09\/stiebas-zarna-kandiklis-1-300x273.jpg\" alt=\"- hookahshop.lt\" width=\"300\" height=\"273\" srcset=\"https:\/\/hookahshop.lt\/wp-content\/uploads\/2020\/09\/stiebas-zarna-kandiklis-1-300x273.jpg 300w, https:\/\/hookahshop.lt\/wp-content\/uploads\/2020\/09\/stiebas-zarna-kandiklis-1-13x12.jpg 13w, https:\/\/hookahshop.lt\/wp-content\/uploads\/2020\/09\/stiebas-zarna-kandiklis-1-64x58.jpg 64w, https:\/\/hookahshop.lt\/wp-content\/uploads\/2020\/09\/stiebas-zarna-kandiklis-1.jpg 420w\" sizes=\"(max-width: 300px) 100vw, 300px\" title=\"\"><\/p>\n<p><strong>Specyfikacja techniczna:<\/strong><br \/>\nWysoko\u015b\u0107 ca\u0142kowita: oko\u0142o 58 cm<br \/>\nMateria\u0142: Stal nierdzewna<br \/>\nWyprodukowane w Rosji<\/p>\n<p>Czy masz jakie\u015b pytania? Skontaktuj si\u0119 z nami <a href=\"https:\/\/hookahshop.lt\/pl\/lacznosc\/\">strona z kontaktami<\/a> lub napisz do nas na adres <a href=\"https:\/\/facebook.com\/HookahShop.lt\/\" target=\"_blank\" rel=\"noopener noreferrer\">konto na Facebooku<\/a> a my odpowiemy na Twoj\u0105 pro\u015bb\u0119 tego samego dnia.<\/p>","protected":false},"excerpt":{"rendered":"<p>Szisza NUBE Unique Black One Szisza, kt\u00f3ra nie mog\u0142aby by\u0107 bardziej wyj\u0105tkowa. Wysoka jako\u015b\u0107 Nube Unique Black One jest wykonana z \u0142atwych w utrzymaniu i wysokiej jako\u015bci materia\u0142\u00f3w, takich jak stal nierdzewna i poliacetal. Unikalny zaw\u00f3r upustowy pozwala skierowa\u0107 wdmuchiwane powietrze bezpo\u015brednio do kubka, sch\u0142adzaj\u0105c go. Kompletny zestaw: Trzonek, p\u0142ytka, w\u0105\u017c, ustnik. Dane techniczne: Ca\u0142kowita wysoko\u015b\u0107: [\u2026]<\/p>","protected":false},"featured_media":12236,"comment_status":"open","ping_status":"closed","template":"","meta":[],"_links":{"self":[{"href":"https:\/\/hookahshop.lt\/pl\/wp-json\/wp\/v2\/product\/12235"}],"collection":[{"href":"https:\/\/hookahshop.lt\/pl\/wp-json\/wp\/v2\/product"}],"about":[{"href":"https:\/\/hookahshop.lt\/pl\/wp-json\/wp\/v2\/types\/product"}],"replies":[{"embeddable":true,"href":"https:\/\/hookahshop.lt\/pl\/wp-json\/wp\/v2\/comments?post=12235"}],"version-history":[{"count":8,"href":"https:\/\/hookahshop.lt\/pl\/wp-json\/wp\/v2\/product\/12235\/revisions"}],"predecessor-version":[{"id":44130,"href":"https:\/\/hookahshop.lt\/pl\/wp-json\/wp\/v2\/product\/12235\/revisions\/44130"}],"wp:featuredmedia":[{"embeddable":true,"href":"https:\/\/hookahshop.lt\/pl\/wp-json\/wp\/v2\/media\/12236"}],"wp:attachment":[{"href":"https:\/\/hookahshop.lt\/pl\/wp-json\/wp\/v2\/media?parent=12235"}],"curies":[{"name":"wp","href":"https:\/\/api.w.org\/{rel}","templated":true}]}}