{"id":12318,"date":"2020-09-27T21:03:39","date_gmt":"2020-09-27T18:03:39","guid":{"rendered":"https:\/\/hookahshop.lt\/?post_type=product&#038;p=12318"},"modified":"2026-04-14T23:28:50","modified_gmt":"2026-04-14T20:28:50","slug":"kaljanas-hoob-subatom-black","status":"publish","type":"product","link":"https:\/\/hookahshop.lt\/pl\/produkt\/fajka-wodna-hoob-subatom-czarna\/","title":{"rendered":"Fajka wodna HOOB subAtom Black"},"content":{"rendered":"<h2>Fajka wodna HOOB subAtom Black<\/h2>\n<p>Szisza jest czarno-z\u0142ota i jest jedn\u0105 z najbardziej rewolucyjnych i kompaktowych fajek wodnych, jeszcze bardziej kompaktow\u0105 i mobiln\u0105 dzi\u0119ki Hoob SubAtom. Popularny ju\u017c czarny design Hoob i niestandardowe kszta\u0142ty tej fajki wodnej sprawiaj\u0105, \u017ce jest ona naprawd\u0119 wyj\u0105tkowa, mo\u017cna jej u\u017cywa\u0107 gdziekolwiek chcesz, na \u0142onie natury, w domu, w biurze. Wysokiej jako\u015bci materia\u0142y s\u0105 idealnie dobrane, aby zapewni\u0107 najd\u0142u\u017csz\u0105 \u017cywotno\u015b\u0107 fajki wodnej i dopasowa\u0107 si\u0119 do nowoczesnego wygl\u0105du.<\/p>\n<p>Anodowana aluminiowa cz\u0119\u015b\u0107 do fajki wodnej ze specjaln\u0105 z\u0142ot\u0105 i czarn\u0105 matow\u0105 pow\u0142ok\u0105, z centraln\u0105 rur\u0105 ze stali nierdzewnej.<br \/>\nHoob Magnetic Lock\u00ae unikalny system po\u0142\u0105cze\u0144 fajki wodnej i magnetyczne z\u0142\u0105cza w\u0119\u017ca.<br \/>\nMini talerz ze stali nierdzewnej na w\u0119giel drzewny.<br \/>\nOdporna na uderzenia kolba z plexi ze z\u0142otymi p\u0142atkami.<\/p>\n<p>Hookah Hoob subAtom Black to przedmiot, kt\u00f3rego mo\u017cna u\u017cywa\u0107 z dowolnymi kubkami i w\u0119\u017cami silikonowymi.<\/p>\n<p><strong>Ekwipunek:<\/strong><br \/>\nWa\u0142 ze stali nierdzewnej<br \/>\nMateria\u0142 kolby to szk\u0142o organiczne<br \/>\nSystem mocowania Magnesy \u201eHoob Magnetic Lock\u00ae\u201d.<br \/>\nWysoko\u015b\u0107 12 cm<br \/>\nWa\u0142 13 mm<br \/>\ndyfuzor, potr\u00f3jny zaw\u00f3r odpowietrzaj\u0105cy<br \/>\nPlatforma blokady magnetycznej Hoob; odporna na uderzenia kolba z pleksiglasu; przy\u0142\u0105cze w\u0119\u017ca<\/p>\n<p><img decoding=\"async\" loading=\"lazy\" class=\"alignnone size-medium wp-image-38512\" src=\"https:\/\/hookahshop.lt\/wp-content\/uploads\/2022\/06\/mazu-aladinu-komplektacija-1-300x273.jpg\" alt=\"- hookahshop.lt\" width=\"300\" height=\"273\" srcset=\"https:\/\/hookahshop.lt\/wp-content\/uploads\/2022\/06\/mazu-aladinu-komplektacija-1-300x273.jpg 300w, https:\/\/hookahshop.lt\/wp-content\/uploads\/2022\/06\/mazu-aladinu-komplektacija-1-13x12.jpg 13w, https:\/\/hookahshop.lt\/wp-content\/uploads\/2022\/06\/mazu-aladinu-komplektacija-1-64x58.jpg 64w, https:\/\/hookahshop.lt\/wp-content\/uploads\/2022\/06\/mazu-aladinu-komplektacija-1.jpg 420w\" sizes=\"(max-width: 300px) 100vw, 300px\" title=\"\"><\/p>\n<p>Czy masz jakie\u015b pytania? Skontaktuj si\u0119 z nami <a href=\"https:\/\/hookahshop.lt\/pl\/lacznosc\/\">strona z kontaktami<\/a> lub napisz do nas na adres <a href=\"https:\/\/facebook.com\/HookahShop.lt\/\" target=\"_blank\" rel=\"noopener noreferrer\">konto na Facebooku<\/a> a my odpowiemy na Twoj\u0105 pro\u015bb\u0119 tego samego dnia.<\/p>","protected":false},"excerpt":{"rendered":"<p>Hookah HOOB subAtom Black Hookah jest w kolorze czarno-z\u0142otym, jest to jedna z najbardziej rewolucyjnych i kompaktowych fajek wodnych, Hoob SubAtom sta\u0142a si\u0119 jeszcze bardziej kompaktowa i mobilna. Popularny ju\u017c czarny design Hoob i niestandardowe kszta\u0142ty tej fajki wodnej sprawiaj\u0105, \u017ce jest ona naprawd\u0119 wyj\u0105tkowa, mo\u017cna jej u\u017cywa\u0107 gdziekolwiek chcesz, na \u0142onie natury, w domu, w biurze. Wysokiej jako\u015bci materia\u0142y s\u0105 idealnie dobrane, aby zapewni\u0107 [\u2026]<\/p>","protected":false},"featured_media":12319,"comment_status":"open","ping_status":"closed","template":"","meta":[],"_links":{"self":[{"href":"https:\/\/hookahshop.lt\/pl\/wp-json\/wp\/v2\/product\/12318"}],"collection":[{"href":"https:\/\/hookahshop.lt\/pl\/wp-json\/wp\/v2\/product"}],"about":[{"href":"https:\/\/hookahshop.lt\/pl\/wp-json\/wp\/v2\/types\/product"}],"replies":[{"embeddable":true,"href":"https:\/\/hookahshop.lt\/pl\/wp-json\/wp\/v2\/comments?post=12318"}],"version-history":[{"count":6,"href":"https:\/\/hookahshop.lt\/pl\/wp-json\/wp\/v2\/product\/12318\/revisions"}],"predecessor-version":[{"id":29387,"href":"https:\/\/hookahshop.lt\/pl\/wp-json\/wp\/v2\/product\/12318\/revisions\/29387"}],"wp:featuredmedia":[{"embeddable":true,"href":"https:\/\/hookahshop.lt\/pl\/wp-json\/wp\/v2\/media\/12319"}],"wp:attachment":[{"href":"https:\/\/hookahshop.lt\/pl\/wp-json\/wp\/v2\/media?parent=12318"}],"curies":[{"name":"wp","href":"https:\/\/api.w.org\/{rel}","templated":true}]}}