{"id":12388,"date":"2020-10-03T19:37:39","date_gmt":"2020-10-03T16:37:39","guid":{"rendered":"https:\/\/hookahshop.lt\/?post_type=product&#038;p=12388"},"modified":"2026-04-18T23:28:41","modified_gmt":"2026-04-18T20:28:41","slug":"kaljanas-bigmaks-zero","status":"publish","type":"product","link":"https:\/\/hookahshop.lt\/pl\/produkt\/fajka-wodna-bigmax-zero\/","title":{"rendered":"Fajka wodna BIGMAKS Zero"},"content":{"rendered":"<h2>Fajka wodna BIGMAKS Zero<\/h2>\n<p>Wykonany z europejskiej stali nierdzewnej AISI 304 z bardzo precyzyjn\u0105 obr\u00f3bk\u0105 trzonka i detali. Zbi\u00f3r po w\u0142o\u017ceniu trzonka do kolby.<br \/>\nSzisza ma \u015bredni, klasyczny ci\u0105g. System przedmuchu sk\u0142ada si\u0119 z pi\u0119ciu zawor\u00f3w, kt\u00f3re pozwalaj\u0105 na jednoczesne przedmuchanie kolby i sch\u0142odzenie kubka. Po\u0142\u0105czenie typu O-ring.<br \/>\nKonstrukcja wa\u0142u jest falista u g\u00f3ry i u do\u0142u oraz p\u0142aska w \u015brodku.<\/p>\n<p><strong>Charakterystyka:<\/strong><br \/>\nWaga fajki wodnej: ~ 980 gr<br \/>\nWysoko\u015b\u0107 fajki wodnej: 510 mm<br \/>\nWewn\u0119trzna cz\u0119\u015b\u0107 trzonka: stal nierdzewna, D14 mm<br \/>\nZewn\u0119trzna cz\u0119\u015b\u0107 wa\u0142u: stal nierdzewna<br \/>\nZanurzona cz\u0119\u015b\u0107 wa\u0142u: stal nierdzewna, D13 mm<br \/>\nMateria\u0142 bazowy: poliacetal<br \/>\nPrzy\u0142\u0105cze w\u0119\u017ca: O-ring<br \/>\nMateria\u0142 po\u0142\u0105czenia: stal nierdzewna<br \/>\nPrzy\u0142\u0105cze zaworu: wewn\u0119trzne<br \/>\nDyfuzor: nieusuwalny, na wale<br \/>\nUstnik: stal nierdzewna<br \/>\nD\u0142ugo\u015b\u0107 ustnika: 299 mm, D10 mm<br \/>\nW\u0105\u017c: mi\u0119kki w dotyku silikon<br \/>\nD\u0142ugo\u015b\u0107 w\u0119\u017ca: 1500 mm<\/p>\n<p><strong>Ekwipunek:<\/strong><br \/>\nSkrzynka; wa\u0142 (wa\u0142); tabliczka z grawerem marki; ustnik; z\u0142\u0105cze w\u0119\u017ca; W\u0105\u017c SOFT TOUCH; plastikowe kulki (5 szt.);<\/p>\n<p>Czy masz jakie\u015b pytania? Skontaktuj si\u0119 z nami <a href=\"https:\/\/hookahshop.lt\/pl\/lacznosc\/\">strona z kontaktami<\/a> lub napisz do nas na adres <a href=\"https:\/\/facebook.com\/HookahShop.lt\/\" target=\"_blank\" rel=\"noopener noreferrer\">konto na Facebooku<\/a> a my odpowiemy na Twoj\u0105 pro\u015bb\u0119 tego samego dnia.<\/p>","protected":false},"excerpt":{"rendered":"<p>Fajka wodna BIGMAKS Zero Wykonana z europejskiej stali nierdzewnej AISI 304 z bardzo precyzyjn\u0105 obr\u00f3bk\u0105 trzonka i detali. Zbi\u00f3r po w\u0142o\u017ceniu trzonka do kolby. Szisza ma \u015bredni, klasyczny ci\u0105g. System przedmuchu sk\u0142ada si\u0119 z pi\u0119ciu zawor\u00f3w, kt\u00f3re pozwalaj\u0105 na jednoczesne przedmuchanie kolby i sch\u0142odzenie kubka. Po\u0142\u0105czenie typu O-ring. Konstrukcja wa\u0142u jest falista \u2013 g\u00f3ra i d\u00f3\u0142, a w \u015brodku [...]<\/p>","protected":false},"featured_media":12389,"comment_status":"open","ping_status":"closed","template":"","meta":[],"_links":{"self":[{"href":"https:\/\/hookahshop.lt\/pl\/wp-json\/wp\/v2\/product\/12388"}],"collection":[{"href":"https:\/\/hookahshop.lt\/pl\/wp-json\/wp\/v2\/product"}],"about":[{"href":"https:\/\/hookahshop.lt\/pl\/wp-json\/wp\/v2\/types\/product"}],"replies":[{"embeddable":true,"href":"https:\/\/hookahshop.lt\/pl\/wp-json\/wp\/v2\/comments?post=12388"}],"version-history":[{"count":5,"href":"https:\/\/hookahshop.lt\/pl\/wp-json\/wp\/v2\/product\/12388\/revisions"}],"predecessor-version":[{"id":42421,"href":"https:\/\/hookahshop.lt\/pl\/wp-json\/wp\/v2\/product\/12388\/revisions\/42421"}],"wp:featuredmedia":[{"embeddable":true,"href":"https:\/\/hookahshop.lt\/pl\/wp-json\/wp\/v2\/media\/12389"}],"wp:attachment":[{"href":"https:\/\/hookahshop.lt\/pl\/wp-json\/wp\/v2\/media?parent=12388"}],"curies":[{"name":"wp","href":"https:\/\/api.w.org\/{rel}","templated":true}]}}