{"id":12393,"date":"2020-10-03T19:57:51","date_gmt":"2020-10-03T16:57:51","guid":{"rendered":"https:\/\/hookahshop.lt\/?post_type=product&#038;p=12393"},"modified":"2026-04-15T12:28:58","modified_gmt":"2026-04-15T09:28:58","slug":"kaljanas-shadows-agera-black","status":"publish","type":"product","link":"https:\/\/hookahshop.lt\/pl\/produkt\/szisza-cienie-agera-czarna\/","title":{"rendered":"Fajka wodna SHADOWS Agera Black"},"content":{"rendered":"<h2>Fajka wodna SHADOWS Agera Black<\/h2>\n<p>To nowy produkt od producenta. Agera to wysokiej jako\u015bci fajka wodna wykonana wy\u0142\u0105cznie ze stali nierdzewnej. O oryginalno\u015bci \u015bwiadcz\u0105 zdobienia u podstawy, z ozdobn\u0105 blaszk\u0105 i stylowym metalowym pier\u015bcieniem po\u015brodku.<\/p>\n<p>P\u0142yta falista zapobiega wydostawaniu si\u0119 w\u0119gla podczas w\u0119dzenia, utrzymuj\u0105c odpowiedni\u0105 temperatur\u0119 przez ca\u0142y proces.<\/p>\n<p>Z\u0142\u0105cze w\u0119\u017ca do fajki wodnej i zaw\u00f3r odpowietrzaj\u0105cy z magnesami. Magnesy w tej fajce wodnej s\u0105 wysokiej jako\u015bci, wi\u0119c nie musisz si\u0119 martwi\u0107 o ich funkcjonalno\u015b\u0107.<\/p>\n<p>Og\u00f3lnie rzecz bior\u0105c, jest to \u015bwietna fajka wodna z dyfuzorem, kt\u00f3ry zapewnia lekkie uderzenie<\/p>\n<p>Wysoko\u015b\u0107 fajki wodnej: 51 cm.<br \/>\nProducent: Rosja<\/p>\n<p>Zestaw do fajek wodnych Shadows Agera Black:<br \/>\nWa\u0142 ze stali nierdzewnej;<br \/>\nDekoracje dekoracyjne;<br \/>\nP\u0142yta falista ze stali nierdzewnej;<br \/>\nUstnik ze stali nierdzewnej;<br \/>\nZdejmowany dyfuzor;<br \/>\nSpr\u0119\u017cyna w\u0119\u017ca;<br \/>\nMagnetyczne z\u0142\u0105cze w\u0119\u017ca;<br \/>\nMarkowe pude\u0142ko;<\/p>\n<p>Czy masz jakie\u015b pytania? Skontaktuj si\u0119 z nami <a href=\"https:\/\/hookahshop.lt\/pl\/lacznosc\/\">strona z kontaktami<\/a> lub napisz do nas na adres <a href=\"https:\/\/facebook.com\/HookahShop.lt\/\" target=\"_blank\" rel=\"noopener noreferrer\">konto na Facebooku<\/a> a my odpowiemy na Twoj\u0105 pro\u015bb\u0119 tego samego dnia.<\/p>","protected":false},"excerpt":{"rendered":"<p>Fajka wodna SHADOWS Agera Black Jest to nowy produkt producenta. Agera to wysokiej jako\u015bci fajka wodna wykonana wy\u0142\u0105cznie ze stali nierdzewnej. Oryginalno\u015bci dodaj\u0105 ozdoby u podstawy, z ozdobn\u0105 p\u0142ytk\u0105 i stylowym metalowym k\u00f3\u0142kiem po\u015brodku. P\u0142yta falista zapobiega wydostawaniu si\u0119 w\u0119gla drzewnego podczas w\u0119dzenia, utrzymuj\u0105c odpowiedni\u0105 temperatur\u0119 przez ca\u0142y proces. Z\u0142\u0105cze w\u0119\u017ca do fajki wodnej i zaw\u00f3r odpowietrzaj\u0105cy z magnesami. [\u2026]<\/p>","protected":false},"featured_media":12413,"comment_status":"open","ping_status":"closed","template":"","meta":[],"_links":{"self":[{"href":"https:\/\/hookahshop.lt\/pl\/wp-json\/wp\/v2\/product\/12393"}],"collection":[{"href":"https:\/\/hookahshop.lt\/pl\/wp-json\/wp\/v2\/product"}],"about":[{"href":"https:\/\/hookahshop.lt\/pl\/wp-json\/wp\/v2\/types\/product"}],"replies":[{"embeddable":true,"href":"https:\/\/hookahshop.lt\/pl\/wp-json\/wp\/v2\/comments?post=12393"}],"version-history":[{"count":5,"href":"https:\/\/hookahshop.lt\/pl\/wp-json\/wp\/v2\/product\/12393\/revisions"}],"predecessor-version":[{"id":28280,"href":"https:\/\/hookahshop.lt\/pl\/wp-json\/wp\/v2\/product\/12393\/revisions\/28280"}],"wp:featuredmedia":[{"embeddable":true,"href":"https:\/\/hookahshop.lt\/pl\/wp-json\/wp\/v2\/media\/12413"}],"wp:attachment":[{"href":"https:\/\/hookahshop.lt\/pl\/wp-json\/wp\/v2\/media?parent=12393"}],"curies":[{"name":"wp","href":"https:\/\/api.w.org\/{rel}","templated":true}]}}