{"id":12423,"date":"2020-10-04T12:59:03","date_gmt":"2020-10-04T09:59:03","guid":{"rendered":"https:\/\/hookahshop.lt\/?post_type=product&#038;p=12423"},"modified":"2026-04-14T23:28:56","modified_gmt":"2026-04-14T20:28:56","slug":"kaljanas-shadows-huracan","status":"publish","type":"product","link":"https:\/\/hookahshop.lt\/pl\/produkt\/kaljanas-shadows-huracan\/","title":{"rendered":"Szisza SHADOWS Huracan"},"content":{"rendered":"<h2 class=\"product_title entry-title elementor-heading-title elementor-size-default\">Szisza SHADOWS Huracan<\/h2>\n<p>Minimalistyczny design fajki Shadows Huracan w dobrej cenie!<\/p>\n<p><strong>Ekwipunek:<\/strong><br \/>\nPude\u0142ko; wa\u0142; tabliczka z grawerem marki; ustnik; przy\u0142\u0105cze w\u0119\u017ca; jelito; plastikowe kulki.<\/p>\n<p>Czy masz jakie\u015b pytania? Skontaktuj si\u0119 z nami <a href=\"https:\/\/hookahshop.lt\/pl\/lacznosc\/\">strona z kontaktami<\/a> lub napisz do nas na adres <a href=\"https:\/\/facebook.com\/HookahShop.lt\/\" target=\"_blank\" rel=\"noopener noreferrer\">konto na Facebooku<\/a> a my odpowiemy na Twoj\u0105 pro\u015bb\u0119 tego samego dnia.<\/p>","protected":false},"excerpt":{"rendered":"<p>Hookah SHADOWS Huracan Minimalistyczny design fajki Shadows Huracan dobry stosunek ceny do jako\u015bci! Kompletny zestaw: Pude\u0142ko; wa\u0142; tabliczka z grawerem marki; ustnik; z\u0142\u0105cze w\u0119\u017ca; jelito; plastikowe kulki. Czy masz jakie\u015b pytania? Skontaktuj si\u0119 z nami na stronie kontaktowej lub napisz do nas na naszym koncie na Facebooku, a my odpowiemy na Twoj\u0105 pro\u015bb\u0119 jeszcze tego samego dnia.<\/p>","protected":false},"featured_media":12425,"comment_status":"open","ping_status":"closed","template":"","meta":[],"_links":{"self":[{"href":"https:\/\/hookahshop.lt\/pl\/wp-json\/wp\/v2\/product\/12423"}],"collection":[{"href":"https:\/\/hookahshop.lt\/pl\/wp-json\/wp\/v2\/product"}],"about":[{"href":"https:\/\/hookahshop.lt\/pl\/wp-json\/wp\/v2\/types\/product"}],"replies":[{"embeddable":true,"href":"https:\/\/hookahshop.lt\/pl\/wp-json\/wp\/v2\/comments?post=12423"}],"version-history":[{"count":4,"href":"https:\/\/hookahshop.lt\/pl\/wp-json\/wp\/v2\/product\/12423\/revisions"}],"predecessor-version":[{"id":29516,"href":"https:\/\/hookahshop.lt\/pl\/wp-json\/wp\/v2\/product\/12423\/revisions\/29516"}],"wp:featuredmedia":[{"embeddable":true,"href":"https:\/\/hookahshop.lt\/pl\/wp-json\/wp\/v2\/media\/12425"}],"wp:attachment":[{"href":"https:\/\/hookahshop.lt\/pl\/wp-json\/wp\/v2\/media?parent=12423"}],"curies":[{"name":"wp","href":"https:\/\/api.w.org\/{rel}","templated":true}]}}