{"id":12534,"date":"2020-10-07T13:25:35","date_gmt":"2020-10-07T10:25:35","guid":{"rendered":"https:\/\/hookahshop.lt\/?post_type=product&#038;p=12534"},"modified":"2026-04-19T23:29:06","modified_gmt":"2026-04-19T20:29:06","slug":"kaljano-komplektas-bigmaks-zero","status":"publish","type":"product","link":"https:\/\/hookahshop.lt\/pl\/produkt\/szisza-zestaw-bigmaks-zero\/","title":{"rendered":"Zestaw fajki wodnej BIGMAKS Zero"},"content":{"rendered":"<h2>Zestaw fajki wodnej BIGMAKS Zero<\/h2>\n<p>Szisza wykonana jest ze stali nierdzewnej AISI 304 wyprodukowanej w Europie. Monta\u017c odbywa si\u0119 za pomoc\u0105 po\u0142\u0105cze\u0144 gwintowych. Fajka ma \u015bredni, klasyczny rysunek. System nadmuchu sk\u0142ada si\u0119 z pi\u0119ciu zawor\u00f3w, kt\u00f3re pozwalaj\u0105 na natychmiastowe oczyszczenie kolby z dymu, a tak\u017ce sch\u0142odzenie kubka. Z\u0142\u0105cze typu O-ring, oryginalna konstrukcja.<\/p>\n<p>Wysoko\u015b\u0107 fajki wodnej: 510 mm<\/p>\n<p>Ekwipunek:<br \/>\nWa\u0142 -1 szt.<br \/>\nTalerz do fajki wodnej - 1 szt.<br \/>\nUstnik - 1 szt.<br \/>\nW\u0105\u017c silikonowy - 1 szt.<br \/>\nUszczelki - 2 szt.<br \/>\nKolba - 1 szt.<br \/>\nSzczypce - 1 szt.<br \/>\nKomora grzewcza - 1 szt.<br \/>\nKubek - 1 szt.<br \/>\nW\u0119giel 1kg - 1szt.<br \/>\nP\u0142yta - 1szt.<\/p>\n<p>Czy masz jakie\u015b pytania? Skontaktuj si\u0119 z nami <a href=\"https:\/\/hookahshop.lt\/pl\/lacznosc\/\">strona z kontaktami<\/a> lub napisz do nas na adres <a href=\"https:\/\/facebook.com\/HookahShop.lt\/\" target=\"_blank\" rel=\"noopener noreferrer\">konto na Facebooku<\/a> a my odpowiemy na Twoj\u0105 pro\u015bb\u0119 tego samego dnia.<\/p>","protected":false},"excerpt":{"rendered":"<p>Zestaw fajek wodnych BIGMAKS Zero Hookah wykonany jest ze stali nierdzewnej AISI 304 produkowanej w Europie. Monta\u017c odbywa si\u0119 za pomoc\u0105 po\u0142\u0105cze\u0144 gwintowych. Fajka ma \u015bredni, klasyczny rysunek. System nadmuchu sk\u0142ada si\u0119 z pi\u0119ciu zawor\u00f3w, kt\u00f3re umo\u017cliwiaj\u0105 natychmiastowe oczyszczenie kolby z dymu, a tak\u017ce sch\u0142odzenie kubka. Z\u0142\u0105cze typu O-ring, oryginalna konstrukcja. Wysoko\u015b\u0107 fajki wodnej: 510 mm Kompletny zestaw: Trzonek - 1 szt. Talerz do fajki wodnej [\u2026]<\/p>","protected":false},"featured_media":28016,"comment_status":"open","ping_status":"closed","template":"","meta":[],"_links":{"self":[{"href":"https:\/\/hookahshop.lt\/pl\/wp-json\/wp\/v2\/product\/12534"}],"collection":[{"href":"https:\/\/hookahshop.lt\/pl\/wp-json\/wp\/v2\/product"}],"about":[{"href":"https:\/\/hookahshop.lt\/pl\/wp-json\/wp\/v2\/types\/product"}],"replies":[{"embeddable":true,"href":"https:\/\/hookahshop.lt\/pl\/wp-json\/wp\/v2\/comments?post=12534"}],"version-history":[{"count":4,"href":"https:\/\/hookahshop.lt\/pl\/wp-json\/wp\/v2\/product\/12534\/revisions"}],"predecessor-version":[{"id":32201,"href":"https:\/\/hookahshop.lt\/pl\/wp-json\/wp\/v2\/product\/12534\/revisions\/32201"}],"wp:featuredmedia":[{"embeddable":true,"href":"https:\/\/hookahshop.lt\/pl\/wp-json\/wp\/v2\/media\/28016"}],"wp:attachment":[{"href":"https:\/\/hookahshop.lt\/pl\/wp-json\/wp\/v2\/media?parent=12534"}],"curies":[{"name":"wp","href":"https:\/\/api.w.org\/{rel}","templated":true}]}}